{"id":9,"date":"2021-03-01T10:18:23","date_gmt":"2021-03-01T10:18:23","guid":{"rendered":"https:\/\/carpin-mecklenburg.de\/?page_id=9"},"modified":"2026-03-11T19:06:51","modified_gmt":"2026-03-11T20:06:51","slug":"bergfeld","status":"publish","type":"page","link":"https:\/\/carpin-mecklenburg.de\/index.php\/bergfeld\/","title":{"rendered":"Bergfeld"},"content":{"rendered":"<p>&nbsp;<\/p>\n<h2><img loading=\"lazy\" decoding=\"async\" class=\"wp-image-394 aligncenter\" style=\"font-size: 16px;\" src=\"https:\/\/carpin-mecklenburg.de\/wp-content\/uploads\/2021\/09\/bergfeld-dorfschmiede-300x168.jpg\" alt=\"\" width=\"825\" height=\"462\" srcset=\"https:\/\/carpin-mecklenburg.de\/wp-content\/uploads\/2021\/09\/bergfeld-dorfschmiede-300x168.jpg 300w, https:\/\/carpin-mecklenburg.de\/wp-content\/uploads\/2021\/09\/bergfeld-dorfschmiede-768x431.jpg 768w, https:\/\/carpin-mecklenburg.de\/wp-content\/uploads\/2021\/09\/bergfeld-dorfschmiede.jpg 885w\" sizes=\"(max-width: 825px) 100vw, 825px\" \/><\/h2>\n<h3><\/h3>\n<h6>Bergfeld &#8211; ein Dorf zwischen Geschichte und Naturerlebnis<\/h6>\n<p>Eingebettet in die sanfte H\u00fcgellandschaft der Feldberger Seenplatte liegt Bergfeld \u2013 ein Ort, der seine<br \/>\n<strong>700-j\u00e4hrige Geschichte<\/strong> mit einer idyllischen, fast zeitlosen Ruhe verbindet. Wer hier ankommt, sp\u00fcrt sofort die N\u00e4he zu W\u00e4ldern, Seen und weiten Wiesen, die Bergfeld zu einem besonderen Ziel f\u00fcr Naturfreunde machen.<\/p>\n<div><\/div>\n<div><\/div>\n<div><\/div>\n<div><\/div>\n<h6>Ein Dorf mit langer Tradition<\/h6>\n<p>Bergfeld blickt auf eine bewegte Vergangenheit zur\u00fcck. Bereits <strong>1312<\/strong> erstmals erw\u00e4hnt, entwickelte sich der Ort \u00fcber Jahrhunderte rund um Gutshof, Schule und Handwerk. Die <strong>Bahnlinie Neustrelitz\u2013Feldberg<\/strong>, die 1910 er\u00f6ffnet wurde, brachte einst Reisende und Waren in das Dorf. Auch wenn der Zug seit dem Jahr 2000 nicht mehr f\u00e4hrt, ist die alte Strecke bis heute ein stiller Zeuge dieser Zeit.<\/p>\n<p>Die <strong>Dorfschule<\/strong>, die ganze 240 Jahre lang Generationen von Kindern pr\u00e4gte, schloss ebenfalls im Jahr 2000 ihre T\u00fcren \u2013 ein markanter Einschnitt in der Dorfgeschichte.<\/p>\n<div><\/div>\n<div><\/div>\n<div><\/div>\n<h6>Sehenswerte Orte voller Charme<\/h6>\n<p>Wer durch Bergfeld spaziert, entdeckt liebevoll erhaltene historische Geb\u00e4ude, die das Ortsbild pr\u00e4gen:<\/p>\n<ul>\n<li>das <strong>ehemalige Gutshaus<\/strong>, das an die fr\u00fchere Gutsherrschaft erinnert<\/li>\n<li>das <strong>Spritzenhaus<\/strong>, ein kleines Denkmal der d\u00f6rflichen Feuerwehrtradition<\/li>\n<li>die <strong>Dorfschmiede<\/strong>, die 2022 zu einem lebendigen <strong>Dorftreff<\/strong> umgestaltet wurde und heute ein Ort der Begegnung ist<\/li>\n<\/ul>\n<p>Diese Bauwerke erz\u00e4hlen Geschichten \u2013 von Arbeit, Gemeinschaft und dem Wandel eines Dorfes.<\/p>\n<div><\/div>\n<div><\/div>\n<div><\/div>\n<h6>Leben im heutigen Bergfeld<\/h6>\n<p>Mit seinen <strong>160 Einwohnern<\/strong> ist Bergfeld ein kleiner, aber sehr lebendiger Ort. Leerstehende H\u00e4user gibt es nicht \u2013 im Gegenteil: Die Nachfrage nach Immobilien ist hoch. Viele Menschen sch\u00e4tzen die Kombination aus <strong>Naturverbundenheit<\/strong> und <strong>kurzen Wegen<\/strong> zu den umliegenden St\u00e4dten und Einkaufsm\u00f6glichkeiten.<\/p>\n<p>Bergfeld ist damit ein idealer Ausgangspunkt f\u00fcr Wanderungen, Radtouren und Ausfl\u00fcge in die Seenlandschaft \u2013 und gleichzeitig ein Ort, an dem man zur Ruhe kommt.<\/p>\n<p>&nbsp;<\/p>\n<p>&nbsp;<\/p>\n","protected":false},"excerpt":{"rendered":"<p>&nbsp; Bergfeld &#8211; ein Dorf zwischen Geschichte und Naturerlebnis Eingebettet in die sanfte H\u00fcgellandschaft der Feldberger Seenplatte liegt Bergfeld \u2013 ein Ort, der seine 700-j\u00e4hrige Geschichte mit einer idyllischen, fast zeitlosen Ruhe verbindet. Wer hier ankommt, sp\u00fcrt sofort die N\u00e4he zu W\u00e4ldern, Seen und weiten Wiesen, die Bergfeld zu einem besonderen Ziel f\u00fcr Naturfreunde machen. Ein Dorf mit langer Tradition Bergfeld blickt auf eine bewegte Vergangenheit zur\u00fcck. Bereits 1312 erstmals erw\u00e4hnt, entwickelte sich der Ort \u00fcber Jahrhunderte rund um Gutshof, Schule und Handwerk. Die Bahnlinie Neustrelitz\u2013Feldberg, die 1910 er\u00f6ffnet wurde, brachte einst Reisende und Waren in das Dorf. Auch wenn der Zug seit dem Jahr 2000 nicht mehr f\u00e4hrt, ist die alte Strecke bis heute ein stiller Zeuge dieser Zeit. Die Dorfschule, die ganze 240 Jahre lang Generationen von Kindern pr\u00e4gte, schloss ebenfalls im Jahr 2000 ihre T\u00fcren \u2013 ein markanter Einschnitt in der Dorfgeschichte. Sehenswerte Orte voller Charme Wer durch Bergfeld spaziert, entdeckt liebevoll erhaltene historische Geb\u00e4ude, die das Ortsbild pr\u00e4gen: das ehemalige Gutshaus, das an die fr\u00fchere Gutsherrschaft erinnert das Spritzenhaus, ein kleines Denkmal der d\u00f6rflichen Feuerwehrtradition die Dorfschmiede, die 2022 zu einem lebendigen Dorftreff umgestaltet wurde und heute ein Ort der Begegnung ist Diese Bauwerke erz\u00e4hlen Geschichten \u2013 von Arbeit, Gemeinschaft und dem Wandel eines Dorfes. Leben im heutigen Bergfeld Mit seinen 160 Einwohnern ist Bergfeld ein kleiner, aber sehr lebendiger Ort. Leerstehende H\u00e4user gibt es nicht \u2013 im Gegenteil: Die Nachfrage nach Immobilien ist hoch. Viele Menschen sch\u00e4tzen die Kombination aus Naturverbundenheit und kurzen Wegen zu den umliegenden St\u00e4dten und Einkaufsm\u00f6glichkeiten. Bergfeld ist damit ein idealer Ausgangspunkt f\u00fcr Wanderungen, Radtouren und Ausfl\u00fcge in die Seenlandschaft \u2013 und gleichzeitig ein Ort, an dem man zur Ruhe kommt. &nbsp; &nbsp;<\/p>\n","protected":false},"author":4,"featured_media":0,"parent":0,"menu_order":0,"comment_status":"closed","ping_status":"closed","template":"","meta":{"footnotes":""},"class_list":["post-9","page","type-page","status-publish","hentry"],"_links":{"self":[{"href":"https:\/\/carpin-mecklenburg.de\/index.php\/wp-json\/wp\/v2\/pages\/9"}],"collection":[{"href":"https:\/\/carpin-mecklenburg.de\/index.php\/wp-json\/wp\/v2\/pages"}],"about":[{"href":"https:\/\/carpin-mecklenburg.de\/index.php\/wp-json\/wp\/v2\/types\/page"}],"author":[{"embeddable":true,"href":"https:\/\/carpin-mecklenburg.de\/index.php\/wp-json\/wp\/v2\/users\/4"}],"replies":[{"embeddable":true,"href":"https:\/\/carpin-mecklenburg.de\/index.php\/wp-json\/wp\/v2\/comments?post=9"}],"version-history":[{"count":19,"href":"https:\/\/carpin-mecklenburg.de\/index.php\/wp-json\/wp\/v2\/pages\/9\/revisions"}],"predecessor-version":[{"id":1581,"href":"https:\/\/carpin-mecklenburg.de\/index.php\/wp-json\/wp\/v2\/pages\/9\/revisions\/1581"}],"wp:attachment":[{"href":"https:\/\/carpin-mecklenburg.de\/index.php\/wp-json\/wp\/v2\/media?parent=9"}],"curies":[{"name":"wp","href":"https:\/\/api.w.org\/{rel}","templated":true}]}}