{"id":89,"date":"2021-03-03T11:01:15","date_gmt":"2021-03-03T11:01:15","guid":{"rendered":"https:\/\/carpin-mecklenburg.de\/?page_id=89"},"modified":"2026-03-10T14:57:28","modified_gmt":"2026-03-10T15:57:28","slug":"herzlich-willkommen","status":"publish","type":"page","link":"https:\/\/carpin-mecklenburg.de\/","title":{"rendered":"Herzlich Willkommen"},"content":{"rendered":"<p style=\"text-align: center;\"><em>Die Gemeinde Carpin \u2013 eine liebens- und lebenswerte Gemeinde,<br \/>\ngepr\u00e4gt von engagierten Menschen und herrlicher Natur<\/em><\/p>\n<p>&nbsp;<\/p>\n<p style=\"text-align: center;\"><strong>Herzlich Willkommen liebe B\u00fcrgerinnen und B\u00fcrger, liebe G\u00e4ste und Besucher auf unserer Homepage!<\/strong><\/p>\n<p style=\"text-align: center;\">Als B\u00fcrgermeister der Gemeinde Carpin begr\u00fc\u00dfe ich Sie herzlich und freue mich \u00fcber Ihr Interesse<br \/>\nan unserer sch\u00f6nen, lebendigen und liebenswerten Gemeinde.<\/p>\n<p style=\"text-align: center;\">Auf unserer Internetseite finden Sie viel Wissenswertes \u00fcber unsere Ortsteile,<br \/>\nFreizeitangebote, Vereine sowie unsere Gemeindeverwaltung.<\/p>\n<p style=\"text-align: center;\">Die Gemeinde Carpin hat ihre Besonderheiten und ihr Gemeinschaftsleben. Viele ehrenamtliche Helfer wirken eifrig mit in dem Bestreben, in unserer Gemeinde ein attraktives Leben und die Zukunft zu sichern.<\/p>\n<p style=\"text-align: center;\">Wir bem\u00fchen uns, unser Angebot kontinuierlich zu aktualisieren. Schauen Sie regelm\u00e4\u00dfig bei uns rein, es lohnt sich! F\u00fcr Ihre Hinweise und Verbesserungsvorschl\u00e4ge sind wir Ihnen dankbar.<\/p>\n<p style=\"text-align: center;\">Ich w\u00fcnsche Ihnen viel Spa\u00df auf dem Weg durch unser &#8222;digitales Carpin&#8220; und freue mich \u00fcber Ihren Besuch! G\u00f6nnen Sie sich die herrliche Natur mit den reichhaltigen Angeboten f\u00fcr uns Menschen.<\/p>\n<p>&nbsp;<\/p>\n<p style=\"text-align: center;\"><em>Ihr B\u00fcrgermeister Claus Weber<\/em><\/p>\n<hr \/>\n<p style=\"text-align: left;\"><div class='content-column one_half'><div id=\"metaslider-id-1194\" style=\"max-width: 250px; margin: 0 auto;\" class=\"ml-slider-3-91-0 metaslider metaslider-flex metaslider-1194 ml-slider ms-theme-default\" role=\"region\" aria-roledescription=\"Slideshow\" aria-label=\"Impressionen\">\n    <div id=\"metaslider_container_1194\">\n        <div id=\"metaslider_1194\">\n            <ul class='slides'>\n                <li style=\"display: block; width: 100%;\" class=\"slide-1195 ms-image \" aria-roledescription=\"slide\" aria-label=\"slide-1195\"><img loading=\"lazy\" decoding=\"async\" src=\"https:\/\/carpin-mecklenburg.de\/wp-content\/uploads\/2021\/03\/steinmuehle-250x333.jpg\" height=\"333\" width=\"250\" alt=\"\" class=\"slider-1194 slide-1195\" title=\"steinmuehle\" \/><div class=\"caption-wrap\"><div class=\"caption\"><div>IMPRESSIONEN<\/div><\/div><\/div><\/li>\n                <li style=\"display: none; width: 100%;\" class=\"slide-1196 ms-image \" aria-roledescription=\"slide\" aria-label=\"slide-1196\"><img loading=\"lazy\" decoding=\"async\" src=\"https:\/\/carpin-mecklenburg.de\/wp-content\/uploads\/2021\/03\/thurow-kirche-250x333.jpg\" height=\"333\" width=\"250\" alt=\"\" class=\"slider-1194 slide-1196\" title=\"thurow-kirche\" \/><div class=\"caption-wrap\"><div class=\"caption\"><div>IMPRESSIONEN<\/div><\/div><\/div><\/li>\n                <li style=\"display: none; width: 100%;\" class=\"slide-1197 ms-image \" aria-roledescription=\"slide\" aria-label=\"slide-1197\"><img loading=\"lazy\" decoding=\"async\" src=\"https:\/\/carpin-mecklenburg.de\/wp-content\/uploads\/2021\/03\/serrahn-250x333.jpg\" height=\"333\" width=\"250\" alt=\"\" class=\"slider-1194 slide-1197\" title=\"serrahn\" \/><div class=\"caption-wrap\"><div class=\"caption\"><div>IMPRESSIONEN<\/div><\/div><\/div><\/li>\n                <li style=\"display: none; width: 100%;\" class=\"slide-1198 ms-image \" aria-roledescription=\"slide\" aria-label=\"slide-1198\"><img loading=\"lazy\" decoding=\"async\" src=\"https:\/\/carpin-mecklenburg.de\/wp-content\/uploads\/2021\/03\/goldenbaum-stoerche-250x333.jpg\" height=\"333\" width=\"250\" alt=\"\" class=\"slider-1194 slide-1198\" title=\"goldenbaum-stoerche\" \/><div class=\"caption-wrap\"><div class=\"caption\"><div>IMPRESSIONEN<\/div><\/div><\/div><\/li>\n                <li style=\"display: none; width: 100%;\" class=\"slide-1199 ms-image \" aria-roledescription=\"slide\" aria-label=\"slide-1199\"><img loading=\"lazy\" decoding=\"async\" src=\"https:\/\/carpin-mecklenburg.de\/wp-content\/uploads\/2021\/03\/goldenbaum-fruehnebel-250x333.jpg\" height=\"333\" width=\"250\" alt=\"\" class=\"slider-1194 slide-1199\" title=\"goldenbaum-fruehnebel\" \/><div class=\"caption-wrap\"><div class=\"caption\"><div>IMPRESSIONEN<\/div><\/div><\/div><\/li>\n                <li style=\"display: none; width: 100%;\" class=\"slide-1210 ms-image \" aria-roledescription=\"slide\" aria-label=\"slide-1210\"><img loading=\"lazy\" decoding=\"async\" src=\"https:\/\/carpin-mecklenburg.de\/wp-content\/uploads\/2024\/03\/fuechsin-250x333.jpg\" height=\"333\" width=\"250\" alt=\"\" class=\"slider-1194 slide-1210\" title=\"Carpiner F\u00fcchsin\" \/><div class=\"caption-wrap\"><div class=\"caption\"><div>IMPRESSIONEN<\/div><\/div><\/div><\/li>\n            <\/ul>\n        <\/div>\n        \n    <\/div>\n<\/div><\/div><div class='content-column one_half last_column'><div id=\"metaslider-id-1202\" style=\"max-width: 250px; margin: 0 auto;\" class=\"ml-slider-3-91-0 metaslider metaslider-flex metaslider-1202 ml-slider ms-theme-default\" role=\"region\" aria-roledescription=\"Slideshow\" aria-label=\"Gemeindeleben\">\n    <div id=\"metaslider_container_1202\">\n        <div id=\"metaslider_1202\">\n            <ul class='slides'>\n                <li style=\"display: block; width: 100%;\" class=\"slide-1203 ms-image \" aria-roledescription=\"slide\" aria-label=\"slide-1203\"><img loading=\"lazy\" decoding=\"async\" src=\"https:\/\/carpin-mecklenburg.de\/wp-content\/uploads\/2021\/03\/carpin-625-250x333.jpg\" height=\"333\" width=\"250\" alt=\"\" class=\"slider-1202 slide-1203\" title=\"carpin-625\" \/><div class=\"caption-wrap\"><div class=\"caption\"><div>GEMEINDELEBEN<\/div><\/div><\/div><\/li>\n                <li style=\"display: none; width: 100%;\" class=\"slide-1204 ms-image \" aria-roledescription=\"slide\" aria-label=\"slide-1204\"><img loading=\"lazy\" decoding=\"async\" src=\"https:\/\/carpin-mecklenburg.de\/wp-content\/uploads\/2021\/03\/carpin-thw-250x333.jpg\" height=\"333\" width=\"250\" alt=\"\" class=\"slider-1202 slide-1204\" title=\"carpin-thw\" \/><div class=\"caption-wrap\"><div class=\"caption\"><div>GEMEINDELEBEN<\/div><\/div><\/div><\/li>\n                <li style=\"display: none; width: 100%;\" class=\"slide-1205 ms-image \" aria-roledescription=\"slide\" aria-label=\"slide-1205\"><img loading=\"lazy\" decoding=\"async\" src=\"https:\/\/carpin-mecklenburg.de\/wp-content\/uploads\/2021\/03\/ff-hv-2020-250x333.jpg\" height=\"333\" width=\"250\" alt=\"\" class=\"slider-1202 slide-1205\" title=\"ff-hv-2020\" \/><div class=\"caption-wrap\"><div class=\"caption\"><div>GEMEINDELEBEN<\/div><\/div><\/div><\/li>\n                <li style=\"display: none; width: 100%;\" class=\"slide-1206 ms-image \" aria-roledescription=\"slide\" aria-label=\"slide-1206\"><img loading=\"lazy\" decoding=\"async\" src=\"https:\/\/carpin-mecklenburg.de\/wp-content\/uploads\/2021\/03\/ff-team-250x333.jpg\" height=\"333\" width=\"250\" alt=\"\" class=\"slider-1202 slide-1206\" title=\"ff-team\" \/><div class=\"caption-wrap\"><div class=\"caption\"><div>GEMEINDELEBEN<\/div><\/div><\/div><\/li>\n                <li style=\"display: none; width: 100%;\" class=\"slide-1207 ms-image \" aria-roledescription=\"slide\" aria-label=\"slide-1207\"><img loading=\"lazy\" decoding=\"async\" src=\"https:\/\/carpin-mecklenburg.de\/wp-content\/uploads\/2021\/03\/goldenbaum-gemeindeleben-250x333.jpg\" height=\"333\" width=\"250\" alt=\"\" class=\"slider-1202 slide-1207\" title=\"goldenbaum-gemeindeleben\" \/><div class=\"caption-wrap\"><div class=\"caption\"><div>GEMEINDELEBEN<\/div><\/div><\/div><\/li>\n            <\/ul>\n        <\/div>\n        \n    <\/div>\n<\/div><\/div><div class='clear_column'><\/div><\/p>\n","protected":false},"excerpt":{"rendered":"<p>Die Gemeinde Carpin \u2013 eine liebens- und lebenswerte Gemeinde, gepr\u00e4gt von engagierten Menschen und herrlicher Natur &nbsp; Herzlich Willkommen liebe B\u00fcrgerinnen und B\u00fcrger, liebe G\u00e4ste und Besucher auf unserer Homepage! Als B\u00fcrgermeister der Gemeinde Carpin begr\u00fc\u00dfe ich Sie herzlich und freue mich \u00fcber Ihr Interesse an unserer sch\u00f6nen, lebendigen und liebenswerten Gemeinde. Auf unserer Internetseite finden Sie viel Wissenswertes \u00fcber unsere Ortsteile, Freizeitangebote, Vereine sowie unsere Gemeindeverwaltung. Die Gemeinde Carpin hat ihre Besonderheiten und ihr Gemeinschaftsleben. Viele ehrenamtliche Helfer wirken eifrig mit in dem Bestreben, in unserer Gemeinde ein attraktives Leben und die Zukunft zu sichern. Wir bem\u00fchen uns, unser Angebot kontinuierlich zu aktualisieren. Schauen Sie regelm\u00e4\u00dfig bei uns rein, es lohnt sich! F\u00fcr Ihre Hinweise und Verbesserungsvorschl\u00e4ge sind wir Ihnen dankbar. Ich w\u00fcnsche Ihnen viel Spa\u00df auf dem Weg durch unser &#8222;digitales Carpin&#8220; und freue mich \u00fcber Ihren Besuch! G\u00f6nnen Sie sich die herrliche Natur mit den reichhaltigen Angeboten f\u00fcr uns Menschen. &nbsp; Ihr B\u00fcrgermeister Claus Weber<\/p>\n","protected":false},"author":4,"featured_media":0,"parent":0,"menu_order":0,"comment_status":"closed","ping_status":"closed","template":"","meta":{"footnotes":""},"class_list":["post-89","page","type-page","status-publish","hentry"],"_links":{"self":[{"href":"https:\/\/carpin-mecklenburg.de\/index.php\/wp-json\/wp\/v2\/pages\/89"}],"collection":[{"href":"https:\/\/carpin-mecklenburg.de\/index.php\/wp-json\/wp\/v2\/pages"}],"about":[{"href":"https:\/\/carpin-mecklenburg.de\/index.php\/wp-json\/wp\/v2\/types\/page"}],"author":[{"embeddable":true,"href":"https:\/\/carpin-mecklenburg.de\/index.php\/wp-json\/wp\/v2\/users\/4"}],"replies":[{"embeddable":true,"href":"https:\/\/carpin-mecklenburg.de\/index.php\/wp-json\/wp\/v2\/comments?post=89"}],"version-history":[{"count":23,"href":"https:\/\/carpin-mecklenburg.de\/index.php\/wp-json\/wp\/v2\/pages\/89\/revisions"}],"predecessor-version":[{"id":1524,"href":"https:\/\/carpin-mecklenburg.de\/index.php\/wp-json\/wp\/v2\/pages\/89\/revisions\/1524"}],"wp:attachment":[{"href":"https:\/\/carpin-mecklenburg.de\/index.php\/wp-json\/wp\/v2\/media?parent=89"}],"curies":[{"name":"wp","href":"https:\/\/api.w.org\/{rel}","templated":true}]}}