{"id":855,"date":"2024-02-20T10:30:44","date_gmt":"2024-02-20T11:30:44","guid":{"rendered":"https:\/\/carpin-mecklenburg.de\/?page_id=855"},"modified":"2026-03-11T17:53:55","modified_gmt":"2026-03-11T18:53:55","slug":"carpiner-sportgruppe","status":"publish","type":"page","link":"https:\/\/carpin-mecklenburg.de\/index.php\/carpiner-sportgruppe\/","title":{"rendered":"Carpiner Sportgruppe"},"content":{"rendered":"<h5><\/h5>\n<h5 style=\"text-align: left;\"><span style=\"color: #333333;\"><strong>&#8222;Gesundheit ist nicht alles, aber ohne Gesundheit ist alles nichts!&#8220;<\/strong><\/span><\/h5>\n<p>Sport, Bewegung, Lachen und das soziale Miteinander tragen wesentlich zur Gesundheit bei. Aus diesem Anlass wurde bereits im Jahr 1998 die Frauensportgruppe von der unvergessenen Karin Jungk gegr\u00fcndet. Inzwischen sind aus der ehemaligen Frauengruppe drei Gruppen entstanden.<\/p>\n<p>Seit gut zwei Jahren gibt es die Sitzsportgruppe, die Seniorinnen und Senioren mit k\u00f6rperlichen Einschr\u00e4nkungen zum Bewegen animiert. Hier gibt es keine Altersgrenzen. Mit viel Freude und Spa\u00df wird trainiert. Der Sport findet immer mittwochs von 14.30 Uhr bis 15.15 Uhr in der Carpiner Feuerwehr statt. Neue Mitglieder sind hier jederzeit willkommen!<\/p>\n<p>Ebenfalls am Mittwoch nehmen am Abend zwei weitere Gruppen das Angebot wahr. Ziel unseres Trainings ist es, die Leistungsf\u00e4higkeit bis ins hohe Alter zu erhalten. In dieser w\u00f6chentlichen Sportstunde sind \u00dcbungen zur Koordination, zur Sturzprophylaxe, f\u00fcr Kraft und Ausdauer, sowie Dehnungen enthalten.<\/p>\n<p>Das Training wird von Hanne Schuster und Anne Rosenberg geleitet.<\/p>\n<p>Alle haben Freude an der Bewegung, geben nicht auf, wenn es mal anstrengend wird. So hat der Spa\u00df am Sport unsere Gruppen zusammengeschmiedet. Viele andere Aktivit\u00e4ten, wie gemeinsames Feiern, geh\u00f6ren einfach dazu. J\u00e4hrlicher H\u00f6hepunkt ist ein gemeinsames Wochenende an der Ostsee. Das soziale Zusammensein pr\u00e4gt uns neben dem Sport.<\/p>\n<p><img loading=\"lazy\" decoding=\"async\" class=\"aligncenter wp-image-860\" src=\"https:\/\/carpin-mecklenburg.de\/wp-content\/uploads\/2024\/02\/sportgruppe-1024x768.jpg\" alt=\"\" width=\"700\" height=\"525\" srcset=\"https:\/\/carpin-mecklenburg.de\/wp-content\/uploads\/2024\/02\/sportgruppe-1024x768.jpg 1024w, https:\/\/carpin-mecklenburg.de\/wp-content\/uploads\/2024\/02\/sportgruppe-300x225.jpg 300w, https:\/\/carpin-mecklenburg.de\/wp-content\/uploads\/2024\/02\/sportgruppe-768x576.jpg 768w, https:\/\/carpin-mecklenburg.de\/wp-content\/uploads\/2024\/02\/sportgruppe-1140x855.jpg 1140w, https:\/\/carpin-mecklenburg.de\/wp-content\/uploads\/2024\/02\/sportgruppe.jpg 1200w\" sizes=\"(max-width: 700px) 100vw, 700px\" \/><\/p>\n<p style=\"text-align: center;\"><em>Bild von der Sportgruppe aus Anlass des 25j\u00e4hrigen Bestehens.<\/em><br \/>\n<em>Die T-Shirts wurden mit Unterst\u00fctzung der Gemeinde angeschafft.<\/em><\/p>\n<p>&nbsp;<\/p>\n<p>Ansprechpartnerin: Hanne Schuster, Tel.-Nr.: <a href=\"tel:03982140520\">039821 40520<\/a><\/p>\n","protected":false},"excerpt":{"rendered":"<p>&#8222;Gesundheit ist nicht alles, aber ohne Gesundheit ist alles nichts!&#8220; Sport, Bewegung, Lachen und das soziale Miteinander tragen wesentlich zur Gesundheit bei. Aus diesem Anlass wurde bereits im Jahr 1998 die Frauensportgruppe von der unvergessenen Karin Jungk gegr\u00fcndet. Inzwischen sind aus der ehemaligen Frauengruppe drei Gruppen entstanden. Seit gut zwei Jahren gibt es die Sitzsportgruppe, die Seniorinnen und Senioren mit k\u00f6rperlichen Einschr\u00e4nkungen zum Bewegen animiert. Hier gibt es keine Altersgrenzen. Mit viel Freude und Spa\u00df wird trainiert. Der Sport findet immer mittwochs von 14.30 Uhr bis 15.15 Uhr in der Carpiner Feuerwehr statt. Neue Mitglieder sind hier jederzeit willkommen! Ebenfalls am Mittwoch nehmen am Abend zwei weitere Gruppen das Angebot wahr. Ziel unseres Trainings ist es, die Leistungsf\u00e4higkeit bis ins hohe Alter zu erhalten. In dieser w\u00f6chentlichen Sportstunde sind \u00dcbungen zur Koordination, zur Sturzprophylaxe, f\u00fcr Kraft und Ausdauer, sowie Dehnungen enthalten. Das Training wird von Hanne Schuster und Anne Rosenberg geleitet. Alle haben Freude an der Bewegung, geben nicht auf, wenn es mal anstrengend wird. So hat der Spa\u00df am Sport unsere Gruppen zusammengeschmiedet. Viele andere Aktivit\u00e4ten, wie gemeinsames Feiern, geh\u00f6ren einfach dazu. J\u00e4hrlicher H\u00f6hepunkt ist ein gemeinsames Wochenende an der Ostsee. Das soziale Zusammensein pr\u00e4gt uns neben dem Sport. Bild von der Sportgruppe aus Anlass des 25j\u00e4hrigen Bestehens. Die T-Shirts wurden mit Unterst\u00fctzung der Gemeinde angeschafft. &nbsp; Ansprechpartnerin: Hanne Schuster, Tel.-Nr.: 039821 40520<\/p>\n","protected":false},"author":4,"featured_media":0,"parent":0,"menu_order":0,"comment_status":"closed","ping_status":"closed","template":"","meta":{"footnotes":""},"class_list":["post-855","page","type-page","status-publish","hentry"],"_links":{"self":[{"href":"https:\/\/carpin-mecklenburg.de\/index.php\/wp-json\/wp\/v2\/pages\/855"}],"collection":[{"href":"https:\/\/carpin-mecklenburg.de\/index.php\/wp-json\/wp\/v2\/pages"}],"about":[{"href":"https:\/\/carpin-mecklenburg.de\/index.php\/wp-json\/wp\/v2\/types\/page"}],"author":[{"embeddable":true,"href":"https:\/\/carpin-mecklenburg.de\/index.php\/wp-json\/wp\/v2\/users\/4"}],"replies":[{"embeddable":true,"href":"https:\/\/carpin-mecklenburg.de\/index.php\/wp-json\/wp\/v2\/comments?post=855"}],"version-history":[{"count":15,"href":"https:\/\/carpin-mecklenburg.de\/index.php\/wp-json\/wp\/v2\/pages\/855\/revisions"}],"predecessor-version":[{"id":1555,"href":"https:\/\/carpin-mecklenburg.de\/index.php\/wp-json\/wp\/v2\/pages\/855\/revisions\/1555"}],"wp:attachment":[{"href":"https:\/\/carpin-mecklenburg.de\/index.php\/wp-json\/wp\/v2\/media?parent=855"}],"curies":[{"name":"wp","href":"https:\/\/api.w.org\/{rel}","templated":true}]}}