{"id":813,"date":"2024-02-17T15:37:20","date_gmt":"2024-02-17T16:37:20","guid":{"rendered":"https:\/\/carpin-mecklenburg.de\/?page_id=813"},"modified":"2026-03-11T19:17:59","modified_gmt":"2026-03-11T20:17:59","slug":"foerderverein-ffw","status":"publish","type":"page","link":"https:\/\/carpin-mecklenburg.de\/index.php\/foerderverein-ffw\/","title":{"rendered":"F\u00f6rderverein der Freiwilligen Feuerwehr"},"content":{"rendered":"<h2 style=\"text-align: center;\"><\/h2>\n<p>Nicht jeder ist in der Lage, in den aktiven Dienst der Freiwilligen Feuerwehr einzutreten. Dennoch kann man die freiwillige Feuerwehr und damit den Brandschutz in der Gemeinde durch eine Mitgliedschaft im Feuerwehrverein oder eine Spende unterst\u00fctzen.<\/p>\n<p>Der Brandschutz ist eine zentrale Aufgabe der Gemeinde, die f\u00fcr die Ausr\u00fcstung der Feuerwehr und der Feuerwehrh\u00e4user aufkommt. Daneben ergibt sich jedoch immer wieder die Notwendigkeit oder der Wunsch nach Anschaffungen, die von der Gemeinde nicht oder nicht zeitnah finanziert werden k\u00f6nnen.<\/p>\n<p>Genau daran greift die Hilfe des F\u00f6rdervereins, der den Feuerwehrfrauen und -m\u00e4nnern schnell und unb\u00fcrokratisch mit einem Zuschuss helfen kann. Ein wichtiger Bereich, der durch den F\u00f6rderverein unterst\u00fctzt wird, ist die Kinder und Jugendarbeit der Freiwilligen Feuerwehr, die in diesem Bereich auf Spenden und Unterst\u00fctzung angewiesen ist.<\/p>\n<p>Jedes Mitglied unserer Gemeinde, aber auch Freunde und Besucher, sind daher herzlich eingeladen, Mitglied im F\u00f6rderverein der Freiwilligen Feuerwehr der Gemeinde Carpin e.V. zu werden.<\/p>\n<p>Der Verein ist vom Finanzamt Waren als gemeinn\u00fctzig anerkannt. Mitgliedsbeitr\u00e4ge und Spenden sind somit steuerlich abzugsf\u00e4hig.<\/p>\n<p>Ansprechpartner sind der Vereinsvorsitzender Alfred Pichottky und der stellvertretender Vorsitzender G\u00fcnter J. Stolz (Mail: <a href=\"mailto:stolz@steuer-beratung.de\">stolz@steuer-beratung.de<\/a>, Telefon <a href=\"tel:0171 4919602\">0171 4919602<\/a>). Bankverbindung\/Spendenkonto: Sparkasse MST IBAN : DE 05 1505 1732 0100 0021 02<\/p>\n","protected":false},"excerpt":{"rendered":"<p>Nicht jeder ist in der Lage, in den aktiven Dienst der Freiwilligen Feuerwehr einzutreten. Dennoch kann man die freiwillige Feuerwehr und damit den Brandschutz in der Gemeinde durch eine Mitgliedschaft im Feuerwehrverein oder eine Spende unterst\u00fctzen. Der Brandschutz ist eine zentrale Aufgabe der Gemeinde, die f\u00fcr die Ausr\u00fcstung der Feuerwehr und der Feuerwehrh\u00e4user aufkommt. Daneben ergibt sich jedoch immer wieder die Notwendigkeit oder der Wunsch nach Anschaffungen, die von der Gemeinde nicht oder nicht zeitnah finanziert werden k\u00f6nnen. Genau daran greift die Hilfe des F\u00f6rdervereins, der den Feuerwehrfrauen und -m\u00e4nnern schnell und unb\u00fcrokratisch mit einem Zuschuss helfen kann. Ein wichtiger Bereich, der durch den F\u00f6rderverein unterst\u00fctzt wird, ist die Kinder und Jugendarbeit der Freiwilligen Feuerwehr, die in diesem Bereich auf Spenden und Unterst\u00fctzung angewiesen ist. Jedes Mitglied unserer Gemeinde, aber auch Freunde und Besucher, sind daher herzlich eingeladen, Mitglied im F\u00f6rderverein der Freiwilligen Feuerwehr der Gemeinde Carpin e.V. zu werden. Der Verein ist vom Finanzamt Waren als gemeinn\u00fctzig anerkannt. Mitgliedsbeitr\u00e4ge und Spenden sind somit steuerlich abzugsf\u00e4hig. Ansprechpartner sind der Vereinsvorsitzender Alfred Pichottky und der stellvertretender Vorsitzender G\u00fcnter J. Stolz (Mail: stolz@steuer-beratung.de, Telefon 0171 4919602). Bankverbindung\/Spendenkonto: Sparkasse MST IBAN : DE 05 1505 1732 0100 0021 02<\/p>\n","protected":false},"author":4,"featured_media":0,"parent":0,"menu_order":0,"comment_status":"closed","ping_status":"closed","template":"","meta":{"footnotes":""},"class_list":["post-813","page","type-page","status-publish","hentry"],"_links":{"self":[{"href":"https:\/\/carpin-mecklenburg.de\/index.php\/wp-json\/wp\/v2\/pages\/813"}],"collection":[{"href":"https:\/\/carpin-mecklenburg.de\/index.php\/wp-json\/wp\/v2\/pages"}],"about":[{"href":"https:\/\/carpin-mecklenburg.de\/index.php\/wp-json\/wp\/v2\/types\/page"}],"author":[{"embeddable":true,"href":"https:\/\/carpin-mecklenburg.de\/index.php\/wp-json\/wp\/v2\/users\/4"}],"replies":[{"embeddable":true,"href":"https:\/\/carpin-mecklenburg.de\/index.php\/wp-json\/wp\/v2\/comments?post=813"}],"version-history":[{"count":7,"href":"https:\/\/carpin-mecklenburg.de\/index.php\/wp-json\/wp\/v2\/pages\/813\/revisions"}],"predecessor-version":[{"id":1376,"href":"https:\/\/carpin-mecklenburg.de\/index.php\/wp-json\/wp\/v2\/pages\/813\/revisions\/1376"}],"wp:attachment":[{"href":"https:\/\/carpin-mecklenburg.de\/index.php\/wp-json\/wp\/v2\/media?parent=813"}],"curies":[{"name":"wp","href":"https:\/\/api.w.org\/{rel}","templated":true}]}}