{"id":794,"date":"2024-02-16T12:45:16","date_gmt":"2024-02-16T13:45:16","guid":{"rendered":"https:\/\/carpin-mecklenburg.de\/?page_id=794"},"modified":"2025-03-09T18:45:50","modified_gmt":"2025-03-09T19:45:50","slug":"willkommen-baby","status":"publish","type":"page","link":"https:\/\/carpin-mecklenburg.de\/index.php\/willkommen-baby\/","title":{"rendered":"Willkommen Baby"},"content":{"rendered":"<p style=\"text-align: left;\"><span style=\"color: #0000ff;\"><strong><img loading=\"lazy\" decoding=\"async\" class=\"alignleft wp-image-498\" src=\"https:\/\/carpin-mecklenburg.de\/wp-content\/uploads\/2024\/02\/wappenfi-300x300.png\" alt=\"\" width=\"120\" height=\"120\" srcset=\"https:\/\/carpin-mecklenburg.de\/wp-content\/uploads\/2024\/02\/wappenfi-300x300.png 300w, https:\/\/carpin-mecklenburg.de\/wp-content\/uploads\/2024\/02\/wappenfi-150x150.png 150w, https:\/\/carpin-mecklenburg.de\/wp-content\/uploads\/2024\/02\/wappenfi-75x75.png 75w, https:\/\/carpin-mecklenburg.de\/wp-content\/uploads\/2024\/02\/wappenfi.png 512w\" sizes=\"(max-width: 120px) 100vw, 120px\" \/><\/strong><\/span>Die Geburt eines Babys ist immer ein besonderes Ereignis. Die Zeit mit einem neugeborenen Kind bringt Familien Gl\u00fcck, Freude und viele neue Erfahrungen.<br \/>\nIn diesem wichtigen Lebensabschnitt m\u00f6chte die Gemeinde Carpin, seit Januar 2022, junge Familien mit einem Willkommensgeld in H\u00f6he von 100,00 \u20ac unterst\u00fctzen und das Neugeborene willkommen hei\u00dfen.<br \/>\nWeitere Informationen finden Sie hier: <a href=\"https:\/\/carpin-mecklenburg.de\/wp-content\/uploads\/2024\/02\/WillkommensgeldRichtlinie.pdf\" target=\"_blank\" rel=\"noopener\">Willkommensgeld<\/a><\/p>\n","protected":false},"excerpt":{"rendered":"<p>Die Geburt eines Babys ist immer ein besonderes Ereignis. Die Zeit mit einem neugeborenen Kind bringt Familien Gl\u00fcck, Freude und viele neue Erfahrungen. In diesem wichtigen Lebensabschnitt m\u00f6chte die Gemeinde Carpin, seit Januar 2022, junge Familien mit einem Willkommensgeld in H\u00f6he von 100,00 \u20ac unterst\u00fctzen und das Neugeborene willkommen hei\u00dfen. Weitere Informationen finden Sie hier: Willkommensgeld<\/p>\n","protected":false},"author":4,"featured_media":0,"parent":0,"menu_order":0,"comment_status":"closed","ping_status":"closed","template":"","meta":{"footnotes":""},"class_list":["post-794","page","type-page","status-publish","hentry"],"_links":{"self":[{"href":"https:\/\/carpin-mecklenburg.de\/index.php\/wp-json\/wp\/v2\/pages\/794"}],"collection":[{"href":"https:\/\/carpin-mecklenburg.de\/index.php\/wp-json\/wp\/v2\/pages"}],"about":[{"href":"https:\/\/carpin-mecklenburg.de\/index.php\/wp-json\/wp\/v2\/types\/page"}],"author":[{"embeddable":true,"href":"https:\/\/carpin-mecklenburg.de\/index.php\/wp-json\/wp\/v2\/users\/4"}],"replies":[{"embeddable":true,"href":"https:\/\/carpin-mecklenburg.de\/index.php\/wp-json\/wp\/v2\/comments?post=794"}],"version-history":[{"count":5,"href":"https:\/\/carpin-mecklenburg.de\/index.php\/wp-json\/wp\/v2\/pages\/794\/revisions"}],"predecessor-version":[{"id":1381,"href":"https:\/\/carpin-mecklenburg.de\/index.php\/wp-json\/wp\/v2\/pages\/794\/revisions\/1381"}],"wp:attachment":[{"href":"https:\/\/carpin-mecklenburg.de\/index.php\/wp-json\/wp\/v2\/media?parent=794"}],"curies":[{"name":"wp","href":"https:\/\/api.w.org\/{rel}","templated":true}]}}