{"id":73,"date":"2021-03-01T11:08:54","date_gmt":"2021-03-01T11:08:54","guid":{"rendered":"https:\/\/carpin-mecklenburg.de\/?page_id=73"},"modified":"2024-02-20T13:39:18","modified_gmt":"2024-02-20T14:39:18","slug":"kontakt","status":"publish","type":"page","link":"https:\/\/carpin-mecklenburg.de\/index.php\/kontakt\/","title":{"rendered":"Kontakt"},"content":{"rendered":"<p>M\u00f6chten Sie mit uns in Kontakt treten, sei es, um einen Termin zu vereinbaren oder aus anderen Gr\u00fcnden, dann k\u00f6nnen Sie uns hier eine Nachricht senden.<\/p>\n<div class=\"forminator-ui forminator-custom-form forminator-custom-form-862 forminator-design--default  forminator_ajax\" data-forminator-render=\"0\" data-form=\"forminator-module-862\" data-uid=\"69f6302707bff\"><br\/><\/div><form\n\t\t\t\tid=\"forminator-module-862\"\n\t\t\t\tclass=\"forminator-ui forminator-custom-form forminator-custom-form-862 forminator-design--default  forminator_ajax\"\n\t\t\t\tmethod=\"post\"\n\t\t\t\tdata-forminator-render=\"0\"\n\t\t\t\tdata-form-id=\"862\"\n\t\t\t\t\n\t\t\t\tdata-design=\"default\"\n\t\t\t\t\n\t\t\t\t\n\t\t\t\t\n\t\t\t\tdata-grid=\"open\"\n\t\t\t\t\n\t\t\t\t\n\t\t\t\tstyle=\"display: none;\"\n\t\t\t\t\n\t\t\t\tdata-uid=\"69f6302707bff\"\n\t\t\t><div role=\"alert\" aria-live=\"polite\" class=\"forminator-response-message forminator-error\" aria-hidden=\"true\"><\/div><div class=\"forminator-row\"><div id=\"name-1\" class=\"forminator-field-name forminator-col forminator-col-12 \"><div class=\"forminator-field\"><label for=\"forminator-field-name-1_69f6302707bff\" id=\"forminator-field-name-1_69f6302707bff-label\" class=\"forminator-label\">Ihr Name <span class=\"forminator-required\">*<\/span><\/label><input type=\"text\" name=\"name-1\" value=\"\" placeholder=\"Frau M\u00fcller, Herr Meier, ...\" id=\"forminator-field-name-1_69f6302707bff\" class=\"forminator-input forminator-name--field\" aria-required=\"true\" \/><\/div><\/div><\/div><div class=\"forminator-row\"><div id=\"email-1\" class=\"forminator-field-email forminator-col forminator-col-12 \"><div class=\"forminator-field\"><label for=\"forminator-field-email-1_69f6302707bff\" id=\"forminator-field-email-1_69f6302707bff-label\" class=\"forminator-label\">E-Mail-Adresse <span class=\"forminator-required\">*<\/span><\/label><input type=\"email\" name=\"email-1\" value=\"\" placeholder=\"ihre@email.de\" id=\"forminator-field-email-1_69f6302707bff\" class=\"forminator-input forminator-email--field\" data-required=\"1\" aria-required=\"true\" \/><\/div><\/div><\/div><div class=\"forminator-row\"><div id=\"phone-1\" class=\"forminator-field-phone forminator-col forminator-col-12 \"><div class=\"forminator-field\"><label for=\"forminator-field-phone-1_69f6302707bff\" id=\"forminator-field-phone-1_69f6302707bff-label\" class=\"forminator-label\">Telefonnummer<\/label><input type=\"text\" name=\"phone-1\" value=\"\" placeholder=\"+49 0170123456789\" id=\"forminator-field-phone-1_69f6302707bff\" class=\"forminator-input forminator-field--phone\" data-required=\"\" aria-required=\"false\" autocomplete=\"off\" \/><\/div><\/div><\/div><div class=\"forminator-row\"><div id=\"textarea-1\" class=\"forminator-field-textarea forminator-col forminator-col-12 \"><div class=\"forminator-field\"><label for=\"forminator-field-textarea-1_69f6302707bff\" id=\"forminator-field-textarea-1_69f6302707bff-label\" class=\"forminator-label\">Ihre Nachricht <span class=\"forminator-required\">*<\/span><\/label><textarea name=\"textarea-1\" placeholder=\"Ihre Nachricht an uns ...\" id=\"forminator-field-textarea-1_69f6302707bff\" class=\"forminator-textarea\" rows=\"6\" style=\"min-height:140px;\" ><\/textarea><span id=\"forminator-field-textarea-1_69f6302707bff-description\" class=\"forminator-description\"><span data-limit=\"180\" data-type=\"words\">0 \/ 180<\/span><\/span><\/div><\/div><\/div><div class=\"forminator-row\"><div id=\"checkbox-1\" class=\"forminator-field-checkbox forminator-col forminator-col-12 \"><div role=\"group\" class=\"forminator-field required\" aria-labelledby=\"forminator-checkbox-group-69f6302707bff-label\"><span id=\"forminator-checkbox-group-69f6302707bff-label\" class=\"forminator-label\">Datenschutz <span class=\"forminator-required\">*<\/span><\/span><label id=\"forminator-field-checkbox-1-1-69f6302707bff-label\" for=\"forminator-field-checkbox-1-1-69f6302707bff\" class=\"forminator-checkbox\" title=\"Ich habe die Datenschutzerkl\u00e4rung gelesen und bin damit einverstanden, dass die von mir angegebenen Daten elektronisch erhoben und gespeichert werden. Meine Daten werden dabei nur streng zweckgebunden zur Bearbeitung und Beantwortung meiner Anfrage benutzt. Mit dem Absenden des Kontaktformulars erkl\u00e4re ich mich mit der Verarbeitung einverstanden.\"><input type=\"checkbox\" name=\"checkbox-1[]\" value=\"ich-habe-die-datenschutzerkl\u00e4rung-gelesen-und-bin-damit-einverstanden-dass-die-von-mir-angegebenen-daten-elektronisch-erhoben-und-gespeichert-werden-meine-daten-werden-dabei-nur-streng-zweckgebunden-zur-bearbeitung-und-beantwortung-meiner-anfrage-benutzt-mit-dem-absenden-des-kontaktformulars-erkl\u00e4re-ich-mich-mit-der-verarbeitung-einverstanden\" id=\"forminator-field-checkbox-1-1-69f6302707bff\" aria-labelledby=\"forminator-field-checkbox-1-1-69f6302707bff-label\" data-calculation=\"0\"  \/><span class=\"forminator-checkbox-box\" aria-hidden=\"true\"><\/span><span class=\"forminator-checkbox-label\">Ich habe die Datenschutzerkl\u00e4rung gelesen und bin damit einverstanden, dass die von mir angegebenen Daten elektronisch erhoben und gespeichert werden. Meine Daten werden dabei nur streng zweckgebunden zur Bearbeitung und Beantwortung meiner Anfrage benutzt. Mit dem Absenden des Kontaktformulars erkl\u00e4re ich mich mit der Verarbeitung einverstanden.<\/span><\/label><\/div><\/div><\/div><input type=\"hidden\" name=\"referer_url\" value=\"\" \/><div class=\"forminator-row forminator-row-last\"><div class=\"forminator-col\"><div class=\"forminator-field\"><button class=\"forminator-button forminator-button-submit\">Nachricht senden<\/button><\/div><\/div><\/div><input type=\"hidden\" id=\"forminator_nonce\" name=\"forminator_nonce\" value=\"7bc83f6aaa\" \/><input type=\"hidden\" name=\"_wp_http_referer\" value=\"\/index.php\/wp-json\/wp\/v2\/pages\/73\" \/><input type=\"hidden\" name=\"form_id\" value=\"862\"><input type=\"hidden\" name=\"page_id\" value=\"73\"><input type=\"hidden\" name=\"form_type\" value=\"default\"><input type=\"hidden\" name=\"current_url\" value=\"https:\/\/carpin-mecklenburg.de\/index.php\/kontakt\/\"><input type=\"hidden\" name=\"render_id\" value=\"0\"><input type=\"hidden\" name=\"action\" value=\"forminator_submit_form_custom-forms\"><\/form>\n","protected":false},"excerpt":{"rendered":"<p>M\u00f6chten Sie mit uns in Kontakt treten, sei es, um einen Termin zu vereinbaren oder aus anderen Gr\u00fcnden, dann k\u00f6nnen Sie uns hier eine Nachricht senden.<\/p>\n","protected":false},"author":4,"featured_media":0,"parent":0,"menu_order":0,"comment_status":"closed","ping_status":"closed","template":"","meta":{"footnotes":""},"class_list":["post-73","page","type-page","status-publish","hentry"],"_links":{"self":[{"href":"https:\/\/carpin-mecklenburg.de\/index.php\/wp-json\/wp\/v2\/pages\/73"}],"collection":[{"href":"https:\/\/carpin-mecklenburg.de\/index.php\/wp-json\/wp\/v2\/pages"}],"about":[{"href":"https:\/\/carpin-mecklenburg.de\/index.php\/wp-json\/wp\/v2\/types\/page"}],"author":[{"embeddable":true,"href":"https:\/\/carpin-mecklenburg.de\/index.php\/wp-json\/wp\/v2\/users\/4"}],"replies":[{"embeddable":true,"href":"https:\/\/carpin-mecklenburg.de\/index.php\/wp-json\/wp\/v2\/comments?post=73"}],"version-history":[{"count":3,"href":"https:\/\/carpin-mecklenburg.de\/index.php\/wp-json\/wp\/v2\/pages\/73\/revisions"}],"predecessor-version":[{"id":864,"href":"https:\/\/carpin-mecklenburg.de\/index.php\/wp-json\/wp\/v2\/pages\/73\/revisions\/864"}],"wp:attachment":[{"href":"https:\/\/carpin-mecklenburg.de\/index.php\/wp-json\/wp\/v2\/media?parent=73"}],"curies":[{"name":"wp","href":"https:\/\/api.w.org\/{rel}","templated":true}]}}