{"id":703,"date":"2024-02-14T15:28:16","date_gmt":"2024-02-14T16:28:16","guid":{"rendered":"https:\/\/carpin-mecklenburg.de\/?page_id=703"},"modified":"2024-03-05T12:27:29","modified_gmt":"2024-03-05T13:27:29","slug":"impressionen","status":"publish","type":"page","link":"https:\/\/carpin-mecklenburg.de\/index.php\/impressionen\/","title":{"rendered":"Impressionen"},"content":{"rendered":"<p>Wie sch\u00f6n die Natur im M\u00fcritz-Nationalpark ist, l\u00e4\u00dft sich mit Worten nur schlecht beschreiben. Daher sehen Sie hier einige wenige Impressionen. Vielleicht inspirieren Sie diese dazu, Ihren n\u00e4chsten Urlaub in der Gemeinde Carpin oder deren Umgebung zu verbringen. Wir w\u00fcrden uns freuen, Sie hier bei uns begr\u00fc\u00dfen zu d\u00fcrfen.<\/p>\n<p style=\"text-align: center;\"><div id=\"metaslider-id-708\" style=\"max-width: 640px; margin: 0 auto;\" class=\"ml-slider-3-91-0 metaslider metaslider-flex metaslider-708 ml-slider ms-theme-default\" role=\"region\" aria-roledescription=\"Slideshow\" aria-label=\"Nationalpark Impressionen\">\n    <div id=\"metaslider_container_708\">\n        <div id=\"metaslider_708\">\n            <ul class='slides'>\n                <li style=\"display: block; width: 100%;\" class=\"slide-722 ms-image \" aria-roledescription=\"slide\" aria-label=\"slide-722\"><img loading=\"lazy\" decoding=\"async\" src=\"https:\/\/carpin-mecklenburg.de\/wp-content\/uploads\/2024\/02\/natur_01.jpg\" height=\"480\" width=\"640\" alt=\"\" class=\"slider-708 slide-722\" title=\"M\u00fcritz-Nationalpark - Wundersch\u00f6ne Natur\" \/><\/li>\n                <li style=\"display: none; width: 100%;\" class=\"slide-723 ms-image \" aria-roledescription=\"slide\" aria-label=\"slide-723\"><img loading=\"lazy\" decoding=\"async\" src=\"https:\/\/carpin-mecklenburg.de\/wp-content\/uploads\/2024\/02\/natur_02.jpg\" height=\"480\" width=\"640\" alt=\"\" class=\"slider-708 slide-723\" title=\"M\u00fcritz-Nationalpark - Wundersch\u00f6ne Natur\" \/><\/li>\n                <li style=\"display: none; width: 100%;\" class=\"slide-724 ms-image \" aria-roledescription=\"slide\" aria-label=\"slide-724\"><img loading=\"lazy\" decoding=\"async\" src=\"https:\/\/carpin-mecklenburg.de\/wp-content\/uploads\/2024\/02\/natur_03.jpg\" height=\"480\" width=\"640\" alt=\"\" class=\"slider-708 slide-724\" title=\"M\u00fcritz-Nationalpark - Wundersch\u00f6ne Natur\" \/><\/li>\n                <li style=\"display: none; width: 100%;\" class=\"slide-725 ms-image \" aria-roledescription=\"slide\" aria-label=\"slide-725\"><img loading=\"lazy\" decoding=\"async\" src=\"https:\/\/carpin-mecklenburg.de\/wp-content\/uploads\/2024\/02\/natur_04.jpg\" height=\"480\" width=\"640\" alt=\"\" class=\"slider-708 slide-725\" title=\"M\u00fcritz-Nationalpark - Wundersch\u00f6ne Natur\" \/><\/li>\n                <li style=\"display: none; width: 100%;\" class=\"slide-726 ms-image \" aria-roledescription=\"slide\" aria-label=\"slide-726\"><img loading=\"lazy\" decoding=\"async\" src=\"https:\/\/carpin-mecklenburg.de\/wp-content\/uploads\/2024\/02\/natur_05.jpg\" height=\"480\" width=\"640\" alt=\"\" class=\"slider-708 slide-726\" title=\"M\u00fcritz-Nationalpark - Wundersch\u00f6ne Natur\" \/><\/li>\n                <li style=\"display: none; width: 100%;\" class=\"slide-727 ms-image \" aria-roledescription=\"slide\" aria-label=\"slide-727\"><img loading=\"lazy\" decoding=\"async\" src=\"https:\/\/carpin-mecklenburg.de\/wp-content\/uploads\/2024\/02\/natur_06.jpg\" height=\"480\" width=\"640\" alt=\"\" class=\"slider-708 slide-727\" title=\"M\u00fcritz-Nationalpark - Wundersch\u00f6ne Natur\" \/><\/li>\n                <li style=\"display: none; width: 100%;\" class=\"slide-728 ms-image \" aria-roledescription=\"slide\" aria-label=\"slide-728\"><img loading=\"lazy\" decoding=\"async\" src=\"https:\/\/carpin-mecklenburg.de\/wp-content\/uploads\/2024\/02\/natur_07.jpg\" height=\"480\" width=\"640\" alt=\"\" class=\"slider-708 slide-728\" title=\"M\u00fcritz-Nationalpark - Wundersch\u00f6ne Natur\" \/><\/li>\n                <li style=\"display: none; width: 100%;\" class=\"slide-729 ms-image \" aria-roledescription=\"slide\" aria-label=\"slide-729\"><img loading=\"lazy\" decoding=\"async\" src=\"https:\/\/carpin-mecklenburg.de\/wp-content\/uploads\/2024\/02\/natur_08.jpg\" height=\"480\" width=\"640\" alt=\"\" class=\"slider-708 slide-729\" title=\"M\u00fcritz-Nationalpark - Wundersch\u00f6ne Natur\" \/><\/li>\n                <li style=\"display: none; width: 100%;\" class=\"slide-730 ms-image \" aria-roledescription=\"slide\" aria-label=\"slide-730\"><img loading=\"lazy\" decoding=\"async\" src=\"https:\/\/carpin-mecklenburg.de\/wp-content\/uploads\/2024\/02\/natur_09.jpg\" height=\"480\" width=\"640\" alt=\"\" class=\"slider-708 slide-730\" title=\"M\u00fcritz-Nationalpark - Wundersch\u00f6ne Natur\" \/><\/li>\n                <li style=\"display: none; width: 100%;\" class=\"slide-731 ms-image \" aria-roledescription=\"slide\" aria-label=\"slide-731\"><img loading=\"lazy\" decoding=\"async\" src=\"https:\/\/carpin-mecklenburg.de\/wp-content\/uploads\/2024\/02\/natur_10.jpg\" height=\"480\" width=\"640\" alt=\"\" class=\"slider-708 slide-731\" title=\"M\u00fcritz-Nationalpark - Wundersch\u00f6ne Natur\" \/><\/li>\n                <li style=\"display: none; width: 100%;\" class=\"slide-732 ms-image \" aria-roledescription=\"slide\" aria-label=\"slide-732\"><img loading=\"lazy\" decoding=\"async\" src=\"https:\/\/carpin-mecklenburg.de\/wp-content\/uploads\/2024\/02\/natur_11.jpg\" height=\"480\" width=\"640\" alt=\"\" class=\"slider-708 slide-732\" title=\"M\u00fcritz-Nationalpark - Wundersch\u00f6ne Natur\" \/><\/li>\n                <li style=\"display: none; width: 100%;\" class=\"slide-733 ms-image \" aria-roledescription=\"slide\" aria-label=\"slide-733\"><img loading=\"lazy\" decoding=\"async\" src=\"https:\/\/carpin-mecklenburg.de\/wp-content\/uploads\/2024\/02\/natur_12.jpg\" height=\"480\" width=\"640\" alt=\"\" class=\"slider-708 slide-733\" title=\"M\u00fcritz-Nationalpark - Wundersch\u00f6ne Natur\" \/><\/li>\n                <li style=\"display: none; width: 100%;\" class=\"slide-734 ms-image \" aria-roledescription=\"slide\" aria-label=\"slide-734\"><img loading=\"lazy\" decoding=\"async\" src=\"https:\/\/carpin-mecklenburg.de\/wp-content\/uploads\/2024\/02\/natur_13.jpg\" height=\"480\" width=\"640\" alt=\"\" class=\"slider-708 slide-734\" title=\"M\u00fcritz-Nationalpark - Wundersch\u00f6ne Natur\" \/><\/li>\n            <\/ul>\n        <\/div>\n        \n    <\/div>\n<\/div><\/p>\n<hr \/>\n<p><strong>Fotos mit freundlicher Genehmigung von Simone Marquardt \u00a9<\/strong><\/p>\n","protected":false},"excerpt":{"rendered":"<p>Wie sch\u00f6n die Natur im M\u00fcritz-Nationalpark ist, l\u00e4\u00dft sich mit Worten nur schlecht beschreiben. Daher sehen Sie hier einige wenige Impressionen. Vielleicht inspirieren Sie diese dazu, Ihren n\u00e4chsten Urlaub in der Gemeinde Carpin oder deren Umgebung zu verbringen. Wir w\u00fcrden uns freuen, Sie hier bei uns begr\u00fc\u00dfen zu d\u00fcrfen. Fotos mit freundlicher Genehmigung von Simone Marquardt \u00a9<\/p>\n","protected":false},"author":4,"featured_media":0,"parent":0,"menu_order":0,"comment_status":"closed","ping_status":"closed","template":"","meta":{"footnotes":""},"class_list":["post-703","page","type-page","status-publish","hentry"],"_links":{"self":[{"href":"https:\/\/carpin-mecklenburg.de\/index.php\/wp-json\/wp\/v2\/pages\/703"}],"collection":[{"href":"https:\/\/carpin-mecklenburg.de\/index.php\/wp-json\/wp\/v2\/pages"}],"about":[{"href":"https:\/\/carpin-mecklenburg.de\/index.php\/wp-json\/wp\/v2\/types\/page"}],"author":[{"embeddable":true,"href":"https:\/\/carpin-mecklenburg.de\/index.php\/wp-json\/wp\/v2\/users\/4"}],"replies":[{"embeddable":true,"href":"https:\/\/carpin-mecklenburg.de\/index.php\/wp-json\/wp\/v2\/comments?post=703"}],"version-history":[{"count":4,"href":"https:\/\/carpin-mecklenburg.de\/index.php\/wp-json\/wp\/v2\/pages\/703\/revisions"}],"predecessor-version":[{"id":1190,"href":"https:\/\/carpin-mecklenburg.de\/index.php\/wp-json\/wp\/v2\/pages\/703\/revisions\/1190"}],"wp:attachment":[{"href":"https:\/\/carpin-mecklenburg.de\/index.php\/wp-json\/wp\/v2\/media?parent=703"}],"curies":[{"name":"wp","href":"https:\/\/api.w.org\/{rel}","templated":true}]}}