{"id":7,"date":"2021-03-01T10:18:05","date_gmt":"2021-03-01T10:18:05","guid":{"rendered":"https:\/\/carpin-mecklenburg.de\/?page_id=7"},"modified":"2026-03-11T18:22:35","modified_gmt":"2026-03-11T19:22:35","slug":"carpin","status":"publish","type":"page","link":"https:\/\/carpin-mecklenburg.de\/index.php\/carpin\/","title":{"rendered":"Carpin"},"content":{"rendered":"<p>Erstmals urkundlich erw\u00e4hnt wurde Carpin im Jahr 1393. Es liegt zirka 15 Kilometer \u00f6stlich von Neustrelitz, mit vielen Seen mit Bade- und Angelm\u00f6glichkeiten, in einer der reizvollsten Gro\u00dflandschaften Mitteleuropas, dem M\u00fcritz-Nationalpark. In der Gemeinde befinden sich eine Gastst\u00e4tte mit \u00dcbernachtungsm\u00f6glichkeiten, Kosmetiksalon, Goldschmiedin, K\u00fcnstler, Hundefriseur, Kindertagesst\u00e4tte sowie private Handwerker- und Gewerbebetriebe. Au\u00dferdem hat die Gemeinde viel Sehenswertes zu bieten.<\/p>\n<p><img loading=\"lazy\" decoding=\"async\" class=\"size-full wp-image-311 alignleft\" src=\"https:\/\/carpin-mecklenburg.de\/wp-content\/uploads\/2021\/08\/carpin-luftaufnahme.jpg\" alt=\"\" width=\"250\" height=\"152\" \/><\/p>\n<p>In Carpin findet der Besucher eine Informationstafel zum nahegelegenen M\u00fcritz-Nationalpark. Inmitten des Serrahner Teils des M\u00fcritz-Nationalparks liegt Serrahn. Die alten Buchenw\u00e4lder in Serrahn geh\u00f6ren seit 2012 zum Weltnaturerbe. Moore, naturnahe W\u00e4lder und Seen bedecken rund 1800 Hektar. Zwischen dem gro\u00dfen Serrahnsee und Schweingartensee befindet sich eine Wasserscheide.<\/p>\n<p>Herrlich gelegen ist auch Steinm\u00fchle. 1991 wurde dort das Waldschulheim er\u00f6ffnet, mit dem Ziel, der Jugend die Natur n\u00e4her zu bringen.<\/p>\n<p>Auch in Bergfeld sind das Gutshaus, das Spritzenhaus und die alte Schmiede sehenswert. Im Gutshof in Bergfeld gibt es einen Hofladen. Die alte Schmiede wurde 1985 der \u00d6ffentlichkeit als Heimatstube \u00fcbergeben. Heute wird sie auch als Informationsstelle f\u00fcr den M\u00fcritz-Nationalpark genutzt (Informationstafel).<br \/>\nIn Thurow \u2013Teerofen laden eine Sitzgruppe und eine Infotafel zum Verweilen ein.<br \/>\nIn Goldenbaum kann am Forsthof das Storchennest bewundert werden. Das Cafe Kudu bietet auch Beherbungsm\u00f6glichkeiten.<\/p>\n<hr \/>\n<h1><span style=\"color: #000000;\"><span style=\"font-family: Arial, serif;\">Kapelle in Carpin<\/span><\/span><\/h1>\n<p><img loading=\"lazy\" decoding=\"async\" class=\"alignleft\" src=\"data:image\/jpeg;base64,\/9j\/4AAQSkZJRgABAQEAYABgAAD\/2wBDAAgGBgcGBQgHBwcJCQgKDBQNDAsLDBkSEw8UHRofHh0aHBwgJC4nICIsIxwcKDcpLDAxNDQ0Hyc5PTgyPC4zNDL\/2wBDAQkJCQwLDBgNDRgyIRwhMjIyMjIyMjIyMjIyMjIyMjIyMjIyMjIyMjIyMjIyMjIyMjIyMjIyMjIyMjIyMjIyMjL\/wgARCAEEAMIDASIAAhEBAxEB\/8QAGwAAAgMBAQEAAAAAAAAAAAAAAAIDBAUBBgf\/xAAZAQADAQEBAAAAAAAAAAAAAAAAAQIDBAX\/2gAMAwEAAhADEAAAAcRu99HkXrdEo4NRhnBgFGAUbiOHQFGAUYBeOAnH4CDAN0dpOv0SDgKMAg4NBwEHAQcBBwEHAQcCPknAQcAZ+iUcEg4CD8BRph1h+AowCjAKMAowC970EHAjHAkJONIOAg4CD8Q+nk6GelOu5cIONIOAg4CDgKMAowCjATck4xOSIjhFYBBxiaNHYxvE5ItwoxYowCjAKMAowCjAKMByHL1eTXJlz0w1fe85uXOsPa7ecyM3W4+m1W8x61NCra6Mggs6Qg5coOAg4CDgRkgHi9nuP5vVZpzV0++18Z7jbOWG5h0sXVo3h5HNrzweyz8z0eGudp5thu2LL38SD8aUwd2LYbukRjgeOgu5\/mdjCvDT2mdd0VeRe9OUMD2ZqOnc4581uw4817OhP3DaHQybAbHnbUGuXmrlrJy099P4T1vXz3hzXL59z6H884erkvPWxUtLnenHqdr0U5eWc7JG5eZkavB+a9l5mlnfqqVm3lrVMq5FT0NJZfl5tXFuPVHkzbP6NY85oy4c30vlLnR5lSaRdxEqzW1r+UuBtGWrnRfKkHbzXUedrZLQ\/Tef5Pnb6OW8XqULcudeZPUFLL9v4\/1FzjNk6mmapLLrHlmktZ6bKvFrmSLiw9yHK2AbhzSaXqfM+xRVz\/QKjyVP3dDOvNNzvH1BwHDF6TymuVfYytvozW3DZc5ya1bLQgnToyfG3HxvHv3qydYlOjOn7PxXtUpud4l2rZrZ6eXTqcnT0QTllwKDx9b3yHseiI45+b5wyTQqpo5FpRcbkOxJmuix3vNZz\/b+I9vKl4yiKN7MzvzTSJwbxDiTUtAS89qXubXW7PzRORw2tEzu0rb57tW0qQ3OwUZKlPaeL9Yi7Wil5tky5sjkuJWeM4jONXbOtmlduM7YgmBhlLWGcp1ySairy0rqmt5GUfa+W20W8ipDlNjlOAz08yrbshITRbHGMHG0wPg0SFZutvxQG71Uu850Z1eMbJ0YqIY3o3M1eavaeatIEgglrgYaJcAEYEQWAJIQQkIUSTACQAFfSCzKQLVWULKvQp1gG\/\/EAC8QAAIBBAAEBAYCAgMAAAAAAAECAwAEERIFEyExEBQiQSMwMjNAQhUkIDQmRGD\/2gAIAQEAAQUC\/wDSY\/Jx8kREx\/jpGzkRhbRxEF\/HAxY\/kf8AQ\/CyMiVCfHHW0XmWTDDfOhYtHcxsytcM6RhordCaglMjeAKWkBdjwOKbz0eQfnQTYqFudCw5TtmlbL2Yy9QxbNxK6NzKq\/8AHkle3mJW8hDYoHNNMqv3+UwaJ7e40SVA0Rk+FCMtB1iVN3vZs1dfXaXLtaTx6vbXL2k8qJJFnU6K746f5YrHhdWkRCHNSvmnj0WAetWUCeXykKrrUyF5YvSjgNTpq9heGzluIFVfcS9AwPhivaS\/IuEZZE8MVDMUZ12Pt3A72a8iBi0jnv8AqXaJx9U8eyEYPDb3km4tzE+c1nAifYYq7uGfwtrlrd43WVPDpAquNc5ClTXDbNJHnm8zIe9Z2e5gbm49bfRcQ5auG3iyJcQPDIDgA9LiWVo4wESeDPhBcPbvFeJM1ep2Ns612EEDXE9wywx9gfqY6o0G0MF5dNWzFx1WpYulWl7FeRXNrJA4f1benGKx1mg2ojrFK0En8vFXlYYEkeXaGOW4dnTh0arqvuOtSnNRymVI9njUasK\/XGVmi1arLieEu+H+gOyMsyls9O9TQ7DGKxSX6miltcCQpw2GCIg1n1Zwk0uasmVY0YNbHv7\/AKdi+NJ4MNVjxCWze\/EL0QymOYqUdXHtPDsMNQ8q5\/jpY5b5BHYGCTTy81JbOVdXSsVyiALeYLHbMZvJNXknxFa\/G8k1NZuFx11zSs6jzDUTC1BGzG7PXv0rh5BveKytEvnVaEn4WaD6qdmpYyaKKhpP9sqa0pBi61rFSIvOgtoliazgdW4VCQ3CGr+PlgbsM9cVwyLHEeKldt4Vmz8PJqIZgtHJfhjM93J9e1W4El7eTvDdXDvbiyO9tRzT\/ei+2O361d\/63cVkVaW5hmvJOfcomKweUKt1zbcPtwk9hbiG6kyXzKKsyzX9\/byNecQgkarFWWxPOB5r0ZNriL7Yr9avh\/X7+JfAuLeRp1gcOe2Gq3DeUt3y9vIsly5w\/MxVkQ1\/fIpq6iBS2GLTbFcxacg3UX2xX6+18c29dvAHqJGBaQYkUFtaXmcjmzikuXMrDL1DLyLl3sJjM1tO0IVYc9e9OP7kX2x2\/X2u8Lbcxc7rXNWpfMiua9AktJ1k6VCM22CBn4p6t2qL7xRTRt0NWqhZMiu9OP7kP2h2\/T2upFMWqYMaZ0io1Jbo9G3dGMszEXDiop05PNiFbq0uuTpioukvesVbfXmsU4xdRfaHYyjGCxu3BHq1BzW1A4HooMucxklcjHTCglEJ5C1y2FLzlfebPmGFQ3iIfOQEC4gpmQ3CSqI+rVjVZLqm6kZJL4oz9cnGCKGxrXNKMFSMkUEFGJcaEUQ4rODuCdUA5cOOVGa8qhkCBULJGks7NWa9+YdXdmG1EYrtWem51GxoEV6SCK9XhqucrjQFeUDRToYsKikPNdhRzdqyDTvgPJgKeZIyrgrJkda1rQg465xW4JPWg2KBoZomgAaIxWcUDqN660xbYPhd\/Wejv6HiZRW\/r2eu1exAIAWtcVrQbBJDHGBnqNcE4ByWwdifTvmtwaKKS5VY1DKzgbFDWuXUGsVsaDZDMce2ep7dyoBrHWRdJM9YfXIzncMTTL1c\/DDHB6I0a8wt8NjigaZiZFYiUv1\/\/8QAIhEAAgICAgICAwAAAAAAAAAAAAECERASAyAhMRMwQVBR\/9oACAEDAQE\/Af1cfqorEFY1X0SjTKOReBKxeEUpEuNr0OLSvt7Qjl8iVIsTEzkW0aHHXD42urxWEyLJRUkQ4q9jJcb\/AAasjK8SeL8ZTE+mqNMpDKzYpG2KGSEVhRHHDxHLJkfeYjw8Q6SxthOhyvDxFMs2ZQkjRHxo+I+NmjNWatkeH+j8LqmWWXn0OWbKK7WN9Ky+76f\/xAAjEQACAQQCAgMBAQAAAAAAAAAAAQIDEBESIDETITBBUSJQ\/9oACAECAQE\/Af8ALqZF8ORST6tUlgjLPwQqbLBs0yi3sSlhD9v2ZceiFZPsU4t45S\/hnZQ7yN7MwNDRTlqyMlKyqJ3lm0UJDdpRGiEtWVK+eiMiNZfZsSjgSIxxbHu7Q426Ezdim\/siZGLg0OI4nRvamNm1nLAp8JXT\/SnJEuhWmQ74Tv4yjHBg1VnHIo4fCpJJGxsJtCqsVZirnnPNE8iNkOSJV\/wlJiNOGTY2NjYbGKBrr8SZgRgwru8Ri5f\/xAA+EAABAgIHBQUECAYDAAAAAAABAAIRIQMQEiIxMkFRYXGBoQQTM0KRIDBS0RRAYnKCkrHhIzRDwfDxcMLS\/9oACAEBAAY\/Av8AgZ1J5Wy+sXRFObSPa20RPFXHOcd4+sO+\/wDWfxfWYOIi4mCMobffi0rTXQsqy0qkc509ya4pwOlZ7TS\/ham0mDu9iIcVab\/MMF5vxLZ761HkiDjBWN63YqSe7lVadkbihDwm5U3jHqhSUZg5q+kUQn\/VYt2lVn3cCIFfEnUgzA7VZqb8kGhfRKLKM5CbwXcWG920Ga3LvGcCNq+k0HguzD4CoKOvu7dB+VYI3YRQOhAK+ymt3SVlvjUmC27ymNVkDyAqCgttE7O1Cko71C7A7FvVk5hr7Is5NQg5pi06+wCDeVpvOrpHYpI9sp5SutTqSkzO6Y1AptG4ZmiFUdau4pp0Duixi3yurgeVRo6LAY76trdQrTTKt1HS0LXnSBU8RVNW3NutxipeEzKv831MorTYujiqFzmuFgBu6rkf0TnN2\/3NX0PtGU5HKyfXasVirLdcXKXFWm+lUW8xtTbLTOVQbRxJK0jqIrLxCFG0a+iHY6DZfK5fNc0TsT6aN6wSVYdfGtpSa2PFcvkncf8A0rQqb2btZg8ZX7VOY0KHFYqXpVabAGoPb6Lw6RONHRAGGivRBQZR5l3FDe7Q7FyMTFxmTtq5\/JQnACa7RsDJBWg2yLeK5Ll8k7\/NqAURhV3Ha71HgHHRd5Qm0w6hXvYj5q7zfRHK4kLu6BtqnfqjSPvUhmauairIw1VMYWrsTFNc1gaImAC5L\/NoXL+1X4f+qcW7aoZqPVqjQeaZ3FTatqumqIzLKVBvbJ7DRlUdpzbJM4J8LURgYzTXNpDHAzXjD8ypL95oBE1N\/Wo\/NZpfeQZSOzA6rMswVl+oKxUROuTirzQVq0qLHB3BXmwcMav2VCN6bZdZXc3jOJcU3iVmVOcTIBF06rLYBadEzgVh+iy9AsPLsWHRYdFRmzidiytPFTom6wghBzgrtI1W3htkYqVdBgdZJgebLYTKJa+7CSYRDUrK1dsOxqcHOdCySIbVB0xAkoy6rB3qmy01VLRizBpgJKh+3Rh67w5okL9lgPyqhBaMdiCPFNXNHj7HePdZh8Kh3l1uBKc6ZukYSVDM5BJZh0XbBtiE83vDdCSiHONw4tgjB9n1XjK8YwCpXCzN3xhdmsty9naMUBC9aK8GPJfy3RUINDZMUEeKauaNWIqzBOfdnpFYCGs0z7oWvqu0wEXRwTz3NI0NojinQDh\/DOIRu\/qsnUqIEJDVUjrsUyLRdo2hN4lZB1WXqVQ8dqCPFNRTprdV5VJwUyjLRN4BScrTLJNoxisg5PITWuY4WpZoorVPpMbIGKJc0RdspFaJpAYAXXqyxxcBHGrEeqofmgjxTUU\/SdeinMbQszkJrhuKxHqh94r\/AGqKfm2o\/ILDoqbgFg31CydFTACEliPVY9QqFBHiU1OThjErI1ZFhVHA7lFt6CtWGzngsp\/MmsLXbcIrNZ5EKihSWp7Vt5BYdFTcAv8ASw6KnO9Yu9VgfyhUPygmrmU1rZlXpld3zjVCCyH09j5K46PFZQsqG5RCk7qnXsVg08Qr1C3kVSxa68YhZnei8Ro5KhLXtM9CgBeKvegW5QZhtrsyXm9K5KYqnVNk1gQs3BYR4KdpWbWZWbHReVYIGfJNa0exgjhFZb3xLFvr7UDVitFMVzsu3FYBarME2OVQbUZproq9P7KvTQa3qpGXFQPuLteFW9GFRgrSBKzXSFBp4KzEo4B2jkeGq\/dYVTWFc1Me4wq3oUeqvA7KonTev4ezVNs5ory+q5Vc1H2IKCgKja8pkoCuKNTuCBhgiRogNpUCcuChV\/\/EACkQAQACAgIBAwQDAAMBAAAAAAEAESExQVFhcYGREKHR8LHB4TBA8SD\/2gAIAQEAAT8hqVKlSv8AqVKlSpUqVKlSpUr\/AIKlSpX\/AMVKlSvpX\/RqVK+tSpUr\/oVKlSvoCVKlfSpUqV\/z19FSvrX1qBirLW5\/56lSpUqVK+lRUYe+AmrgJgaYAyHLQV4\/+qlf8FfWpUqV9KhYRp9KlSpUqVKlSpUr61KlSpUqVKlfQG+OzKlSpUqVKlSpUqVKlSpUx9MoEULQlatFaL5lSpUtShVaAysuTirvPBEKtjQ6lSpUqVKlSpUqVKlSo2rKXfLASKrQ5iqi1UsEVoFaTFKo2cwMw+5lSpxLnkYCVK1hTYxCSoocAhpb4B0PU8OHk5JUqVKlSpUqVKlSp5TWbTad5EyAC7Zcxu0bOR6ym3OtVKItLtcqE2DK3SzRvR74uXftZy4aMPD4Ygx+BwnmLXmuXiFXuMkNmGY0\/wCGpYPXgZgnJ3coxKKbVMQVTt5GXD1moFCIpnRY3NeeAgZtbJkeoQ4CE7zBfN5YjYV5GHH8pwOmBMmei3kxLXVu8U2Msm06pdP4giiUmG+JUqVKlSvqVASF8hsfSBjim6xHxio1xUYtEhTzUCi55HMACZoBtXqZoHEOv8mja9uRYGBy0vWYBsO48WhM\/LK\/MZn7TLDU2X5PMpXDZduPT1itra1zv9\/bjUMMBSlOnuV44VoNlyvoaEuA2uiY9JxRlgidSKlfRRvBhqyZY9T3MYVb3xKWHOMhpL5Gw3UEPfiZD8zYgYNhMA+gILxnL4sgh7ajqq\/piimJjn12xEEyNPhgpk9Z5v8AUKbxewTr1mgxTrzLeLUont5d\/wCz9eJQ1SzI3+8yxFp73n1ggKz3GVKibgN4A7lMF8WklG7T1ZwkviKEdphl1fYAdtNv2nB5h5lCQMZ4vg8TaEqUptd8b+0MB6f1LWr9v9QCAJl+niV4gJ7wM0jwXx4iAbxYDXuu+ycRe3r8QsvWQEAaE8f1C1bXJrKzJAt32j+8TcocJqACgsl0yoAvhqJu9tBkQGgQ9Gz1lSq9jII41BgNNevbMIHCD4jZ+tzx2GIxWhVvP+TDgdCN11CqqQW6BqWod3vrUHJ5\/so9B3s5dRmkGnf5d\/zAy8vgfw+IINheQmb\/AHnELYPDWsk6NBimid25pnLL3EEOK4Y4Gm1Zuf8ApH5haISOw1xNADm0pLjKKs5\/mEqCaNefTxPvXidzl8fd+gBZozGjUSKur70srXRDd1\/pAqCg061P09zPyfafcf8AcarzL9J+ZTZPkH1fmF2o2J69kJFvGZgH3MzkDfDiobY+YNUoG+GKsJScPcp4mJoe3ZGWqJnDjU54E0wXF0cscpZ+\/ERyVxNHkfyR1q5\/H4mar5s3Kk0UBhOo\/N3HHOZhbj8CUU1sHP6ag2vP935mjJh\/uW5UlncWSEvYPk\/P0AZu5dHk6lGS1o0YpkUHDOveR5li9U5JXb\/ZZHh1zP8AyJSMu4Fv7MbCORj\/AJC+4s1gqG48Cai1F\/Wdnuf7gLdUTHLKkZ6q9ykem4Gu3ECBTcDX7y5QUKuj8zwPtr5nsDOTH3lFi7RTpn9UwfmWLWcYF+8wpXiA6eJZiVo2QwUPKYZs3yyoIVBsVSSxs3CYZ2arqesjZ+zFBOSmpRBF7i7\/AJmQpy3pKbKP74mW7wPLM2PhKuxtcBs8zChPSV5h42OqZPn5S3C+SId1y4Fx7fbn61nKal0EhIyXNLiYxELCiIrKeoTnLNNlZmQJKo3LKih0SyOfLLdHzNnt5tYubxQ8h1MlmC215nJwgXzmfqf7AbKUSuKCUZErLTEtdeQ84m7d9F+J+r\/EDlpcT1QC7WBpET09buVe9c8BM9fazplTTl3EQzu\/efcoEO+6\/wBSw6AtkGzdTH6YmODP0QmAYU59WM7JhAufaBiKYG5wJ7TGVGQF9+GDh\/R6SvWqWCeJq7WuNVv1iXhF+cw3NlHAPuv4gsF7TPMX9iJifhbi+YJYYcvcR7BhSbg\/H\/cBwn5Er2O422nvP2lzDnt0T9L\/AMnfo\/qVH5+1x2rD1KTZd1ZKP2vzNVZWLcQ8Y5IgtZXw5y+AeAFC5R\/pMy2VDbkl0hpBl1qIFfgc6jUQ58J2P4one8w25lJWveEvZH1iI1nU1bnqV29gE9B7Eq99Gc\/bmePlxU9SP3fxDcFzwzLp+eZ4Dcp7+E4EepsGeS5kpPgyyEKL7Q0u9n\/YasDKVvM5eLeQnPEVqjdm+CZ5p7MenpaswBhrVC2AhsodY1AVghiufSWwo9ckuLydl+X0v3rxCCYXsluwQeDiGQJPQ+Z4Ie3Tw3UX38kv1ttZZZDJgex4mdbvJ\/sjDC+gvmdofCNgz25TQl57JTs\/mTYerdfzNi3uTgvsf6ZXvgKyT\/1p\/Mxo\/Zohvy4up5P8fSh\/BFLMUP4hJA7XBL6NmsF3OGF6oqeD8y\/IeaxNHv5g8VFeJYiWs2E+JsArp\/2TIEttTaHIer+JFoYG4vWPMUzgr2S3+sl0dFtP5meS+6iOT7\/jPgxhSWdelV\/meXvNBWFWurp9pxibv0zAgJ5xojfLnDQe0qwwNlq4ZNVw+JyPy1Ut\/n\/MGhbJ2DfmbBo7q6jltcKpI+gadkJehYDii5YCh8YjK8sZ0yzjvozOTfMl8EmF3bU5xfdmTY8oTjyINoQzwPTcia+bSH8TLJUNfDinErGt2qUSlzQSFxcbTkKnF5gxhrqYlg9P2gWzt0jSBxrMNqcjzpNy22Xupikf4uJpU5iNBT7VMkL7ZoG7wwtDh2MyhX32ZfRF4UqViDoK7idQGiHAoI1rMxsb4y5lF0Ou0LCGrqXLB1m2cji+8QtvAcsVyu1zxKbaHUxIUbA\/ufovwODUz4vzB7BVRpBxPac9jA1vhpOdbga3laZV\/EaPz3Ow1ecwDZ9L4jTPJgLmENXhr7Q7U4GziJsLzdVc7Ms8pLtW97airheW30hh2HdxmGi0A4epUU3uhkqH2GKqllpEOBY\/ncsuViUdtd8kbcqcEymjzAaPsE14shSGHyRmjVOpgWV5hN2PiLmk4MPtOj99Rr4zerpnYPV6jF1XmeQ79Y1164xOIZxjCwk6UUpolFHAFZYgLuTLECwbFNtkqY2q0Myp2X5fHc8kW5Y4zM2vXEojddYmgMibfao82\/aWQR\/qBjH3NAcPTURkpXUYtq5SUlLBcs1Z5gNG7rNmJUqM38R2OuCbd51rbGV8aw3UVVVwgWwFhaYyyyFBTGKb4nF+3JqWQGG1LJMcimV4Y0ZOfMMF1uctHPlFUnkdRyXDBGJS3CAFleZaky+Wh1qFaUCVXrN88QLZddxKcqm+Tjck1Dd9+ZkgUYucENKjeCp+IkQiq0oJ275iWwbn\/9oADAMBAAIAAwAAABAC5JzDDb765IgyilEnDDDDDCBwD9fsU000000033brIcxvHPPMMMO9zW4k84IIIII4\/bUzvYQ77777I6Murw3\/ANNPOKOdqjIc2Rg9jUz8421gF7+vanbr\/ZcrT3Lr4fSTZNlOpkYWLEsunu9BJTfcz\/AcXKZBFC5UixrAvzuN\/fTddlLJZtDJfBSFh\/wtakf2JCBV1nuEHGYqmJbPAhChBhBg9f8AQff\/xAAhEQEBAQACAgIDAQEAAAAAAAABABEQITFBIFEwYXFQof\/aAAgBAwEBPxC3\/KQbLr+Is88dud4\/gTX1ZSHvO8JGR6gXd2vct9OvkJlG0ML+9PXn1wTLG95F68n2cMDuXY6y5x\/bxjyYd6bVov02vCerVgjEXYfh+DJl+r\/sjydSqWEURs2EZGLKBdNnhgOoi5ePG1kWcRbW2WQ6wvXOB8ceE+ue8Nt4fduWudltvXh7pD5HtSvqfU39T6pOZ14EB3UZEd2RvDw7fEST6j78TLw7W7s42O7uMyPG8iOJMTPiPF4fD\/\/EACERAQEBAAICAgMBAQAAAAAAAAEAESExEEEgYTBRcUCR\/9oACAECAQE\/ELP8+WfFc\/KHn9ihn4HiSd3dt8cSDmfgDd3HO8\/2HiDdtbxVs4ni2aPPyDoWnMkCTP8AWTzt7OPVgtG3jZvDyBxu\/UKTvUJxc+RaWc+hYMnsHmQejY\/cpt7DbOoGTb+JIWb9X23U5wB+7c2aWtrczttcVq7c2lVsjYe+N8S5b44iYlttm8pAhO9\/Hb5LLIT0yFstlzPwv\/vwj25+L\/EczYnub2QPZECvcL7gmrF1\/wBSnl22vhttrDhR+9iBbzep2AvKXNx4DZchs+4LzZJC6+Z+Do+c6n15wv\/EACkQAAECBQMEAwEBAQEAAAAAAAEAESExQVHwYXGBEJGhscHR4fEgMED\/2gAIAQEAAT8QChQo6YCZMgEyZMmRCARCZMmTJkyZEdIUKOmFH+v2TIhMmTJv8cqyITIKOvbpZEJkyZMmTJkyZMmTJkyKnpgID\/PsmTJkyZMmTJkyZMmTf58f5Pb\/AByrJkyZMmTJkyZMmTJukIOmybpZEIrCVxwiLN7CIRCZMmTJkyZMmTJk3\/D+R08c5bglaQwVIEHjBbcoPuTumTJkybrsmTJkyZN0sm\/xyoC+vjRYXgGiI\/6f\/ZN\/y\/7LZvsI\/wDg\/wD\/ACpCG0\/xXWK\/Bp1yogv6IEyAFSsOMjhLPAWWpmsf0aX\/AO\/\/AP8AG3yXagTs+PJFBvbsnyoneATDWk1\/FvgoIn35B16pFcDBhqQ8bOh\/z0hDQAIbKnb8atrHwvQUBcZF7903+PTn\/j\/91UVMxA4Knovlkj+X4EifW4Ul++yWPcovPvhGXTsbwhFvtVWbZkkY4houW9DBxbJTArcBspHwixaIDzqHsvx8FPz0sP8A4of\/APIgqyZMmTJkybp3OIGhP2u07JiUorWM+YIkCoiNmVr\/AEANRMaFZHflBv8ApNpBfBViZ2+VyZ\/AEjeSIq\/\/APZU2+hRyw0q+F8v9Jh4XJ\/N5+RjRl7PsQAiGMwPTMOUeAkzT96FCi3ahGMam\/WXe34WOsv+X5m+dwaiJcSfKtd9gvPuo726jw9giiGjE1Vr\/wDAGqhz+CMkLtlMf2hiJagClTZarsTZmSalQy+sRAE+Vz\/KVHdySVXHvafz1YPCpvVARGwfkJuODFHUoT7DZY3gz354SDT+hAHwMGgvrfxAP3\/i79G03yXiRY2FV++a17ESb\/GfAddAMDQGCxOkeFl9GuiPbvIkNKa\/FeXXrpsAgXUGqm2SyZwAHQY3Kxxl7QXi2bK8q9LPKqtvYJ4CiT9oBIX2ygTdWynOagOoUCV1h8FHqZw8LGuCs6dtiKx7J6HWiT40qiM+W6y\/6CyfX+0DY9eqKB2FkSQTUXXZNrUC6N+7uQcSAWpNgeVuv8gRYa12XC3EwlFhAF5r2HyjzuqIaKikmMiJZidF8up4dEcDd0OBnzgELv8A8GfQoro2+EptQVcKYN2I0YPTDcC9439cnGq46+AgvBry1W3\/AODegXO1CvsN5D6XF\/u4ix0WMSVFvkRXnVSh\/JKdiOmrTkvKDOXaJm0QvBYWup8\/goMZhHaK9vHxGzAVTPH5oZhn8kB9T8B8I8eJr+qQB9qVWwjA0TkQQLjRS3zDMERYEmVVN9KIElImUkX5fjDuiz8VL9vRGIc7elrfuSIDQOsNy4FsXQmOs4XHn6FmAOwkrVa41sSKN2BmcHou0N+yKvheL5wPvob9pywgihEn1mKdEWjZ2cRGIVZ9dJo5PymWvVBqRoBONk2KzyZASARExaKrge58bIYr\/Yix1\/SZr3shoqE\/WhLz3iUW12iAwqZCg7\/XQZ+0WdVCfD2F+VgExBUnFeAlEY3Ko0uw\/UByC4vFjZ3qL6J41DULinYUFwj9nxZAm\/jH1361\/n4P+7E0wmOR7QK7yTJShEzZ2A5WsjkAGN6FM\/TKGHx+9Xd3cMSx2uIYg\/KZ4vMwYsqGjyE+N2YwTHkSxLURZeCAtg2P4l+Cw9P9Lg\/y4jyQpVf0sSQqD7VwQdq0ktGnCZoaDh5Qj0I9zSmtl8MytUW1WXsovhJ376egVVF0SwA1Fpdva0IsHSTBynceBBkl4kTqyM+0GAALh\/DRfVRX0+yzjgl4SCrGNiTJD6twen8yYxDUQ0bQVOfEmFpCqfXRABu5Y9TyaK\/RgYQ5OFZ\/wTYGBK9qIWAeGj9lHRqkO6jFH626NeDXoTR1l9FCSwvCogoOmjWUQfYUm9+EzQ6V0QPy\/wCj0fJ1Erl3xAYOKon\/ADsNgA0zCdAv0\/xhQ9P7t5KRzSgKC0\/4ACClv7VEdA0Umd82iYh3Kz\/hBh1xUdVD89+3jRYX8o5feqefAsBMgVGvKCqoCFKGocQ9Gut1KYNNcuQaHsIvmdUBkGrMIdevm51nbNMrahwu\/E5BAK1QhJeogLmaCNueCY2qLIfwk1vfgZkTqpys4mxe6lRmCIAx4dba+EEyfdIB752WC2FozAsY6qpP+iBBOhC\/A3MibxRz+Yg+1fa0edKjea87RexQ\/hLxvpNn17AgGf8AIlEeFggMnIpl+EPtVnaY4zoAbLn1cZuHHwqH6zzhIBEuQGIXeriCTklqYWP\/ACJXPHgANAw7JsMWDL2MLh4rLxCVWoeWZEWghm53Qd686bYLLQE\/CgOAEvC5n8iwAmmIh1q4vi0tVgdbAsP9oVbg2QGiB5qKtUOWHQ9PhomfdNiXkRJ8Z7C\/ROa8ElG\/YrzFVA+ybY4cQAouc8gAlmBsQhj\/AKK2IXLhB2eATOSYogYGzLOt\/wCA7I4iptewBWXnhRjFlrVICnzSwHfDpt72XJyVlcshmobop5dXzfcL3r1WX4ZUgez9I+w8TL17sF27FEdfD+YnyuzDErC9pC+Efzovhs+E7bxkBcHRDL6VFTtCI3mi1qv6Aohe7c+kc8opfDhybhrqCsGJixMWV+\/Ik8XRRW\/P7P5C1HqfVe97ssnVqvTWZskWybuor+zyuFbvQ46fkBLpioQ\/F+SrvSGNrQRXsj8KAjwhgf2IXa9tJ0cIbjuboXRzXbEr3uLrHCw5uodZ2t3liYc0UcndiOVXdlc3fwof5f0sFc3Wfuqd9\/SH7vpApcQQXZBqz4EF\/NIl4xktRVNS2uTdiLLkGY0AcnqFgfFFcrqNWPElhZdRCi3LjORgcLDdq4ZHE3YrFcFxT5c7gFY68k6P8GEVohnn2Q5o8EK5PxlaFis55UWGuqmF8zIQqV2VwqWrdS085QAzBB\/q6xRsz71fHcW2oK7s8hM68ow39AQSOv8AUN8\/vRe1OAVCOcxMMQs72qgv\/BNpRKOaOsUbPPPJNCAUmUwADM621u9xl52FS6jxcQVBkvPxAtNHmeMEk8z6Z637e0yPufOjX\/tf1HK1\/Mm\/wnzKUFI5leXX6K1l5P5M2T2s6onovvPhDCu28vwjTDOmggtJCMfgSSDRhLla+3LRgziIKmG7YUuslhuqGfJqjMKCO+iAvSLeV854LCxtXpfsa9ZH4J0JwXlnwHg4oN1gH6WLdiBXr95ah+FEqGTO6L+bnT0L8KwKXGG57VpUNs2K+h2K7Fw31PB3mywnofXVWHW6Vb2vSHxCCxvhO5cr6les9U3u8Sw4X1kvIcAEFyYgBeP8QzgItqpk\/dtTMSBZVXuGzSixjSD9D6VHc9wndZ\/HojzG9usX49H9i8en32KTwfSMOVXupWW\/Cx2iqPEjQTWxfUApQLRg8RKNbIz\/APqCo0XftUGBjQqHezhELENW6u70Gju9V472ITP8Cspo5qXQy6f+wWLvo825Weg\/0Bf6u6kn7srY7cQb10F4LV7sX9Gk+UPZ4j5NgAYhTeaSUH2LuXXkmwSIumD\/AExiZqr3DWflPujTN5CBEOZjyp732AGFydU6CksvO\/pR5Ni4D9odnippugPyiuKSeGWowtsTtiwnTTJQyRLYRA+9aif0FVH8LEoyiNI9BahsgsZ3YqZ8M4pmJGfnHPMpVRmQREBIF3GyMeMGKwIO1kQwgVABgqME9x5vda31\/tf\/2Q==\" alt=\"\" width=\"148\" height=\"198\" name=\"Bild 3\" align=\"bottom\" border=\"0\" hspace=\"1\" vspace=\"1\" \/><\/p>\n<p>Die Kapelle wurde im Jahr 1953 als schlichter h\u00f6lzerner quadratischer Bau mit einem Satteldach erbaut. Heute ist die Kapelle blau gestrichen. An der westlichen Giebelseite befindet sich auf dem Giebelfirst ein wei\u00dfes Kreuz. Am Giebel sehen wir eine kleine Glocke.<\/p>\n<p>Neben der Kapelle befindet sich in einem offenen Glockenstuhl eine Glocke aus dem Jahr 1717. \u00a0An der Glockenaufh\u00e4ngung befinden sich mehrere ornamentartige \u00a0Reihen. An der Glocke befindet sich ein langer Text der auf das Jahr 1717 verweist. Dieser Text wird durch je einen fliegenden Engel begrenzt.<\/p>\n<hr \/>\n<h1><span style=\"color: #000000;\"><span style=\"font-family: Arial, serif;\">Der Teufelsstein von Carpin<\/span><\/span><\/h1>\n<p>Nahe der Feldscheide zwischen Carpin und Bergfeld liegt ein Granitstein von 11 Kubikmetern, in welchem deutlich der Abdruck einer Hand mit f\u00fcnf kleinen Kuhlen zu sehen sein soll. Der Stein wird der Teufelsstein genannt, denn der Teufel hatte ihn vor vielen Jahren in die Hand genommen, um den Gr\u00fcnower Kirchturm damit einzuwerfen. Die Gr\u00fcnower Bauern waren wegen ihrer Fr\u00f6mmigkeit ein gro\u00dfes \u00c4rgernis f\u00fcr den Teufel, kam er doch bei denen nie zum Ziel. Als er nun beschlossen hatte, mit diesem gro\u00dfen Stein den Gr\u00fcnowern ihre Fr\u00f6mmigkeit zu versalzen, fiel er ihm aber aus der Hand und auf seinen hinkenden Pferdefu\u00df. Er warf den Stein \u00e4rgerlich beiseite und beschloss, sich auf andere Weise mit den Gr\u00fcnowern auseinander zu setzen. Der Stein liegt heute noch an dieser Stelle und kann von jedermann betrachtet werden. (Quelle: Chronik Carpin v. J.Rehmer)<\/p>\n<h4 style=\"text-align: center;\">Der Weg zum Teufelsstein &#8211; eine wundersch\u00f6ne Eichenallee<\/h4>\n<p><img loading=\"lazy\" decoding=\"async\" class=\"aligncenter wp-image-1330\" src=\"https:\/\/carpin-mecklenburg.de\/wp-content\/uploads\/2024\/10\/eichenallee-1024x736.jpg\" alt=\"\" width=\"725\" height=\"521\" srcset=\"https:\/\/carpin-mecklenburg.de\/wp-content\/uploads\/2024\/10\/eichenallee-1024x736.jpg 1024w, https:\/\/carpin-mecklenburg.de\/wp-content\/uploads\/2024\/10\/eichenallee-300x216.jpg 300w, https:\/\/carpin-mecklenburg.de\/wp-content\/uploads\/2024\/10\/eichenallee-768x552.jpg 768w, https:\/\/carpin-mecklenburg.de\/wp-content\/uploads\/2024\/10\/eichenallee-1140x819.jpg 1140w, https:\/\/carpin-mecklenburg.de\/wp-content\/uploads\/2024\/10\/eichenallee.jpg 1198w\" sizes=\"(max-width: 725px) 100vw, 725px\" \/><\/p>\n<h4 style=\"text-align: center;\">Der Teufelsstein &#8211; Unter den Feldsteinen<\/h4>\n<p><img loading=\"lazy\" decoding=\"async\" class=\"aligncenter wp-image-1331\" src=\"https:\/\/carpin-mecklenburg.de\/wp-content\/uploads\/2024\/10\/teufelsstein.jpg\" alt=\"\" width=\"725\" height=\"490\" srcset=\"https:\/\/carpin-mecklenburg.de\/wp-content\/uploads\/2024\/10\/teufelsstein.jpg 968w, https:\/\/carpin-mecklenburg.de\/wp-content\/uploads\/2024\/10\/teufelsstein-300x203.jpg 300w, https:\/\/carpin-mecklenburg.de\/wp-content\/uploads\/2024\/10\/teufelsstein-768x519.jpg 768w\" sizes=\"(max-width: 725px) 100vw, 725px\" \/><\/p>\n<h4 style=\"text-align: center;\"><span style=\"color: #808080;\"><em>Der Teufelsstein liegt in der Mitte des Vorplanungsgebiets V 44 Carpin f\u00fcr Windenergieeignungsgebiet!<\/em><\/span><\/h4>\n<p><strong>Fotos mit freundlicher Genehmigung von Simone Marquardt<\/strong><\/p>\n<p>Und auch im Neustrelitzer <a href=\"https:\/\/www.nordkurier.de\/regional\/neustrelitz\/warum-der-carpiner-teufelsstein-flecken-hat-und-nun-unter-denkmalschutz-steht-2908957\" target=\"_blank\" rel=\"noopener\">Regionalteil<\/a> des Nordkuriers k\u00f6nnen Sie Interessantes \u00fcber den geheimnisvollen Stein lesen.<\/p>\n","protected":false},"excerpt":{"rendered":"<p>Erstmals urkundlich erw\u00e4hnt wurde Carpin im Jahr 1393. Es liegt zirka 15 Kilometer \u00f6stlich von Neustrelitz, mit vielen Seen mit Bade- und Angelm\u00f6glichkeiten, in einer der reizvollsten Gro\u00dflandschaften Mitteleuropas, dem M\u00fcritz-Nationalpark. In der Gemeinde befinden sich eine Gastst\u00e4tte mit \u00dcbernachtungsm\u00f6glichkeiten, Kosmetiksalon, Goldschmiedin, K\u00fcnstler, Hundefriseur, Kindertagesst\u00e4tte sowie private Handwerker- und Gewerbebetriebe. Au\u00dferdem hat die Gemeinde viel Sehenswertes zu bieten. In Carpin findet der Besucher eine Informationstafel zum nahegelegenen M\u00fcritz-Nationalpark. Inmitten des Serrahner Teils des M\u00fcritz-Nationalparks liegt Serrahn. Die alten Buchenw\u00e4lder in Serrahn geh\u00f6ren seit 2012 zum Weltnaturerbe. Moore, naturnahe W\u00e4lder und Seen bedecken rund 1800 Hektar. Zwischen dem gro\u00dfen Serrahnsee und Schweingartensee befindet sich eine Wasserscheide. Herrlich gelegen ist auch Steinm\u00fchle. 1991 wurde dort das Waldschulheim er\u00f6ffnet, mit dem Ziel, der Jugend die Natur n\u00e4her zu bringen. Auch in Bergfeld sind das Gutshaus, das Spritzenhaus und die alte Schmiede sehenswert. Im Gutshof in Bergfeld gibt es einen Hofladen. Die alte Schmiede wurde 1985 der \u00d6ffentlichkeit als Heimatstube \u00fcbergeben. Heute wird sie auch als Informationsstelle f\u00fcr den M\u00fcritz-Nationalpark genutzt (Informationstafel). In Thurow \u2013Teerofen laden eine Sitzgruppe und eine Infotafel zum Verweilen ein. In Goldenbaum kann am Forsthof das Storchennest bewundert werden. Das Cafe Kudu bietet auch Beherbungsm\u00f6glichkeiten. Kapelle in Carpin Die Kapelle wurde im Jahr 1953 als schlichter h\u00f6lzerner quadratischer Bau mit einem Satteldach erbaut. Heute ist die Kapelle blau gestrichen. An der westlichen Giebelseite befindet sich auf dem Giebelfirst ein wei\u00dfes Kreuz. Am Giebel sehen wir eine kleine Glocke. Neben der Kapelle befindet sich in einem offenen Glockenstuhl eine Glocke aus dem Jahr 1717. \u00a0An der Glockenaufh\u00e4ngung befinden sich mehrere ornamentartige \u00a0Reihen. An der Glocke befindet sich ein langer Text der auf das Jahr 1717 verweist. Dieser Text wird durch je einen fliegenden Engel begrenzt. Der Teufelsstein von Carpin Nahe der Feldscheide zwischen Carpin und Bergfeld liegt ein Granitstein von 11 Kubikmetern, in welchem deutlich der Abdruck einer Hand mit f\u00fcnf kleinen Kuhlen zu sehen sein soll. Der Stein wird der Teufelsstein genannt, denn der Teufel hatte ihn vor vielen Jahren in die Hand genommen, um den Gr\u00fcnower Kirchturm damit einzuwerfen. Die Gr\u00fcnower Bauern waren wegen ihrer Fr\u00f6mmigkeit ein gro\u00dfes \u00c4rgernis f\u00fcr den Teufel, kam er doch bei denen nie zum Ziel. Als er nun beschlossen hatte, mit diesem gro\u00dfen Stein den Gr\u00fcnowern ihre Fr\u00f6mmigkeit zu versalzen, fiel er ihm aber aus der Hand und auf seinen hinkenden Pferdefu\u00df. Er warf den Stein \u00e4rgerlich beiseite und beschloss, sich auf andere Weise mit den Gr\u00fcnowern auseinander zu setzen. Der Stein liegt heute noch an dieser Stelle und kann von jedermann betrachtet werden. (Quelle: Chronik Carpin v. J.Rehmer) Der Weg zum Teufelsstein &#8211; eine wundersch\u00f6ne Eichenallee Der Teufelsstein &#8211; Unter den Feldsteinen Der Teufelsstein liegt in der Mitte des Vorplanungsgebiets V 44 Carpin f\u00fcr Windenergieeignungsgebiet! Fotos mit freundlicher Genehmigung von Simone Marquardt Und auch im Neustrelitzer Regionalteil des Nordkuriers k\u00f6nnen Sie Interessantes \u00fcber den geheimnisvollen Stein lesen.<\/p>\n","protected":false},"author":4,"featured_media":0,"parent":0,"menu_order":0,"comment_status":"closed","ping_status":"closed","template":"","meta":{"footnotes":""},"class_list":["post-7","page","type-page","status-publish","hentry"],"_links":{"self":[{"href":"https:\/\/carpin-mecklenburg.de\/index.php\/wp-json\/wp\/v2\/pages\/7"}],"collection":[{"href":"https:\/\/carpin-mecklenburg.de\/index.php\/wp-json\/wp\/v2\/pages"}],"about":[{"href":"https:\/\/carpin-mecklenburg.de\/index.php\/wp-json\/wp\/v2\/types\/page"}],"author":[{"embeddable":true,"href":"https:\/\/carpin-mecklenburg.de\/index.php\/wp-json\/wp\/v2\/users\/4"}],"replies":[{"embeddable":true,"href":"https:\/\/carpin-mecklenburg.de\/index.php\/wp-json\/wp\/v2\/comments?post=7"}],"version-history":[{"count":22,"href":"https:\/\/carpin-mecklenburg.de\/index.php\/wp-json\/wp\/v2\/pages\/7\/revisions"}],"predecessor-version":[{"id":1418,"href":"https:\/\/carpin-mecklenburg.de\/index.php\/wp-json\/wp\/v2\/pages\/7\/revisions\/1418"}],"wp:attachment":[{"href":"https:\/\/carpin-mecklenburg.de\/index.php\/wp-json\/wp\/v2\/media?parent=7"}],"curies":[{"name":"wp","href":"https:\/\/api.w.org\/{rel}","templated":true}]}}