{"id":535,"date":"2024-02-11T11:14:40","date_gmt":"2024-02-11T12:14:40","guid":{"rendered":"https:\/\/carpin-mecklenburg.de\/?page_id=535"},"modified":"2024-06-14T14:49:53","modified_gmt":"2024-06-14T15:49:53","slug":"sieben-e-v","status":"publish","type":"page","link":"https:\/\/carpin-mecklenburg.de\/index.php\/sieben-e-v\/","title":{"rendered":"Sieben e.V."},"content":{"rendered":"<h2 style=\"text-align: center;\"><strong><span style=\"color: #0000ff;\">Wie alles begann und wer wir sind und was wir wollen<\/span><\/strong><\/h2>\n<p>Am 7. Januar 2008 gr\u00fcndeten wir den Familienverein 7eV. Gr\u00fcndungsmitglieder waren: Martina Trebbow, Gisela Rolff, Brigitte Scholz, Karin Doster-Di Rosa, Marita Kortmann, Regina Sendel, Bernadette Makowka, Liane Pl\u00f6tz und Evelin Hirschfeld.<\/p>\n<p>In Carpin wurde der Jugendraum renoviert und es fanden w\u00f6chentliche Treffen f\u00fcr Kinder und Jugendliche statt. Jeden Monat gab es eine besondere Veranstaltung von Musikabenden \u00fcber Karaoke bis hin zur Ern\u00e4hrungsberatung.<\/p>\n<p>Am 1. September 2008 wurde die erste Ausgabe einer eigenen Dorfzeitung kostenlos an alle Haushalte der Gemeinde verteilt. Nur mit Unterst\u00fctzung vieler Sponsoren und vieler Ehrenamtlicher war und ist dieses Projekt bis heute m\u00f6glich.<\/p>\n<p>Es folgten Lesungen, ein Buchprojekt, erz\u00e4hlt von den Kindern der Kita K\u00e4ferburg: \u201eFlorentinchen\u201c eine kleine Fee, die den Sonnenschein nach Carpin bringt, das Buch \u201eKalu und der Weihnachtsengel\u201c bis hin zu der Brosch\u00fcre B\u00fccherverbrennung 1933 in Deutschland, eine Brosch\u00fcre \u201egegen das Vergessen.\u201c<\/p>\n<p>Als der Jugendraum der Lesestube \u201eVielseitig\u201c, einer kleinen Bibliothek, wich, bauten wir mit Jugendlichen zusammen einen Bauwagen zum \u201erollenden Jugendtreff\u201c um.<\/p>\n<p>Gemeinsam mit der Kunstschule bastelten Kinder \u201eGesichter der Welt\u201c. Die Kinder sollten Fremdes kennen lernen und Unterschiede spannend finden.<\/p>\n<p>F\u00fcr mich war das Theaterst\u00fcck \u201eAm Vandalismus ist alles falsch\u201c ein zweij\u00e4hriges Projekt, bei dem ich heute noch G\u00e4nsehaut bekomme. Die M\u00e4dchen brachten Probleme unserer Gesellschaft auf den Punkt. Bei der Premiere am 18. Januar 2013 sangen sie zum Schluss das Lied: \u201eJeder Baum ist ein St\u00fcck dieser Erde, wenn er stirbt, stirbt ein Teil von mir\u2026\u201c G\u00e4nsehaut pur!<\/p>\n<p>2015 veranstalteten wir einen Mitmachzirkus. Auf dem Sportplatz in Carpin \u00fcbten die Kinder Kunstst\u00fccke ein, jonglierten und balancierten. Das kunterbunte Mitmach-Vergn\u00fcgen Wurde am 20. Juni 2015 in Carpin aufgef\u00fchrt.<\/p>\n<p>Viele DVD Nachmittage haben wir organisiert; von \u201eViechereien \u201c bis hin zu \u201eWege \u00fcbers Land\u201c.<\/p>\n<p>Einige Male luden wir das Puppentheater \u201eErnst und Heiter\u201c nach Carpin ein und das Programm \u201eLachen ist die beste Medizin\u201c, mit Heinz und Ruth Hofert erheiterte uns an einigen Nachmittagen.<\/p>\n<p>Ein gro\u00dfer Erfolg waren die Fotowettbewerbe, zu denen der Verein aufgerufen hatte. Die Fotos zeigten die Vielfalt und Sch\u00f6nheit unserer Umgebung. 2018 machten wir daraus einen Kalender.<\/p>\n<p>In der Gemeinde hinterlie\u00df der Verein seine Spuren mit dem Schachplatz \u201eSchach matt\u201c in Goldenbaum, die Weitsprungbahn auf dem Spielplatz, die Kr\u00e4uterhexe an der Streuobstwiese, die Bank vor dem Neubau in Carpin oder die Bank in Carpin Nord. Diese Bauwerke sind inzwischen in die Jahre gekommen und teilweise nicht mehr vorhanden.<\/p>\n<p>Neben der Organisation von Festen in Carpin und der finanziellen Unterst\u00fctzung des Schmiedefestes in Bergfeld, wird flei\u00dfig w\u00f6chentlich gewalkt und getanzt. Auch bringen wir uns mit ein zum Erhalt der Goldenbaumer Kirche.<\/p>\n<p>Dank der Unterst\u00fctzung von Sponsoren konnten wir Mehrwegbecher und Servietten f\u00fcr unser Gemeindefest 2024 in Carpin organisieren.<\/p>\n<p>Auch die B\u00fccherbox an der Feuerwehr in Carpin haben wir Dank der Hilfe von J\u00fcrgen Oesterling realisiert.<\/p>\n<p>Die n\u00e4chste Ausgabe des Rundblicks muss geschrieben und ausgetragen werden.<\/p>\n<p>Der Flohmarkt am 11. Mai 2024 wird von uns organisiert.<\/p>\n<p>Der Verein Sieben eV ist ein gemeinn\u00fctziger Familienverein. Wir sind ein sehr r\u00fchriger Verein und Jeder ist bei uns willkommen. Wir organisieren Feste, f\u00fchren Kultur- und Theaterprojekte durch und engagieren uns das gemeinsame Miteinander in unserer Gemeinde ein bisschen bunter zu gestalten. Wir sind der Gr\u00fcnder und Herausgeber unserer Zeitung. Seit Jahren sind wir in der Lage den Carpiner Rundblick, Dank der Unterst\u00fctzung von vielen Sponsoren, kostenlos an alle Haushalte zu verteilen.<\/p>\n<p>Ideen haben wir viele -von einem UPCYCLING-Projekt bis hin zur gef\u00fchrten Naturwanderung\u2026. aber auch wir, die Gr\u00fcndungsmitglieder sind in die Jahre gekommen und suchen nach Menschen, die in unserer Gemeinde wirken wollen.<\/p>\n<p>Der Verein ist vom Finanzamt Waren als gemeinn\u00fctzig anerkannt. Mitgliedsbeitr\u00e4ge und Spenden sind somit steuerlich abzugsf\u00e4hig.<br \/>\nBankverbindung : Sieben e.V. Sparkasse Mecklenburg-Strelitz, IBAN: DE57 1505 1732 0030 0180 91<\/p>\n<p>Haben Sie ein bisschen Zeit und \u00a0Lust sich f\u00fcr eine gute Sache in Ihrem Heimatort einzubringen, dann sind Sie bei uns richtig. Oder wollen Sie uns einfach kennen lernen?<\/p>\n<p>Und wenn Sie sich schon entschieden haben, unserem Verein beizutreten, dann z\u00f6gern Sie nicht und f\u00fcllen den Aufnahmeantrag aus. Diesen finden Sie im Bereich <a href=\"https:\/\/carpin-mecklenburg.de\/index.php\/formulare-vordrucke\/\">Formulare &amp; Vordrucke<\/a>.<\/p>\n<hr \/>\n<p><span style=\"color: #ff0000;\">Ab Juli 2024 \u00fcbernehmen Matthias Zielfeld (1. Vorsitzender) und Anke D\u00f6ring (Stellvertreterin) den Vorsitz des\u00a0 Verein 7 e.V.<br \/>\nWir freuen uns \u00fcber Mitarbeit, Interesse und Ideen! Schreiben Sie uns gern.<\/p>\n<p>Kontakt:<br \/>\nMatthias Zielfeld (<a class=\"moz-txt-link-abbreviated\" title=\"blocked::mailto:post@zielfeld.de\" href=\"mailto:post@zielfeld.de\">post@zielfeld.de<\/a>)<br \/>\nAnke D\u00f6ring (<a class=\"moz-txt-link-abbreviated\" title=\"blocked::mailto:ankedoering@posteo.de\" href=\"mailto:ankedoering@posteo.de\">ankedoering@posteo.de<\/a>)<\/span><\/p>\n","protected":false},"excerpt":{"rendered":"<p>Wie alles begann und wer wir sind und was wir wollen Am 7. Januar 2008 gr\u00fcndeten wir den Familienverein 7eV. Gr\u00fcndungsmitglieder waren: Martina Trebbow, Gisela Rolff, Brigitte Scholz, Karin Doster-Di Rosa, Marita Kortmann, Regina Sendel, Bernadette Makowka, Liane Pl\u00f6tz und Evelin Hirschfeld. In Carpin wurde der Jugendraum renoviert und es fanden w\u00f6chentliche Treffen f\u00fcr Kinder und Jugendliche statt. Jeden Monat gab es eine besondere Veranstaltung von Musikabenden \u00fcber Karaoke bis hin zur Ern\u00e4hrungsberatung. Am 1. September 2008 wurde die erste Ausgabe einer eigenen Dorfzeitung kostenlos an alle Haushalte der Gemeinde verteilt. Nur mit Unterst\u00fctzung vieler Sponsoren und vieler Ehrenamtlicher war und ist dieses Projekt bis heute m\u00f6glich. Es folgten Lesungen, ein Buchprojekt, erz\u00e4hlt von den Kindern der Kita K\u00e4ferburg: \u201eFlorentinchen\u201c eine kleine Fee, die den Sonnenschein nach Carpin bringt, das Buch \u201eKalu und der Weihnachtsengel\u201c bis hin zu der Brosch\u00fcre B\u00fccherverbrennung 1933 in Deutschland, eine Brosch\u00fcre \u201egegen das Vergessen.\u201c Als der Jugendraum der Lesestube \u201eVielseitig\u201c, einer kleinen Bibliothek, wich, bauten wir mit Jugendlichen zusammen einen Bauwagen zum \u201erollenden Jugendtreff\u201c um. Gemeinsam mit der Kunstschule bastelten Kinder \u201eGesichter der Welt\u201c. Die Kinder sollten Fremdes kennen lernen und Unterschiede spannend finden. F\u00fcr mich war das Theaterst\u00fcck \u201eAm Vandalismus ist alles falsch\u201c ein zweij\u00e4hriges Projekt, bei dem ich heute noch G\u00e4nsehaut bekomme. Die M\u00e4dchen brachten Probleme unserer Gesellschaft auf den Punkt. Bei der Premiere am 18. Januar 2013 sangen sie zum Schluss das Lied: \u201eJeder Baum ist ein St\u00fcck dieser Erde, wenn er stirbt, stirbt ein Teil von mir\u2026\u201c G\u00e4nsehaut pur! 2015 veranstalteten wir einen Mitmachzirkus. Auf dem Sportplatz in Carpin \u00fcbten die Kinder Kunstst\u00fccke ein, jonglierten und balancierten. Das kunterbunte Mitmach-Vergn\u00fcgen Wurde am 20. Juni 2015 in Carpin aufgef\u00fchrt. Viele DVD Nachmittage haben wir organisiert; von \u201eViechereien \u201c bis hin zu \u201eWege \u00fcbers Land\u201c. Einige Male luden wir das Puppentheater \u201eErnst und Heiter\u201c nach Carpin ein und das Programm \u201eLachen ist die beste Medizin\u201c, mit Heinz und Ruth Hofert erheiterte uns an einigen Nachmittagen. Ein gro\u00dfer Erfolg waren die Fotowettbewerbe, zu denen der Verein aufgerufen hatte. Die Fotos zeigten die Vielfalt und Sch\u00f6nheit unserer Umgebung. 2018 machten wir daraus einen Kalender. In der Gemeinde hinterlie\u00df der Verein seine Spuren mit dem Schachplatz \u201eSchach matt\u201c in Goldenbaum, die Weitsprungbahn auf dem Spielplatz, die Kr\u00e4uterhexe an der Streuobstwiese, die Bank vor dem Neubau in Carpin oder die Bank in Carpin Nord. Diese Bauwerke sind inzwischen in die Jahre gekommen und teilweise nicht mehr vorhanden. Neben der Organisation von Festen in Carpin und der finanziellen Unterst\u00fctzung des Schmiedefestes in Bergfeld, wird flei\u00dfig w\u00f6chentlich gewalkt und getanzt. Auch bringen wir uns mit ein zum Erhalt der Goldenbaumer Kirche. Dank der Unterst\u00fctzung von Sponsoren konnten wir Mehrwegbecher und Servietten f\u00fcr unser Gemeindefest 2024 in Carpin organisieren. Auch die B\u00fccherbox an der Feuerwehr in Carpin haben wir Dank der Hilfe von J\u00fcrgen Oesterling realisiert. Die n\u00e4chste Ausgabe des Rundblicks muss geschrieben und ausgetragen werden. Der Flohmarkt am 11. Mai 2024 wird von uns organisiert. Der Verein Sieben eV ist ein gemeinn\u00fctziger Familienverein. Wir sind ein sehr r\u00fchriger Verein und Jeder ist bei uns willkommen. Wir organisieren Feste, f\u00fchren Kultur- und Theaterprojekte durch und engagieren uns das gemeinsame Miteinander in unserer Gemeinde ein bisschen bunter zu gestalten. Wir sind der Gr\u00fcnder und Herausgeber unserer Zeitung. Seit Jahren sind wir in der Lage den Carpiner Rundblick, Dank der Unterst\u00fctzung von vielen Sponsoren, kostenlos an alle Haushalte zu verteilen. Ideen haben wir viele -von einem UPCYCLING-Projekt bis hin zur gef\u00fchrten Naturwanderung\u2026. aber auch wir, die Gr\u00fcndungsmitglieder sind in die Jahre gekommen und suchen nach Menschen, die in unserer Gemeinde wirken wollen. Der Verein ist vom Finanzamt Waren als gemeinn\u00fctzig anerkannt. Mitgliedsbeitr\u00e4ge und Spenden sind somit steuerlich abzugsf\u00e4hig. Bankverbindung : Sieben e.V. Sparkasse Mecklenburg-Strelitz, IBAN: DE57 1505 1732 0030 0180 91 Haben Sie ein bisschen Zeit und \u00a0Lust sich f\u00fcr eine gute Sache in Ihrem Heimatort einzubringen, dann sind Sie bei uns richtig. Oder wollen Sie uns einfach kennen lernen? Und wenn Sie sich schon entschieden haben, unserem Verein beizutreten, dann z\u00f6gern Sie nicht und f\u00fcllen den Aufnahmeantrag aus. Diesen finden Sie im Bereich Formulare &amp; Vordrucke. Ab Juli 2024 \u00fcbernehmen Matthias Zielfeld (1. Vorsitzender) und Anke D\u00f6ring (Stellvertreterin) den Vorsitz des\u00a0 Verein 7 e.V. Wir freuen uns \u00fcber Mitarbeit, Interesse und Ideen! Schreiben Sie uns gern. Kontakt: Matthias Zielfeld (post@zielfeld.de) Anke D\u00f6ring (ankedoering@posteo.de)<\/p>\n","protected":false},"author":4,"featured_media":0,"parent":0,"menu_order":0,"comment_status":"closed","ping_status":"closed","template":"","meta":{"footnotes":""},"class_list":["post-535","page","type-page","status-publish","hentry"],"_links":{"self":[{"href":"https:\/\/carpin-mecklenburg.de\/index.php\/wp-json\/wp\/v2\/pages\/535"}],"collection":[{"href":"https:\/\/carpin-mecklenburg.de\/index.php\/wp-json\/wp\/v2\/pages"}],"about":[{"href":"https:\/\/carpin-mecklenburg.de\/index.php\/wp-json\/wp\/v2\/types\/page"}],"author":[{"embeddable":true,"href":"https:\/\/carpin-mecklenburg.de\/index.php\/wp-json\/wp\/v2\/users\/4"}],"replies":[{"embeddable":true,"href":"https:\/\/carpin-mecklenburg.de\/index.php\/wp-json\/wp\/v2\/comments?post=535"}],"version-history":[{"count":7,"href":"https:\/\/carpin-mecklenburg.de\/index.php\/wp-json\/wp\/v2\/pages\/535\/revisions"}],"predecessor-version":[{"id":1300,"href":"https:\/\/carpin-mecklenburg.de\/index.php\/wp-json\/wp\/v2\/pages\/535\/revisions\/1300"}],"wp:attachment":[{"href":"https:\/\/carpin-mecklenburg.de\/index.php\/wp-json\/wp\/v2\/media?parent=535"}],"curies":[{"name":"wp","href":"https:\/\/api.w.org\/{rel}","templated":true}]}}