{"id":41,"date":"2021-03-01T10:48:59","date_gmt":"2021-03-01T10:48:59","guid":{"rendered":"https:\/\/carpin-mecklenburg.de\/?page_id=41"},"modified":"2021-08-11T10:38:47","modified_gmt":"2021-08-11T10:38:47","slug":"tourismus","status":"publish","type":"page","link":"https:\/\/carpin-mecklenburg.de\/index.php\/tourismus\/","title":{"rendered":"Tourismus"},"content":{"rendered":"<p>Carpin liegt am Radweg Berlin- Kopenhagen und l\u00e4sst Radtouristen schnell den Gro\u00dfstadttrubel vergessen. Unsere erfrischenden Seen laden zur Abk\u00fchlung ein und m\u00fcde Radfahrer finden g\u00fcnstige \u00dcbernachtungsm\u00f6glichkeiten in unseren D\u00f6rfern.<\/p>\n<p>In Carpin gibt es den Landgasthof \u201eAm Schlesersee\u201c, Handwerksbetriebe, ein Landwirtschaftliches Lohnunternehmen und die Kindertagesst\u00e4tte K\u00e4ferburg.<\/p>\n<p>Badem\u00f6glichkeiten gibt es in Carpin f\u00fcr Hund und Mensch an zwei Badestellen mit Stegen f\u00fcr die Menschen und an einer Badestelle f\u00fcr Herrchen bzw FRauchen mit Hund.<\/p>\n<p>Seit 2002 geh\u00f6rt Thurow zur Gemeinde Carpin. Thurow liegt ca. 8 Kilometer westlich von Neustrelittz. In der Dorfkirche in der Dorfmitte finden in regelm\u00e4\u00dfigen Abst\u00e4nden Gottesdienste statt. In Thurow-Teerofen laden eine Sitzgruppe und eine Infotafel zum Verweilen ein. Wer Erfrischung sucht, ist an der Waldbadestelle des Thower Sees genau richtig..<\/p>\n<p>Goldenbaum ist ein idyllisch gelegenes Dorf mitten im M\u00fcritz-Nationalpark. Neben der Infotafel und dem Storchennest bietet das Cafe \u201eKudu\u201c m\u00fcden Radfahrern und Spazierg\u00e4ngern ein ruhiges Pl\u00e4tzchen zum Ausruhen..<\/p>\n<p>Sehenswert ist auch die Kirche in Goldenbaum.<\/p>\n<p>Moore, naturnahe W\u00e4lder und Seen bedecken rund 1800 Hektar.<\/p>\n<p>Zwischen dem Gro\u00dfen Serrahnsee und dem Schweingartensee befindet sich eine Wasserscheide.<\/p>\n<p>Herrlich gelegen ist die Steinm\u00fchle am Gr\u00fcnower See. 1991 wurde das Waldschulheim er\u00f6ffnet.<\/p>\n<p>In Bergfeld sind das Gutshaus, die Schmiede und das Spritzenhaus sehenswert. Die alte Schmiede wurde saniert und 1985 der \u00d6ffentlichkeit als Heimatstube \u00fcbergeben. Heute liegt sie im \u201eDornr\u00f6schenschlaf\u201c, soll aber im n\u00e4chsten Jahr als Dorftreff und Museum wieder erweckt werden.<\/p>\n","protected":false},"excerpt":{"rendered":"<p>Carpin liegt am Radweg Berlin- Kopenhagen und l\u00e4sst Radtouristen schnell den Gro\u00dfstadttrubel vergessen. Unsere erfrischenden Seen laden zur Abk\u00fchlung ein und m\u00fcde Radfahrer finden g\u00fcnstige \u00dcbernachtungsm\u00f6glichkeiten in unseren D\u00f6rfern. In Carpin gibt es den Landgasthof \u201eAm Schlesersee\u201c, Handwerksbetriebe, ein Landwirtschaftliches Lohnunternehmen und die Kindertagesst\u00e4tte K\u00e4ferburg. Badem\u00f6glichkeiten gibt es in Carpin f\u00fcr Hund und Mensch an zwei Badestellen mit Stegen f\u00fcr die Menschen und an einer Badestelle f\u00fcr Herrchen bzw FRauchen mit Hund. Seit 2002 geh\u00f6rt Thurow zur Gemeinde Carpin. Thurow liegt ca. 8 Kilometer westlich von Neustrelittz. In der Dorfkirche in der Dorfmitte finden in regelm\u00e4\u00dfigen Abst\u00e4nden Gottesdienste statt. In Thurow-Teerofen laden eine Sitzgruppe und eine Infotafel zum Verweilen ein. Wer Erfrischung sucht, ist an der Waldbadestelle des Thower Sees genau richtig.. Goldenbaum ist ein idyllisch gelegenes Dorf mitten im M\u00fcritz-Nationalpark. Neben der Infotafel und dem Storchennest bietet das Cafe \u201eKudu\u201c m\u00fcden Radfahrern und Spazierg\u00e4ngern ein ruhiges Pl\u00e4tzchen zum Ausruhen.. Sehenswert ist auch die Kirche in Goldenbaum. Moore, naturnahe W\u00e4lder und Seen bedecken rund 1800 Hektar. Zwischen dem Gro\u00dfen Serrahnsee und dem Schweingartensee befindet sich eine Wasserscheide. Herrlich gelegen ist die Steinm\u00fchle am Gr\u00fcnower See. 1991 wurde das Waldschulheim er\u00f6ffnet. In Bergfeld sind das Gutshaus, die Schmiede und das Spritzenhaus sehenswert. Die alte Schmiede wurde saniert und 1985 der \u00d6ffentlichkeit als Heimatstube \u00fcbergeben. Heute liegt sie im \u201eDornr\u00f6schenschlaf\u201c, soll aber im n\u00e4chsten Jahr als Dorftreff und Museum wieder erweckt werden.<\/p>\n","protected":false},"author":4,"featured_media":0,"parent":0,"menu_order":0,"comment_status":"closed","ping_status":"closed","template":"","meta":{"footnotes":""},"class_list":["post-41","page","type-page","status-publish","hentry"],"_links":{"self":[{"href":"https:\/\/carpin-mecklenburg.de\/index.php\/wp-json\/wp\/v2\/pages\/41"}],"collection":[{"href":"https:\/\/carpin-mecklenburg.de\/index.php\/wp-json\/wp\/v2\/pages"}],"about":[{"href":"https:\/\/carpin-mecklenburg.de\/index.php\/wp-json\/wp\/v2\/types\/page"}],"author":[{"embeddable":true,"href":"https:\/\/carpin-mecklenburg.de\/index.php\/wp-json\/wp\/v2\/users\/4"}],"replies":[{"embeddable":true,"href":"https:\/\/carpin-mecklenburg.de\/index.php\/wp-json\/wp\/v2\/comments?post=41"}],"version-history":[{"count":2,"href":"https:\/\/carpin-mecklenburg.de\/index.php\/wp-json\/wp\/v2\/pages\/41\/revisions"}],"predecessor-version":[{"id":382,"href":"https:\/\/carpin-mecklenburg.de\/index.php\/wp-json\/wp\/v2\/pages\/41\/revisions\/382"}],"wp:attachment":[{"href":"https:\/\/carpin-mecklenburg.de\/index.php\/wp-json\/wp\/v2\/media?parent=41"}],"curies":[{"name":"wp","href":"https:\/\/api.w.org\/{rel}","templated":true}]}}