{"id":353,"date":"2021-08-10T10:57:00","date_gmt":"2021-08-10T10:57:00","guid":{"rendered":"https:\/\/carpin-mecklenburg.de\/?page_id=353"},"modified":"2021-08-10T10:57:00","modified_gmt":"2021-08-10T10:57:00","slug":"hundestudio-stock-2","status":"publish","type":"page","link":"https:\/\/carpin-mecklenburg.de\/index.php\/hundestudio-stock-2\/","title":{"rendered":"Hundestudio Stock"},"content":{"rendered":"<p align=\"justify\"><span style=\"color: #000000;\"><span style=\"font-size: large;\"><b>Mit Kamm und Schere<\/b><\/span><\/span><\/p>\n<p align=\"justify\"><span style=\"color: #000000;\"><span style=\"font-size: large;\">26 Jahre Hundestudio Carpin Bungalowsiedlung. <\/span><\/span><\/p>\n<p align=\"justify\"><span style=\"color: #000000;\"><span style=\"font-size: large;\">Ich erinnere mich noch genau an die Zeit, als ich mein Hobby \u201eHund\u201c zum Beruf oder besser zur Berufung werden lie\u00df.<img loading=\"lazy\" decoding=\"async\" class=\"size-medium wp-image-349 alignright\" src=\"https:\/\/carpin-mecklenburg.de\/wp-content\/uploads\/2021\/08\/hund_01-300x200.jpg\" alt=\"\" width=\"300\" height=\"200\" srcset=\"https:\/\/carpin-mecklenburg.de\/wp-content\/uploads\/2021\/08\/hund_01-300x200.jpg 300w, https:\/\/carpin-mecklenburg.de\/wp-content\/uploads\/2021\/08\/hund_01.jpg 765w\" sizes=\"(max-width: 300px) 100vw, 300px\" \/> <\/span><\/span><\/p>\n<p align=\"justify\"><span style=\"color: #000000;\"><span style=\"font-size: large;\">Sch\u00f6n war es, spannend, oft mit Anl\u00e4ssen zum Schmunzeln, manchmal begleiteten aber auch traurige Momente die folgenden Jahre. Neben zahlreichen Begegnungen mit gro\u00dfartigen Menschen geh\u00f6ren auch immer Abschiede dazu.<\/span><\/span><\/p>\n<p align=\"justify\"><span style=\"color: #000000;\"><span style=\"font-size: large;\">Geblieben ist aber stets die Freude dar\u00fcber f\u00fcr meine Kunden und ihre Vierbeiner da zu sein sowie bei den Themen Pflege, Gesundheit, Ern\u00e4hrung und Erziehung helfen zu k\u00f6nnen. Noch eine bemerkenswerte Konstante gibt es: Genau wie vor 26 Jahren ist und bleibt der Hund ein Familienmitglied im Sinne von Zuneigung, Sachverstand und Verantwortung bei meinen Kunden.<\/span><\/span><\/p>\n<p align=\"justify\"><span style=\"color: #000000;\"><span style=\"font-size: large;\">Somit ist es normal, dass insbesondere \u201enichthaarende\u201c Hunderassen dem Hundefriseur ab und an einen Besuch abstatten. Dabei geht es vor allem um die Optik, unter manchen Fellhaufen kam schon ein drolliges knopf\u00e4ugiges Wesen zum Vorschein. <\/span><\/span><\/p>\n<p align=\"justify\"><span style=\"color: #000000;\"><span style=\"font-size: large;\">Es geht aber auch darum Verfilzungen zu vermeiden und Hauterkrankungen oder Parasitenbefall zu erkennen sowie vorzubeugen.<\/span><\/span><\/p>\n<p align=\"justify\"><span style=\"color: #000000;\"><span style=\"font-size: large;\">Ich versuche meinen Kunden mit Rat und Tat zur Seite zu stehen sowie ein offenes Ohr zu bieten. Meine Arbeit erm\u00f6glicht mir somit auch vielen spannenden Geschichten \u00fcber Hund und Mensch zu lauschen.<\/span><\/span><\/p>\n<p align=\"justify\"><span style=\"color: #000000;\"><span style=\"font-size: large;\">Die Lage meines Hundestudios im wundersch\u00f6nen Carpin bietet mir ein idyllisches Arbeitsumfeld. Umgeben vom R\u00f6dliner See, Wiesen und W\u00e4ldern arbeite ich dort, wo andere Urlaub machen. Das sch\u00f6ne Umfeld verlockte schon so manch einen Kunden zu einem Spaziergang mit dem Vierbeiner. <\/span><\/span><\/p>\n<p align=\"justify\"><span style=\"color: #000000;\"><span style=\"font-size: large;\">Ich freue mich auch in Zukunft darauf meine treuen Kunden in meinem Hundestudio begr\u00fc\u00dfen zu d\u00fcrfen.<\/span><\/span><\/p>\n<p align=\"justify\">\n<p align=\"justify\"><span style=\"color: #000000;\"><span style=\"font-size: large;\"><img loading=\"lazy\" decoding=\"async\" class=\"size-medium wp-image-347 alignright\" src=\"https:\/\/carpin-mecklenburg.de\/wp-content\/uploads\/2021\/08\/simone_marquardt-300x200.jpg\" alt=\"\" width=\"300\" height=\"200\" srcset=\"https:\/\/carpin-mecklenburg.de\/wp-content\/uploads\/2021\/08\/simone_marquardt-300x200.jpg 300w, https:\/\/carpin-mecklenburg.de\/wp-content\/uploads\/2021\/08\/simone_marquardt-1024x682.jpg 1024w, https:\/\/carpin-mecklenburg.de\/wp-content\/uploads\/2021\/08\/simone_marquardt-768x512.jpg 768w, https:\/\/carpin-mecklenburg.de\/wp-content\/uploads\/2021\/08\/simone_marquardt.jpg 1118w\" sizes=\"(max-width: 300px) 100vw, 300px\" \/> <\/span><\/span><\/p>\n<p align=\"justify\"><span style=\"color: #000000;\"><span style=\"font-size: large;\">Ihr Hundestudio Stock, Bungalowsiedlung 14 in Carpin <\/span><\/span><\/p>\n<p align=\"justify\"><span style=\"color: #000000;\"><span style=\"font-size: large;\">Inhaberin: Simone Marquardt<\/span><\/span><\/p>\n<p align=\"justify\"><span style=\"color: #000000;\"><span style=\"font-size: large;\">Tel.: 039821 41737<\/span><\/span><\/p>\n<p align=\"justify\"><span style=\"color: #000000;\"><span style=\"font-size: large;\">Mobil: 01749869103<\/span><\/span><\/p>\n","protected":false},"excerpt":{"rendered":"<p>Mit Kamm und Schere 26 Jahre Hundestudio Carpin Bungalowsiedlung. Ich erinnere mich noch genau an die Zeit, als ich mein Hobby \u201eHund\u201c zum Beruf oder besser zur Berufung werden lie\u00df. Sch\u00f6n war es, spannend, oft mit Anl\u00e4ssen zum Schmunzeln, manchmal begleiteten aber auch traurige Momente die folgenden Jahre. Neben zahlreichen Begegnungen mit gro\u00dfartigen Menschen geh\u00f6ren auch immer Abschiede dazu. Geblieben ist aber stets die Freude dar\u00fcber f\u00fcr meine Kunden und ihre Vierbeiner da zu sein sowie bei den Themen Pflege, Gesundheit, Ern\u00e4hrung und Erziehung helfen zu k\u00f6nnen. Noch eine bemerkenswerte Konstante gibt es: Genau wie vor 26 Jahren ist und bleibt der Hund ein Familienmitglied im Sinne von Zuneigung, Sachverstand und Verantwortung bei meinen Kunden. Somit ist es normal, dass insbesondere \u201enichthaarende\u201c Hunderassen dem Hundefriseur ab und an einen Besuch abstatten. Dabei geht es vor allem um die Optik, unter manchen Fellhaufen kam schon ein drolliges knopf\u00e4ugiges Wesen zum Vorschein. Es geht aber auch darum Verfilzungen zu vermeiden und Hauterkrankungen oder Parasitenbefall zu erkennen sowie vorzubeugen. Ich versuche meinen Kunden mit Rat und Tat zur Seite zu stehen sowie ein offenes Ohr zu bieten. Meine Arbeit erm\u00f6glicht mir somit auch vielen spannenden Geschichten \u00fcber Hund und Mensch zu lauschen. Die Lage meines Hundestudios im wundersch\u00f6nen Carpin bietet mir ein idyllisches Arbeitsumfeld. Umgeben vom R\u00f6dliner See, Wiesen und W\u00e4ldern arbeite ich dort, wo andere Urlaub machen. Das sch\u00f6ne Umfeld verlockte schon so manch einen Kunden zu einem Spaziergang mit dem Vierbeiner. Ich freue mich auch in Zukunft darauf meine treuen Kunden in meinem Hundestudio begr\u00fc\u00dfen zu d\u00fcrfen. Ihr Hundestudio Stock, Bungalowsiedlung 14 in Carpin Inhaberin: Simone Marquardt Tel.: 039821 41737 Mobil: 01749869103<\/p>\n","protected":false},"author":4,"featured_media":0,"parent":0,"menu_order":0,"comment_status":"closed","ping_status":"closed","template":"","meta":{"footnotes":""},"class_list":["post-353","page","type-page","status-publish","hentry"],"_links":{"self":[{"href":"https:\/\/carpin-mecklenburg.de\/index.php\/wp-json\/wp\/v2\/pages\/353"}],"collection":[{"href":"https:\/\/carpin-mecklenburg.de\/index.php\/wp-json\/wp\/v2\/pages"}],"about":[{"href":"https:\/\/carpin-mecklenburg.de\/index.php\/wp-json\/wp\/v2\/types\/page"}],"author":[{"embeddable":true,"href":"https:\/\/carpin-mecklenburg.de\/index.php\/wp-json\/wp\/v2\/users\/4"}],"replies":[{"embeddable":true,"href":"https:\/\/carpin-mecklenburg.de\/index.php\/wp-json\/wp\/v2\/comments?post=353"}],"version-history":[{"count":1,"href":"https:\/\/carpin-mecklenburg.de\/index.php\/wp-json\/wp\/v2\/pages\/353\/revisions"}],"predecessor-version":[{"id":354,"href":"https:\/\/carpin-mecklenburg.de\/index.php\/wp-json\/wp\/v2\/pages\/353\/revisions\/354"}],"wp:attachment":[{"href":"https:\/\/carpin-mecklenburg.de\/index.php\/wp-json\/wp\/v2\/media?parent=353"}],"curies":[{"name":"wp","href":"https:\/\/api.w.org\/{rel}","templated":true}]}}