{"id":35,"date":"2021-03-01T10:47:58","date_gmt":"2021-03-01T10:47:58","guid":{"rendered":"https:\/\/carpin-mecklenburg.de\/?page_id=35"},"modified":"2025-03-26T19:54:26","modified_gmt":"2025-03-26T20:54:26","slug":"mieten-von-gemeinderaeumen","status":"publish","type":"page","link":"https:\/\/carpin-mecklenburg.de\/index.php\/mieten-von-gemeinderaeumen\/","title":{"rendered":"Mieten von Gemeinder\u00e4umen"},"content":{"rendered":"<table>\n<tbody>\n<tr>\n<td width=\"147\">Objekt<\/td>\n<td width=\"559\"><strong>Feuerwehrhaus Carpin<\/strong><\/td>\n<\/tr>\n<tr>\n<td width=\"147\">Nutzungsentgelt<\/td>\n<td width=\"559\"><strong>120 \u20ac\/ Tag<\/strong><\/td>\n<\/tr>\n<tr>\n<td width=\"147\">Sondertarife<\/td>\n<td width=\"559\"><strong>F\u00fcr Sport- oder \u00e4hnliche Kurse gelten folgende j\u00e4hrliche Tarife:<\/strong><br \/>\nUnterrichtseinheit bis zu 60 Minuten 85,00 \u20ac<br \/>\nUnterrichtseinheit bis zu 120 Minuten 170,00 \u20ac<br \/>\nUnterrichtseinheit bis zu 180 Minuten 255,00 \u20ac usw.<strong>F\u00fcr gemeinn\u00fctzige Vereine (Nachweis Freistellung Finanzamt) gelten folgende Tarife:<\/strong><br \/>\nF\u00fcr die Durchf\u00fchrung der j\u00e4hrlichen Mitgliederversammlung sowie einer weiteren Veranstaltung ist eine Nutzungspauschale jeweils in H\u00f6he von <strong>50,00 \u20ac<\/strong> zu entrichten.<\/td>\n<\/tr>\n<tr>\n<td width=\"147\">Ansprechpartner<\/td>\n<td width=\"559\">Claus Weber, Tel. 0171 1445351<\/td>\n<\/tr>\n<tr>\n<td width=\"147\"><\/td>\n<td width=\"559\"><\/td>\n<\/tr>\n<tr>\n<td width=\"147\">Objekt<\/td>\n<td width=\"559\"><strong>Feuerwehrhaus Thurow<\/strong><\/td>\n<\/tr>\n<tr>\n<td width=\"147\">Nutzungsentgelt<\/td>\n<td width=\"559\"><strong>80 \u20ac \/ Tag<\/strong><\/td>\n<\/tr>\n<tr>\n<td width=\"147\">Sondertarife<\/td>\n<td width=\"559\"><strong>F\u00fcr Sport- oder \u00e4hnliche Kurse gelten folgende j\u00e4hrliche Tarife:<\/strong><br \/>\nUnterrichtseinheit bis zu 60 Minuten 40,00 \u20ac<br \/>\nUnterrichtseinheit bis zu 120 Minuten 80,00 \u20ac<br \/>\nUnterrichtseinheit bis zu 180 Minuten 120,00 \u20ac usw.<strong>F\u00fcr gemeinn\u00fctzige Vereine (Nachweis Freistellung Finanzamt) gelten folgende Tarife:<\/strong><br \/>\nF\u00fcr die Durchf\u00fchrung der j\u00e4hrlichen Mitgliederversammlung sowie einer weiteren Veranstaltung ist eine Nutzungspauschale jeweils in H\u00f6he von <strong>30,00 \u20ac<\/strong> zu entrichten.<\/td>\n<\/tr>\n<tr>\n<td width=\"147\">Ansprechpartner<\/td>\n<td width=\"559\">Frau Klauke, Tel. <a href=\"tel:039821 40716\">039821\/40716<\/a><\/td>\n<\/tr>\n<\/tbody>\n<\/table>\n<hr \/>\n<p>Das Formular zur Nutzungsvereinbarung zus\u00e4tzlicher Gegenst\u00e4nde (Tische, B\u00e4nke, Zelte, usw.) finden Sie im Bereich <a href=\"https:\/\/carpin-mecklenburg.de\/index.php\/formulare-vordrucke\/\">Formulare &amp; Vordrucke<\/a>.<\/p>\n","protected":false},"excerpt":{"rendered":"<p>Objekt Feuerwehrhaus Carpin Nutzungsentgelt 120 \u20ac\/ Tag Sondertarife F\u00fcr Sport- oder \u00e4hnliche Kurse gelten folgende j\u00e4hrliche Tarife: Unterrichtseinheit bis zu 60 Minuten 85,00 \u20ac Unterrichtseinheit bis zu 120 Minuten 170,00 \u20ac Unterrichtseinheit bis zu 180 Minuten 255,00 \u20ac usw.F\u00fcr gemeinn\u00fctzige Vereine (Nachweis Freistellung Finanzamt) gelten folgende Tarife: F\u00fcr die Durchf\u00fchrung der j\u00e4hrlichen Mitgliederversammlung sowie einer weiteren Veranstaltung ist eine Nutzungspauschale jeweils in H\u00f6he von 50,00 \u20ac zu entrichten. Ansprechpartner Claus Weber, Tel. 0171 1445351 Objekt Feuerwehrhaus Thurow Nutzungsentgelt 80 \u20ac \/ Tag Sondertarife F\u00fcr Sport- oder \u00e4hnliche Kurse gelten folgende j\u00e4hrliche Tarife: Unterrichtseinheit bis zu 60 Minuten 40,00 \u20ac Unterrichtseinheit bis zu 120 Minuten 80,00 \u20ac Unterrichtseinheit bis zu 180 Minuten 120,00 \u20ac usw.F\u00fcr gemeinn\u00fctzige Vereine (Nachweis Freistellung Finanzamt) gelten folgende Tarife: F\u00fcr die Durchf\u00fchrung der j\u00e4hrlichen Mitgliederversammlung sowie einer weiteren Veranstaltung ist eine Nutzungspauschale jeweils in H\u00f6he von 30,00 \u20ac zu entrichten. Ansprechpartner Frau Klauke, Tel. 039821\/40716 Das Formular zur Nutzungsvereinbarung zus\u00e4tzlicher Gegenst\u00e4nde (Tische, B\u00e4nke, Zelte, usw.) finden Sie im Bereich Formulare &amp; Vordrucke.<\/p>\n","protected":false},"author":4,"featured_media":0,"parent":0,"menu_order":0,"comment_status":"closed","ping_status":"closed","template":"","meta":{"footnotes":""},"class_list":["post-35","page","type-page","status-publish","hentry"],"_links":{"self":[{"href":"https:\/\/carpin-mecklenburg.de\/index.php\/wp-json\/wp\/v2\/pages\/35"}],"collection":[{"href":"https:\/\/carpin-mecklenburg.de\/index.php\/wp-json\/wp\/v2\/pages"}],"about":[{"href":"https:\/\/carpin-mecklenburg.de\/index.php\/wp-json\/wp\/v2\/types\/page"}],"author":[{"embeddable":true,"href":"https:\/\/carpin-mecklenburg.de\/index.php\/wp-json\/wp\/v2\/users\/4"}],"replies":[{"embeddable":true,"href":"https:\/\/carpin-mecklenburg.de\/index.php\/wp-json\/wp\/v2\/comments?post=35"}],"version-history":[{"count":7,"href":"https:\/\/carpin-mecklenburg.de\/index.php\/wp-json\/wp\/v2\/pages\/35\/revisions"}],"predecessor-version":[{"id":1425,"href":"https:\/\/carpin-mecklenburg.de\/index.php\/wp-json\/wp\/v2\/pages\/35\/revisions\/1425"}],"wp:attachment":[{"href":"https:\/\/carpin-mecklenburg.de\/index.php\/wp-json\/wp\/v2\/media?parent=35"}],"curies":[{"name":"wp","href":"https:\/\/api.w.org\/{rel}","templated":true}]}}