{"id":340,"date":"2021-08-10T09:58:34","date_gmt":"2021-08-10T09:58:34","guid":{"rendered":"https:\/\/carpin-mecklenburg.de\/?page_id=340"},"modified":"2026-03-10T18:22:46","modified_gmt":"2026-03-10T19:22:46","slug":"freiwillige-feuerwehr-carpin-thurow","status":"publish","type":"page","link":"https:\/\/carpin-mecklenburg.de\/index.php\/freiwillige-feuerwehr-carpin-thurow\/","title":{"rendered":"Freiwillige Feuerwehr Carpin\/Thurow"},"content":{"rendered":"<p style=\"text-align: left;\">Die Freiwillige Feuerwehr der Gemeinde Carpin besteht aus den beiden Ortswehren <strong>Thurow<\/strong> und <strong>Carpin<\/strong> sowie der <strong>Jugendfeuerwehr Carpin\/Thurow<\/strong>. Gemeinsam gew\u00e4hrleisten sie den Brandschutz, die technische Hilfeleistung und die Einsatzbereitschaft in der gesamten Gemeinde.<\/p>\n<p>&nbsp;<\/p>\n<h4>F\u00fchrung<\/h4>\n<p><strong>Gemeindewehrf\u00fchrer:<\/strong> Tobias Welzk<br \/>\n<strong>Ortswehrf\u00fchrer Thurow:<\/strong> Mario M\u00fcller<br \/>\n<strong>Ortswehrf\u00fchrer Carpin und stellv. Gemeindewehrf\u00fchrer:<\/strong>\u00a0Andreas Trebbow<\/p>\n<p>Weitere Informationen zu den Eins\u00e4tzen, Ausbildungen und Aktivit\u00e4ten finden Sie <a href=\"https:\/\/www.facebook.com\/share\/p\/1DAsqk4jTe\/\">hier.<\/a><\/p>\n<p>&nbsp;<\/p>\n<h4>Nachwuchsarbeit in der Jugend- und Kinderfeuerwehr<\/h4>\n<p style=\"text-align: left;\">Die Jugendfeuerwehr Carpin\/Thurow wird von <strong>Caroline Liersch<\/strong> geleitet. Daneben lernen auch schon die Kleinsten in der Kinderfeuerwehr &#8222;Feuerf\u00fcchse&#8220;\u00a0 schon fr\u00fchzeitig was Verantwortungsbewusstsein und Teamgeist bedeutet und erwerben grundlegende feuerwehrtechnische Kenntnisse mit Spiel und Spa\u00df. Ausgebildet werden sie von <strong>Anja Zahn<\/strong> und <strong>Tobias Welzk<\/strong>.<\/p>\n<p>&nbsp;<\/p>\n<h4>F\u00f6rderverein<\/h4>\n<p>Die Arbeit der Freiwilligen Feuerwehr wird durch den <strong>F\u00f6rderverein der FFW Carpin<\/strong> ma\u00dfgeblich unterst\u00fctzt. Informationen zum eingetragenen Verein sowie Hinweise zur Mitgliedschaft finden Sie in der Rubrik <em>Gemeinde \u2013 Vereine \u2013 F\u00f6rderverein FFW<\/em><\/p>\n<p><img loading=\"lazy\" decoding=\"async\" class=\"alignleft wp-image-1472\" src=\"https:\/\/carpin-mecklenburg.de\/wp-content\/uploads\/2025\/05\/Feuerwehr2-225x300.jpg\" alt=\"\" width=\"155\" height=\"207\" srcset=\"https:\/\/carpin-mecklenburg.de\/wp-content\/uploads\/2025\/05\/Feuerwehr2-225x300.jpg 225w, https:\/\/carpin-mecklenburg.de\/wp-content\/uploads\/2025\/05\/Feuerwehr2-768x1024.jpg 768w, https:\/\/carpin-mecklenburg.de\/wp-content\/uploads\/2025\/05\/Feuerwehr2-300x400.jpg 300w, https:\/\/carpin-mecklenburg.de\/wp-content\/uploads\/2025\/05\/Feuerwehr2-1152x1536.jpg 1152w, https:\/\/carpin-mecklenburg.de\/wp-content\/uploads\/2025\/05\/Feuerwehr2-1140x1520.jpg 1140w, https:\/\/carpin-mecklenburg.de\/wp-content\/uploads\/2025\/05\/Feuerwehr2.jpg 1200w\" sizes=\"(max-width: 155px) 100vw, 155px\" \/><img loading=\"lazy\" decoding=\"async\" class=\"wp-image-1469 alignleft\" src=\"https:\/\/carpin-mecklenburg.de\/wp-content\/uploads\/2025\/05\/Feuerwehr-1-300x150.jpg\" alt=\"\" width=\"416\" height=\"208\" srcset=\"https:\/\/carpin-mecklenburg.de\/wp-content\/uploads\/2025\/05\/Feuerwehr-1-300x150.jpg 300w, https:\/\/carpin-mecklenburg.de\/wp-content\/uploads\/2025\/05\/Feuerwehr-1-1024x512.jpg 1024w, https:\/\/carpin-mecklenburg.de\/wp-content\/uploads\/2025\/05\/Feuerwehr-1-768x384.jpg 768w, https:\/\/carpin-mecklenburg.de\/wp-content\/uploads\/2025\/05\/Feuerwehr-1-1536x768.jpg 1536w, https:\/\/carpin-mecklenburg.de\/wp-content\/uploads\/2025\/05\/Feuerwehr-1-1080x540.jpg 1080w, https:\/\/carpin-mecklenburg.de\/wp-content\/uploads\/2025\/05\/Feuerwehr-1-1140x570.jpg 1140w, https:\/\/carpin-mecklenburg.de\/wp-content\/uploads\/2025\/05\/Feuerwehr-1.jpg 1600w\" sizes=\"(max-width: 416px) 100vw, 416px\" \/><\/p>\n<p><img loading=\"lazy\" decoding=\"async\" class=\"alignleft wp-image-1471\" src=\"https:\/\/carpin-mecklenburg.de\/wp-content\/uploads\/2025\/05\/Feuerwehr1-193x300.jpg\" alt=\"\" width=\"134\" height=\"208\" srcset=\"https:\/\/carpin-mecklenburg.de\/wp-content\/uploads\/2025\/05\/Feuerwehr1-193x300.jpg 193w, https:\/\/carpin-mecklenburg.de\/wp-content\/uploads\/2025\/05\/Feuerwehr1-658x1024.jpg 658w, https:\/\/carpin-mecklenburg.de\/wp-content\/uploads\/2025\/05\/Feuerwehr1-768x1195.jpg 768w, https:\/\/carpin-mecklenburg.de\/wp-content\/uploads\/2025\/05\/Feuerwehr1-987x1536.jpg 987w, https:\/\/carpin-mecklenburg.de\/wp-content\/uploads\/2025\/05\/Feuerwehr1-1140x1774.jpg 1140w, https:\/\/carpin-mecklenburg.de\/wp-content\/uploads\/2025\/05\/Feuerwehr1.jpg 1172w\" sizes=\"(max-width: 134px) 100vw, 134px\" \/><\/p>\n","protected":false},"excerpt":{"rendered":"<p>Die Freiwillige Feuerwehr der Gemeinde Carpin besteht aus den beiden Ortswehren Thurow und Carpin sowie der Jugendfeuerwehr Carpin\/Thurow. Gemeinsam gew\u00e4hrleisten sie den Brandschutz, die technische Hilfeleistung und die Einsatzbereitschaft in der gesamten Gemeinde. &nbsp; F\u00fchrung Gemeindewehrf\u00fchrer: Tobias Welzk Ortswehrf\u00fchrer Thurow: Mario M\u00fcller Ortswehrf\u00fchrer Carpin und stellv. Gemeindewehrf\u00fchrer:\u00a0Andreas Trebbow Weitere Informationen zu den Eins\u00e4tzen, Ausbildungen und Aktivit\u00e4ten finden Sie hier. &nbsp; Nachwuchsarbeit in der Jugend- und Kinderfeuerwehr Die Jugendfeuerwehr Carpin\/Thurow wird von Caroline Liersch geleitet. Daneben lernen auch schon die Kleinsten in der Kinderfeuerwehr &#8222;Feuerf\u00fcchse&#8220;\u00a0 schon fr\u00fchzeitig was Verantwortungsbewusstsein und Teamgeist bedeutet und erwerben grundlegende feuerwehrtechnische Kenntnisse mit Spiel und Spa\u00df. Ausgebildet werden sie von Anja Zahn und Tobias Welzk. &nbsp; F\u00f6rderverein Die Arbeit der Freiwilligen Feuerwehr wird durch den F\u00f6rderverein der FFW Carpin ma\u00dfgeblich unterst\u00fctzt. Informationen zum eingetragenen Verein sowie Hinweise zur Mitgliedschaft finden Sie in der Rubrik Gemeinde \u2013 Vereine \u2013 F\u00f6rderverein FFW<\/p>\n","protected":false},"author":4,"featured_media":0,"parent":0,"menu_order":0,"comment_status":"closed","ping_status":"closed","template":"","meta":{"footnotes":""},"class_list":["post-340","page","type-page","status-publish","hentry"],"_links":{"self":[{"href":"https:\/\/carpin-mecklenburg.de\/index.php\/wp-json\/wp\/v2\/pages\/340"}],"collection":[{"href":"https:\/\/carpin-mecklenburg.de\/index.php\/wp-json\/wp\/v2\/pages"}],"about":[{"href":"https:\/\/carpin-mecklenburg.de\/index.php\/wp-json\/wp\/v2\/types\/page"}],"author":[{"embeddable":true,"href":"https:\/\/carpin-mecklenburg.de\/index.php\/wp-json\/wp\/v2\/users\/4"}],"replies":[{"embeddable":true,"href":"https:\/\/carpin-mecklenburg.de\/index.php\/wp-json\/wp\/v2\/comments?post=340"}],"version-history":[{"count":26,"href":"https:\/\/carpin-mecklenburg.de\/index.php\/wp-json\/wp\/v2\/pages\/340\/revisions"}],"predecessor-version":[{"id":1535,"href":"https:\/\/carpin-mecklenburg.de\/index.php\/wp-json\/wp\/v2\/pages\/340\/revisions\/1535"}],"wp:attachment":[{"href":"https:\/\/carpin-mecklenburg.de\/index.php\/wp-json\/wp\/v2\/media?parent=340"}],"curies":[{"name":"wp","href":"https:\/\/api.w.org\/{rel}","templated":true}]}}