{"id":331,"date":"2021-08-10T09:37:28","date_gmt":"2021-08-10T09:37:28","guid":{"rendered":"https:\/\/carpin-mecklenburg.de\/?page_id=331"},"modified":"2025-03-09T19:15:45","modified_gmt":"2025-03-09T20:15:45","slug":"fischerei-reimer","status":"publish","type":"page","link":"https:\/\/carpin-mecklenburg.de\/index.php\/fischerei-reimer\/","title":{"rendered":"Fischerei Reimer"},"content":{"rendered":"<p><span style=\"font-family: Times New Roman, serif;\"><span style=\"font-size: xx-large;\"><b>Fischerei Reimer <img loading=\"lazy\" decoding=\"async\" class=\"alignright\" src=\"data:image\/jpeg;base64,\/9j\/4AAQSkZJRgABAQEAYABgAAD\/2wBDAAgGBgcGBQgHBwcJCQgKDBQNDAsLDBkSEw8UHRofHh0aHBwgJC4nICIsIxwcKDcpLDAxNDQ0Hyc5PTgyPC4zNDL\/2wBDAQkJCQwLDBgNDRgyIRwhMjIyMjIyMjIyMjIyMjIyMjIyMjIyMjIyMjIyMjIyMjIyMjIyMjIyMjIyMjIyMjIyMjL\/wgARCAEDAMIDASIAAhEBAxEB\/8QAGwAAAQUBAQAAAAAAAAAAAAAAAwABAgQFBgf\/xAAZAQADAQEBAAAAAAAAAAAAAAAAAQIDBAX\/2gAMAwEAAhADEAAAAewc4bmqHQsueXW22ueTvVbuelfH08q8wKbbZQU2ZFOkQU0EFJNxUkEU6EySDoYghydNu5lFHanVIMlqrKQOTt0dc81Xa+uQmImhtNANTZkFNDg7sEWmhQUUGyxhc3SixiizGAmWXrTROvKFw0YDqZCzQI19Lm7Wd9Jk21SoMeWsVUVnIKksjOraz1jffCMe6qW1OaoDMOpG8YtErmwyaM6bZVF1Gbm+Kaa6Hr\/Per2z1UFa5whdsByWJqYXLoRBU16ZiPy2s+hLhNBPoAcxNrTp0gxXU49GDUg1aJdyi0inRRIP1fGGc+wF53pLmxz+lzSMjNtV8iupJlyi7Icuc7NSNODNOnRCXcC1tMEhkVJgpq0CBgCrwAB2XKDc9zQ5yxUHp2quY6dUSRZlVat0KotKxVuLVaxKKjenKazRWKtI9GZnNr07zTumE899Cyh4edp5KZGm5MaWlF54i203Yzb1KdInJaHRhckEafRZDmBdTn3OtQQlUXvUwLGN8NuxiiTDl6rIoPYTUY26FZV0kSWzMme5yVlki1tKOzqZutKnzctmypDR26eo1SxV6uK1paOh5\/ocq2tmpDgPPFpBqWEnCjZqSggy43HtK0K3DjdlZphu5Aqvty+fdey7Vvqji6nYXNsvO7\/V42F52pzefK9ON5bpldfXDoJ8tS7GoTzS6JOcF4SwJdjx+jb6t1Dpp+b6VQecnucvN7fd+W7VT6DDgsVnp4OHlJ1sa26zCodgpXMYXc46eGC1QouLEVTup48slcVSr6ze847\/AHR3ZU1xvaIPKH6\/kJetzvSZed7GBvco1f0MPYqOmt8rSiukywpLSnjzqdFATbtIWCnXIJyDdxH0PSYcrha36Hm8Ffl72PSnJcjMmWwsvaraZ5e5l6TnPZBJPAcpmyShblJWFJYBNGkBmhSrXAX3VXI0YN5Oip2i2KVaa1a9Q6mKPJKvKcxgHfk5pzO0KMiKVFMkTcc3oGSdqQoKmEB5VNE5hUQJIycCFeGpTkmJEZKE1NsYiskpBdSVRSGkz1UQWBpSGUYhOWbY2sDHGcmY7vMY5KQRUXbGWDgpJIcMporoychMkh2SHN0grWEkkyQDAlYcySqI0nM3SkgkqqTpDgkpmukmv\/\/EACoQAAICAQMDBQADAQADAAAAAAECAxEABBIhBRMxEBQiMkEVMEIjICQl\/9oACAEBAAEFAm80hyTT0ntnqucCE4I1CSRqUeIqv97AbfzksfD6cNg0y4q9rLJEr0WNn+\/d6Xhb49znuYoBbJVslfWvSsr+q83UbwcjKvPzdhb5P92jvCKP9m8ZWVgX0qheX6Xj2c2muMcbQh3LE3deKG2dUKuu1v8AwJrO5S9zPI85+fv54y6wHjfhbGdRiuGXUagNiTMGg1PYkOqVJd+4bd4K02w7K9JzRL87lyqwisXAKysus3Zu9HalZyzmbam7gN8SbVWUiDUfJWGwNhe1Pn8me8O6u5iedvPaGGgT5NHCMrnNXId1gsSWJZdzTqoecyHv0undVTTz2crI4t5OnXZql+TGvSqT+QkEiagSqx5adFaWXaJ9Qc9xIE0mp7qS7mfctsQck1HBJbAKBGI+dOk7syw4sak+BPqdo1E3dN0aXNVqdyNLTJO2SaqwZbIkLYWrLyHUFMaW8abgszZ+XjfTdnkxyNG\/T+pjVZtrHe81SWzrQYUm1slk5+zMeUcU7Uim8Jsu4syqTbNgRc7QzsZ2ScdCQYjlMPQcHSdX+LdU026TUpLkjXim23Ypt2NFmsg5fw7gVWldsrjbyouNYycchRzVtm5hi9587M4Sjm202G6IEQFcAbufcR5tbuUrNKkY9Ik7gYhsUKzEciP5um1GIVQCrPQH5o4xLqhwpAZZo+1LGP8A5yndn4vDHlW852v+z7EFit6AclO2wMWwTIu4xdhXm+Q7QthRN1s\/5aM9rULrY2Km11+nWXTDjRKNqYo+VJTacNn8fJivUbtgf5KO4CSGY2mm0W6QcDTws8x4lMFhtO4LaaSijiEnaiSbJg3xn40Mh\/8AUF1XwjFttWmZlJNkwcNC4aGFdzqmyCWNVcK6aNqfTzopfVIkZfdKNSGInYSs8hVpsjDzONJI6+2nAJn9uImnX2brHciEOpBjXG07Bu3LexdqQYIqGwFfbhVa0aPWIqEadndHDRigUPt41UEEiI9veZY40hn3ab+QTPeKF93R99wNYzZ7jcO4c2yM3a1Od\/Srnvkz3DMNzWsm9O2CDGxdemzFHikh1i9PlWfUxd6eLRTq07U32XT6qBdN2Imjk6TAwk6RKFk0c6uBTf6l07QYM\/Ky+A1N3OVe8PIR9wasj1naCvHMvjGTk6dWzX6QRs2nk05Ja9Q7wunU541j6zAci1EE+NHG4bp2nL6rQvO82kn06\/M5887WdnBDyNLJiaKcgdPkOSaF4HEChoJXimi1itgN+k2ljnk2Xj6eNs1HTjI0ujmjTZedrmLU6qLNP1CRsj18Eh1rhksAbxl1l1n7ppu\/F49CFkSbT9hm+M+qkFabqUsAjmV\/S6xtTAobW6ZcPUYcWOHWK3T6Dx7Cnx08JAdpVwat1z+RGUcA5rNPL7c3Y8GsNMvUdG0OXuxuMWVyss80oWSykalO4I30\/UFIV1YecqxJp0ZZdC1PpueyQaOE1g5zyZDz07UblqwOMOfZdb0vtk\/ZGInIonhgm1ZH\/wCobIp2Vouo0ZOowJj9VmbDqZ5DG8QQ\/faMOfgfaSZMWeWN4JlniIvA2EZd5runCmVmy7PavVyNS+miTdPK1KDZXg1bfJQkzKe\/l8+c\/W8nnOlSlWvKotqI4w3UtMrP1k4795xiCpZfoYlObazTrs02oO540dTdAPyrWfOU2cLl84R8uLj3d2fXTrk+q1DYGttuONpHywIwVRjLzIFr8aVdpkbdyxArK55sZuy+CSTt+P5fx042r+S\/fIntT9UdSnfVV7rEAtdcVm3Nt5tyuAlgIDm3Nuf5u8AIy6yraXjHs4dPI2dmNSpjGGbDZI4wC8qsqxtrAKyrzZWEV6Dx6XhOfLKvITte+TKVJdjlHP8AIHAFGrwZWKLys282cs4bK5Yz8weebPBusI520CuDyRebKwDnx6BfkFs1xeVZq8q8qmqsoj03HKznG9PiFJzYRi+crNnNZ5wZ+fp4Y8ZeA8ec8j9Kk+n6PF3h+2wnGWs\/NvOAcfl\/GsANfXP2q9PBvgc5XPN3fpfK8oD8T5XyRyORn+j9P8XTjnB9T9v0Z\/ojlcXkDxjec\/\/EACARAAIDAAICAwEAAAAAAAAAAAABAhAREiEgMAMTMUH\/2gAIAQMBAT8BOKPrIrCeerbkhr2N1xFBElplKJxF44YcR9HIUWxLKy8FHsy2tMw3ywVdHR0My0joX6fwiO0OucTnGkrjI\/ROstwOFbl52S5x1xPi5QfKQjvzQhxNPkhyF1E1m00ZStumsMM8MpPPGZMTH+jWHI5K0YJbcq3sb23UETI9Dkcr43l7nhhl5456sti9X\/\/EACMRAAICAgMBAAIDAQAAAAAAAAABAhEQEgMgIRMwQSIxQFH\/2gAIAQIBAT8BNmj6Im7OO\/w0NFYg2J5v8KWPoPkZF0WWSnR9GPpKVI28zAoc0iUrLJSNjc2G7XROjaxrpWXj09y5dPTzXEiOXnUrG2XDzFf9L62S9LoVFEpOiGj8kcijOP8AEeLNjdn0Nkf2RtEpCmUcfJoS9eLR4aJnyxxv3Eo2KIxSs3LTHxmv6F4XhIi+nGzj99GhSZuWWspmyJTobvEfMfooZebID9KKLLw2X1TLG+1db\/z\/AP\/EADgQAAEDAQUGAwYFBAMAAAAAAAEAAhEhAxASIjEgMkFRYXGBkaETIzAzQlJAYnKx4QSSwdGiwvD\/2gAIAQEABj8CW6OSlq8NjCojRA\/gYQrd153c+S0\/ETx\/GYlM\/itFW7ANVwICiI2yv5+HqpWFYAsWHE4nUoljiGkyVLTN0KY+Cdp3NGqiuZGqldkCqOyKdmOa7rX4fdU0HHgFAbjPM6LNmdy4BRwWGzbh6lQF7M1pqL+i4yjFOykrVTKw0181IWqglUCyOyrfcocc6MKGe8d\/xXvHYuTRoFAOxRACA46tUkqbj6VVZ5aor+VhZ4qq9FiUrXUIDkoTsADqVM0WYl37BR6DYbeHNdhcNCELK0htr6OUyt5U11LkAeK43UuhVUt4ckCsuvosxHY\/6U1nrdqt5by1CHS6ov8AZ\/1Luz18yfArJj8lop5XQnbH+ly7XYeKBXRYR4rj3Wq1KyBzuwlYn2bg0ayEOMoXau81vV6rM5V0HNbhVOfEreCpiKo0o6Q2pxLssLQO6jops+BXmsA81E8VrxRTMogHTmoRxVBTrMGn0lP8NmboieMyjhHaqq2fHVbjvNe7xa6LNTgmZzryWenFH\/Kbd2RWJY3aNmUA3nGqCxChs6hPb2Q87qeSj9lj9oB3WqBjNzu\/KqV9E3Qdgi3rKxC0EgTonNqXTwTssDtonN4SuSJltVux3WHDxRaOOqa7WE2kUVp+lP7\/APVNHRSu63s32xquykuqsWJ1fpwrNu83FHdciQIgHRYXtnqps7azjXMMKeBBbgmQdE9rvqesLdFIUYI\/whVYnYh3CofRSwYvBB0NhUd6p7nOyEGeqcMQDZqFFHdl8s06Ldw+CxNcJWV\/pC32\/wByIyz9zVr6XYYNeSEOcm5WnXeqnG0swDpkXuzaz2CipWJYrVjWzpGqxNqUE3FYh3iQsbbB2HnwXtG4mtaYhfV5LdPkiMJRgE+F3y2qjQsrT4Fblp5qlg5fI8yvlNb4qVhcuB8EYZOJD3IB7plhhZn58FhphbXFwVLRoMbrk7EG4TxlDlNzbMOhwEZuawwHA+qylzfVZHtd3onTZu8BKdPNHsofHgdnw2B9ymY\/ME0Olzfu5KRBu+VZu7qog\/lKssDne8tIwle8ZH5rg2xdhgcFnwu7he8Dm+q93aNd2KzNa79QWLBh\/SVibaAdCFic1pb9wK+W7yXy3eWxSzd5Lc8yqua1ZrR0cDKmT5oYT4LNlKpc20dixN0grenoUJbppRYmPr1WZh11F+W1cRyNU72lmMonE1EY4c3UOVk0HefO0HceN+Fy5t4FdihZ8Zr0UOzN9QqHTW7NRZrWz8wvm+io1zv0hFxsHMrEkQSshDu6hzS1OP3GFaEmJK3s3RVONbrtjE7dJi79roNe6dasqz9rgrHMQ8knEE3O5sD6TErNm8UDGq3QsLqLKbuajdVBi6Ll0u0vjmoGjaL2ROZumxBRtf6cZOLeSZPJMn6XXQg3kAE7vdRywvC+ou6Be7s2gfmqs1s6PtbRYceL8pWi\/m8npRaIOadOACbaN0dfIuNrYA9WtXOFKHIulOPjfJ3WCSieN9F\/q7cb5Lgv4uk3PYd03Yv\/ABWe0a0dSsrsXPCF7uy\/uKLiGgn7RS5x6KL+toZ8FhHBYiKRxWo8Ltb67FEMG86iDLAimriFnt3HsYUuvoJQu+nxKnFXoFqhG7EBUWu1mrsck63PCjO+xF0nF20WVrR8TX02dJTbP7f3UBrndgs0N7rM5aLK1a\/gKrRYvqaKSquWUlaquxptUukqnwdPh0u1VFX02NVQVUm6q8bp+DX4EzfJ2dF02dfg8lrdvbR6KvK83COhTj1QUbHhcZ2f\/8QAKRABAAICAgEDBAMBAQEBAAAAAQARITFBUWFxgZEQobHB0eHw8SAwQP\/aAAgBAQABPyHDCG6FmQQbpU4eZclo23dsUUSn6asaupQgUnzAWOmPDH3m91x\/+Cy0QqxcbtjvYXiLozMmE29oLN+kzLC2nc2hPeNY31UTMtcF6+lSv\/Nf\/BgzCBA2ZIbIW2S\/THU5CMwcxSVK+ivqVKlSpUx1\/wCGLYITbwQqECsiFdzYmrAzuak5zEo\/9VKlfWpX0aRM+CY0RFkpxDT8SyPlHjDE9V4vML7zlk49XEuSmYB8xah3K1TTtiaumkNTDXfT\/wCKmJ556ibLpqpfuMWH0PTiCw25RuLcpyoiWcsteZsI+OiUdWjNmZlSGg7IVkIGjGNRFgBeJSq964ZpO+HqXW9Rrc79VZmuD1lCqnFIlTxfeDyETqJpOHdwLazUVzcfoCMMOogSy8Rd55iMwmBUezVqIA976iUZ7N1R5gLb7b5mMZja3uJBbxcDrm1loToiZekK24L3VMVlN7ekp\/zNVJ6RSDBfU0o3nTLarvjMXJ+i6GWMoQKCnjEThttXtGTvZTQerqUDucEP7fxLkqCi1en\/AFK5xfAYD2\/bKUDg7IyO6OXncQqX8ipX0JyHeXALrsYhTuYQViJlrWszPf4lErE7aiFTGia+U1TRpF1NKve5vX55qDdfyl7JhqCLKwxWAOrLgaKt1snRZlvAEsBUZvQ9+ZXq0zgf4\/zFcodGD+4nbb+pWPeohkiGWjBT4yjfoyrXeA4lg5TZMcQHtDq3lbFLItl7W1JS7YpYDVnrPLAXCB8oyXxfV2wGbQxQ8RLjooTFMtLt99y33KMvMKmgCq0S+XaPvC6Zg1B6zbV4DHpHP+zDKc56Cblx0QD1Qph9Ycmod9zNgVFEJtFJLP1Mceh58Q695qJgI8k4i7gu5guunEokWnNYnrfLEsv5nM1gjYfViUZ4rMGioh1\/svcMmnFbqA4auC\/89Y0NscjP8EbuGuamBX3zlKS3HuqPOvtB0rtmdHMJd8kSTkLw6j00jTd+v8ygBd6\/imcDv0n3jbP0u4jIxo3lYq\/6ls9QcDZo4nqHicUVgO5jt+OXvORp1hOT7SrRx+cXLj2jfEp+\/nU6M4RxPacDEowv1ud+6th+FP0ovbEKa+Y3mhWqtldkW3rxfMpouN6hpKjRScka5LMzGzkK2ytkj4hGz9sxGoYYCVQnWwFSUq1N01ftMYSPN5iJpnYsH8yz1elHj+ZgRBeFX\/swqM0ISCHIZqyFUayPfMHLRp6Mo16DzWBZSJe6ObOZsbxsuBbRLWSBQQCuMQtBeseSZwyobs1\/IwM4Wlb7tmaXYRdMeviU+xhq5tVgxUGTKLrUx\/iAozxDQgVpzVlAcrHMlJp6wcS6wyyVdSyQ5W5qUAXSmu\/dh3Bysasxj8y6iiUUl\/X+uUqaLPa\/98RdK2VdVFSlcC3DqWjWmqON3Go9j+f1KhUxBzi8faAsqilDbUJN8RzTnR1yTPgARfeF\/FSqpm39CJese25kY62\/mXbd5VctQVUAV58Tz\/j+4FntjyJd6GQgZLVN7qWi8NWZS6Bh0Jx4jtazecRyFaR0hwBq0LxCRT7VQQjLw+ZbZC43EW2GDNuJUFm7VVywFeWMwcXR7pRAtGgbzGQvU4Sp8mlB+r\/PeIpPFuX5cYlAFP8AlSylROF+SEgUpRTcF0WbcREUXQUr2uYkbOhb94zCAZv+5gLAoVCWwvAa+Y6IbhcGDYhvAihnMjZ1hgLRKtbv3hlnXjuFnb3xFKnr0gIArdOPaDo77vHCaFPE94arunxNFFQW4URfRDjVBNrR+pVNY04MpqXtj468xEUwo0z\/AK4zkNgmnuOgL22g\/qIK\/hTMxFoscfMTm5dZrD4vbFwWwxSZXC2zmnGPWoDMm+BbPnUBJxxVY1G1e+lK+5MKeiXKLCxYtaSC28nEZAnsYGq2lpKqCWrKErBppsnyhuNApvgcfJEMLd7\/ALR4hPDXzEBjTnBv5jYKxpw\/mYsBx6VC1eZq8fxH9Nr+INZHX0FZN3y\/PcUsBguv7IUR1KtMDVOSDUFhrXxAQpzlEESa00XgI65UvFv7xhXkS12tLuWYHglRjEtF3vVf8wEGl0xIhKa5V7wbjnZDZXAFFt51UbZnS69WJ5UmH9o0EK5ZfmIlRbH9CUCtmfiFCl6Xi73Lxsm2znNTGzKJDwNely3T8TFAGfMVH0bgxBWMZzExlsAnMArWFNG4TV5XNBTHwLZ2fVCD25EzAMPuQMi5ulfpmZPrQqPFkHRRczS6psffUuqDLhq7YojAbVdUfqFLZU0PyfxMSry1T7Z+02idZD2laA6sgYJDeQ+2ogRreTEgFhoVDtL8tyv7f6a8r1qBbOYyrvvhJwEvDmcbDxakpCG3YLhAs3WaHUcVLaeCypMnG9vrAivZ7ykBtUc3BWMLhCUMvsPSPkDKoYfeEhAJchxPBOj1PEpAXy0+8zZlhK+0OekBVPrqBjQkmbAv+I7Qe6J5Yf8ASc2K9ILlUBI6iPPjnxN+p3zHQWOEY91XOTj1iu9X7zLRe1vy+YWdJyL8DLHeqHTKOIjd63EqQvUvtL\/GzgTMC6f85ijk+QDE1DdYPzEuk9n7g42kem4O92g87grpdEaZcp54sqvef9QnD88TW\/dT5PhlQnAn3fbHywFxnp7hiOP8qZZN\/mBxhcJlcpErvnrnx5nftcvc6u8rGV0jWXP6jhoCJb5COjaxVWv+5WvWkpgWi7S6gwDhjEuXs\/1Hse5HGwXh5gLOjYHMAmvuhf5hWAX2xT6RGsxfU8\/4iaM5Af6nBFcAMZhUeyo9+fdgauX5H9RH5o3B2fcgvJvk7llXYlI8nmOGtLVp9PiFpOKL7w8SUNPGYCHTUNx2NQCuQ8tS3owGOcw1ibwOSPsI1bz7\/wAylw4uqPvqXJ2P\/hONHlf0lWJXsRjKAQeio37PhKYswnGJg2a9bmC8ixLz3MCyPSXC0iroAzQBfHiNpVmmXe2zpnk3k7gMiJG0H+EfqUNthhja75gj9x6bZ45H6C2qvE23\/Qv94lt0NqUWNZiMmopsT1xcbQUm8JYrzrU\/0\/tB236CWXzd9WqAiMBeeLlLPxqUtVIRMWwQ6c\/xC2LjgC2qfCWRD0lxtZ5HPuxOBPN32P5jp7WlCZw9P6ngHf7RnhcTQB7Tx1Dv7j0aiFlBx3GQzFlURVenqnAfmBxa8zHIu9z0PtHGkXgrUbJblXpf6hNlK\/E5rvpzMSNhHmypYy0sleziU5yFUPtULZLtgZ3QMvW9nWZYIjyMfIG9swr09j2IBZiYKCYfwxy40B0TUa81HOX6uYnb1l\/4Qrpi+IXGw5l+47B3LxX0oYqW7xZMCGlPaWKIV48RKjh7zb7H5mspZTc1MlcmPWams3YPcAP5WofEWhF8WvzHms9upkHTwYuV5N\/M6J7z7PMcz+Zb189wwX6ZhNSIb9J0UK6PTP0SqMAeYbDXPmckuLteY5KC3EsWb4K+IsRsNKc8v94m9h4slbQqyqr+JdWL4xNOTybgaqrllot3e5Xlxruf1IQdL3ivR14gW\/2Y4M7IaJkF3UKxwE5MV31HHeepnt+WZbznaXTE3kRmFrteoLb2nEBkBY1F8RFm58ZjbDcuZuXT7ynx5tuYAd4Gpd0\/MLJmB0knUoesS2DGdSzmvjMP2Rw1we030U88y21nfMvVz3gPOZYqiuDE9n5i4X75h1IauuYIGYGv3HeVGuIes83A5rMrgA1z5mXVHtL7PzKOTAwouD3h8zYwlTFZ\/EsUOeI2s3PtOBAYax098+I0gp2QrIBfGLmFyddS6wV21xPPnhryRN+736xOgfGIPevXmYHN2bZ1JnUMq1jiaKwfmJrB\/U6Oqv0hZH6gNWrMcPeqlOOviGymfDdwNLj1eYMnWqZfIx5lTm\/tEtvUvv8AaYycd8w4Ae0s2a4ZZ1OCFNZ5lhY84Vh5O5S2MdQ04lcW9ELpftlqd+iVvrVMTK697xC0ODjLBlqx45lOWMwRVuHF0f78Q44v1\/EswTAb6YLRPVJ1bTrErIInpuGTZXRKeWM0TsR6LLgEXjsLiPLOPWO9oqmeZkXnP7i\/8fWi0+EzNo7jt6E\/NhtFWVZ9yYky8vpdvCte85HmcPScvSELHuzP0ncsTVP5mj6f\/9oADAMBAAIAAwAAABByrxTeecuNIIM+90Af2FI6ziRrCzkXc8ogW\/IfExarism2SYNME\/Dk\/MYtWL1v5fowj6VHswgmudUgxlZvE5Ft5mQAAE3jSb6\/p6X\/ACpD8ZX16svm\/E5qPVIFOFWJj7vrGCU7EiGzktCvfQB1DuGCu5O9LKFzrOCNxC0BC5h\/\/nc4PyWM3OR3N8O\/ovsn+B3DKPwZ3m7WTx3Mk6e8ABhiD\/8Avw\/wAwf\/xAAgEQADAQACAgMBAQAAAAAAAAAAAREhEDFBUSBhkTCh\/9oACAEDAQE\/EIWKolT9\/wCNFyW9GohCfCPjobKLag3OCms8LsshbguCXFGq4dy2KhzUNTnqRkOo4JVw8ErpOYP4kqIpRNSwvoNt2NRSXg15W3o0VdehPXFWnorRvR9h2HgnM+7\/AA0syxnSZqoaNsfQ02LQzRPjtl+xJeWbYxe0UUJPYrdX1BpSV7+8H6DppWYQSMn3JPBOuiHvTreSYvYihPiqK3nPXBJPGNfTKrH5lG00NcJBGmW83RLIYiGp4MoRYYx8DUwencbrvjvHCVISsSVo1VD30vvjZBbdKbiKeik6huxNslGGicWhdmeFbId8UYRjOoo0NDfsSIJQpeEMybxYzpzfKPHw\/8QAHxEBAQEAAwEBAAMBAAAAAAAAAQARECExQVEgYXGB\/9oACAECAQE\/EN265t1TvryAOdt\/m8SbC6jbbeG86ce8ZOOxY3JnV\/zWf4Oe7R4y7dhG\/rBh3PsdLF1sz746uEH7DlKu2cPy\/wA4O53pK7bKE\/3\/AAh1YE87ndwbP1AIXchR2dI4TCyIA\/YEbdhOrwiHWx5wIt2TgvS9ybW2AZLyZJeoeot64aHV39923eQDziGJ0f3tiPjzh9tGsruS+2oKQ8kX8sInpkvs682Kyftue8ZqJ5sseAf6u\/X5JOyI6XrAjqsT51GTUQ4Wo4+vOejps1GG1ceCG84Mj9soTy\/DY46WWZVI+LMct\/kuxJDqGdtk5GTJBz7Pbs\/vjZSHPLLxrwcZbtbLy\/23DLx5wHG8E+3yeD2b5HH5feP\/xAAnEAABAwIFBAMBAQAAAAAAAAABABEhMUFRYXGB8BCRobHB0fHhIP\/aAAgBAQABPxA1ROHSXDLez+yar8r4HQ32WE+7iy8++EzOc2Xm8RiJuvYDLBEIhEJkyZMiEyZMm6N\/gProdkcfpsRXy5dZcvar3f4rMh1iBOu9CEemyZMm6WTJkyZMm6Bf5zvBf6Ex2RLdY7\/PTPVH\/T4CyEyb\/HnJSHTB63an1e5ZlkyITIhHplWTf4w9V0BfjJQ6cz1zvjoMN4GtOhv50TJQWLPVO7q7ALA04Po6J1kQm6e8+0t2ufF9xiuf+UVMnqPi\/wBal0n59st6V9X1jHBWS+qRMWo6u6+QDgPOau13tUJxEtPwnaP\/ALyYEHMywbwhzFII6zpr+1kyKEL7Tl4qs28bsiPGq4wXtv3SorfVO1bq8HpGXz30W6w2uSC5DbBWvbFmJLGKmANjtjjrHq2uaxtV8npnWi9c6BIDrB8ThR1zx0cFd1qILk6y0Gdf8LueKYdHXbrgB5xsV8t8xnI2bSeiD0fN5JT7Quj7rxv87jtFf0X2h+cV21+WVnGPlVn1CC7E5q5eVkUxkNhZN4ldSz8xSHEIyhu6\/JMaxahR85Y4YkYHMrMk4e09mJAtYBQaXhsAl3xB8XQ6X6bMAsLwENw8d1UxZNQv2bcQrcfuSXL4Jv7X2hps+d18L7IwOGNXWojjNoXFTjL04Sr6WPpyIYjKX7r+r\/FtXD6XH+o9qEL4emLGMHAaEO1M1QOTDdlXp1VtUmBEHBhmsJyLpBQagEsU45Ou1XHX0PdA6px\/LvsRcJ\/ibJBiXLNpGmSc8GDleOKOyP12LW7Og1GM0a2oVPTU6GqIBJDS9kIZ8DFkA0tZ8Vw\/ytH\/APL45orstY4F7tQNqtD\/APcCHZi9DPyV9u8YYUlY5fLKa3C0S9OwwA+QTEfqLF6e8kf53x\/UM2rDKAORqAA8dwt2uZjlmaQXl7JwyZP2XM1XK5879enbv9HAU+bPIyxB9hcYyDbFvFwPpmLt39Zgx0VkABsSSAu1Dy4Di045RAUn71qzIjGvRmfb+\/a4e155XzyZu2GK8K04Lbr+9zy635uiclxjVXd65ANzeoYOXC1kXB2SbVBYZsakMGAoCAagALj+4lfTxH6vR557X2jS6n4E4dl+D6OAvzb4AxoRC1+bFkEB3yVvMm\/dVPJrs19zVzMnfZeitSMsTrRb2vBEAOciXYjGyctcS+XvMswXpneBcj2w6fM\/4ckfov1E\/hwuJ9nWmyHko3XzQoGPhfGnQkDwnHwJz5VedRi+\/SA9mkHn6faHkMfKjuY8CVU2f+E5YDfZe5fyEgoGl8is3q6pm1FwvIqbSO61Aa9jLEOQXJhbthmiNx8nHbA\/CE7dvJJMkSTkJzZOGNiRp98sbQlzFgjHc6pADUAgntLVU7pxDcS0gQGkWtEoC\/f+D+K9mjlYTJZBfQeHTxgoJuhOCCHvBLZf2r4c+yr+nwQKHDt8r6bwTPbKmJ\/bDj6WglQnEHpchDJ7QGWhAxFvLo6T9xzsri+6FZ2BPbol9YIebK8HYrP4iRJB8QQBkV4\/8R6417r7X+BDjRcXzL+onYKDP4RcvXvUOW7leFeKPi654Kt9VroNGcmThQKjGruarE1kryJiTiBB1clct9Bh0KlTijCGYzAPZadfcQy7PFEcVmx6TgBqsq\/ArADNBRRHo3+0SKBLGWhD+p8Ae3CTr9sGtr4W\/P6A+GHdDZO0Rz5Wz+5\/RZ3uKFpcuQbAlTA\/\/QOZ3YV2Kw63pT7Q35osa6gLX\/4kX5JhgXkvz3uRdv2XUY0eJ0Xt1YsWso8m4CGZJinILOWGowTRVAAgBgdkOJcs4X4pKdHosW7CG8xmuHJJA7wV5f4kxtK0bdSCodnGWYTA7o\/UXLQCWaaqzn6wg+NDRG+L3kIBqaEgjQKc54ZAuaPVNX5hwAgQ92JgmW7R\/wB5p8JlhEnFb92PtOqxcbxMhFA5I9UWSe2Me0tUL1X9At7PhS0d2tHYAAbBXH7ZuM3M1jbXymAOS4XULTv2CEsq+cYTEiENO8kgmcgyuH\/gOT4AgwLFDJrwyqCgJmf0Agu4BGLlPDykVNVi7+dhIdwtS8yFoL6wYgERChybAkwQArmEZQHiw9gwqqq+lGoVd7o0nT6NhgTBDlmonq8R2hgRBeDFwV3IjQB3qKO7rNvTMxIuTmVVs\/uCrq3TVhicrLD66huHDBscF5F7cd3BorkvTnuzuFf1Ud4iADgDVu0oY7qNjB3QsT77aAlllZ7cgRFDXRYAq7DJBZ6GwmiLTZ2K+cwDS6OqZ8QDqZp3lVd5BKiQQIBBkBDK\/wDgNKDCkhzGOiobtiCAJDkXI7ocOwSCs541BmLAsgkwQ5xXDZ6glc9nlYqzGDHG+nx5QVgNKFbrDHIbhLQNBaGfNSGBc5ERk5AnIUWHYkSdmkjOcVgJq1QBaLy2q\/hfQKjCvdabxuHBY7SXxATm+fl4fqym\/CbXXkuY04BbwnH+SQciHMQ4I1hSSS8REOzAAbNbn\/8A4XOXLdDDYHhsw3i6uK5HxBFjkrh1mASKOl87rmV2E+V21\/1fGfiF+D+0cVPfIKWXlYv2P4Ja+wy74ZdNf37+MjgOQCgHPfgAReqHVp3wSRBa9yVu9pYCTBZ4qc00iIAwXDMYkOzgws49ogmlq1hrFP8Ao8BEOQQSCYkAYkGyG+8ysXZpsMKIq21gMzJzIAX6nLBDE3NJ4kSYnEmDO61XhAZLrjllgFsiEN61HusQaV2mDyFROMfvNt1WN+agSCMkPvOghKZkGkQZEsZWD++Vy25hs3T3N+DLjOarf33J0eX9nrS6o55isq2luyjZbMg7AXoCp9WsIAFwFamRMUKtiaepcb7q\/awvCaputLkpkYlj2CyHuZANDi9XqV+c4kHg4KuH0JxiGzVXvZQAUMyVcVp7q8AGyL3JcGNbobQl7xSOyyRzfZD\/ANoJBcCRZoEe8aHWAl4gNQpueYGDiwgsZJwRfGdwFy74Q5shz53XC\/hcmdiv6L8wEvsy4qUqMxrVUrlOMkhnZ8jrRa0rmuUHI0TvbsDLjatVa+cChBVfCuq4Ruy4\/ndQmth5hwxeVgXZm0\/isK9OigIUGQLLPH6aJokVwKpT\/wA8gKilLt0vCPuX1\/BqsjYhTdaYXAAAnE6iirYkys9BvZNHObAseTOE7o6buHAXP+dBHLu642cF7q5gsTvVcdu+++KJ5+5c7\/MihFiF+e24LH34HP4S9LthtgC240ZKyt8Q4dyoih2IV2muwFiCPmQuemy+L273W+t53GVtt\/vqAfa\/vtpFSBtcLC4EeAsECJZyDIK4kfgIJ7LhGc1B2Xw1ckiMLu7g5OIMSsX+zYEH+LMMCN0MAjwuEfPSnNZkOe8LbP8A2Enxl0Fui5fxTLSTx+7ke7KmzZCEWa\/xigB2PbPe7NHpMxL1qTDBEGgMzFzgpvzDGwSAH5Clvq1TWr7HVbD3UEXa72RYfZmuUdaY\/Q+j4XObqkbdD+zb\/wCCtCVGWYvsQsLZsW4M+HW9fdsKBWF6564Ffsl\/C3pl8IOPzP8ACbAfnIWAFl2qYiTuCdCF7YItN0aNmuWafa43l+U7Lj6w1wVePUKgQHhk5gzFCJI1yEuMxT4feFttZJcNo\/dY87yZXK3yIXhjgA57rX9oI+Oj6Ousx5wIxghe2bNYPhuqJ2s40ci7ytewR5QGcotccD2ARl7U79VRJcgzXM9lr\/fKzJDEDDhdMfnCHD93skD8bmFP6u4H4RC7AkjAtgubeJCAW9V2kFg5BDg6r32gqEswXGoK4XtjkbrlpwDyVyNffumBHO+aKFA7NyYSKw2wRPL8bSAuVTz8q3l7iTsVxo5CJRry\/wB+G4gNyx3L2x0NVxuF+jP+GuNZap+vS5zk0+VzGny1b0Nm8o+f\/Qo9u11R32InFLSvKI\/N+qTHplDiNWeMT0PbPsgkbhy2pC\/loOHK216oVAAHgCsx0GdLP4CLBZzJvMyUXi8fwv0bmHgFae\/J\/jpXnn8\/F75NT8nO615u15DL2ndmwqhwLnpqrAdJ+ObmiP8Abu3TtbvWpZl\/fR5XP8eaL5d9mTcyTeizQus29pnVsipL5PZVlOBBS1SBrQr9PFoCB7KxHegOcuj4H0sueXtACqR\/dv8AJWX\/ALLsNnPde9u+ipupNaY9PEonmWycSclr5fwC4svund8UeA2v8lyuV6385dSx+5\/1azrk4RUrgMsJONrL7Xy5giPe\/m1nRHx3rQvVpo1Ku4ohUebxinX655b6QeHjZiDktGyWWg6195taXL69ycr8Fe0rm7vHpFP+G1c3Hv4XP8F33x+cl3N\/WO2pXA7GF+PO1uy4N+139\/tJHwuDoWEN3XkOaVsljP7qZEL56qLJv7wWT7whZhP6Haz+pVE5MxMhyHHKy8V+fJXLs0NTZcN64qb4hXDvcL0XFeKL2uT0HCu\/Qtxt3iHOy4u8rm84Vxf3CBfLj5Ly9nO2K5\/oX65D2uX6ntN8e80R8rhWs\/nsiX+w5bSJtWksu7b\/AGauKorP+COBe7ugRUJ+9yAtoQdsupRPnXlcf7R5+4Czr+5RH7fJswuZuvsXcgr5vuxYFPtD69Ic32XBwud4xfmS5\/pfq7tZF\/D0wXEi3Zfm+pWsYLP39Gi4jadHw\/b+bq\/b\/wBrbov5\/wBlwebBf3ux3mP1Ho3nbgn12C0a8evRw7tu9nuu5f5BmhwezDTKHPlNWbZ+g\/Q05mvrHaHWj\/hquL7O6Axn0KGZ3kVpr0PeAduJ00Q8f9r9Hjzx2BuuFqYr+H65aW5Qd92a5BcPww7rmvOVXF1lih0vb8\/i5\/0XG2hwR\/esj+zg5I9otXrxa2q52+0PL87BT8RZ6TUC4LSvdFre30ub1lrLj\/yuLe9UPtWjBH873xqtC\/gR2Qbb17w+l9O6FmM7IZt+e+y2j4YsQ4NiZ+hRb\/wJdpqcEbb7NcGzsarzX3ZNz686\/wARvP8AJRfP4Wg\/7nXwpaIZ3dCM91xWlC+mmZu6CWOqtVelo8roRNYtZivk9L5PSo16JWqmuhQ53XC4hSV9NP8AFg0eMqLFdy1PQSwd4ENNZ3XFujOiUcjPgVBPaDdR2fZQT3en\/9k=\" width=\"175\" height=\"234\" name=\"Bild 3\" align=\"bottom\" border=\"0\" hspace=\"1\" \/> <\/b><\/span><\/span><\/p>\n<p><span style=\"color: #0d0d0d;\"><span style=\"font-family: Times New Roman, serif;\"><span style=\"font-size: medium;\"><b>Die Fischerei liegt direkt am R\u00f6dliner Seen in R\u00f6dlin und bewirtschaftet 20 Seen in der Umgebung.<\/b><\/span><\/span><\/span><\/p>\n<p><span style=\"color: #0d0d0d;\"><span style=\"font-family: Times New Roman, serif;\"><span style=\"font-size: medium;\"><b>Neben dem Verkauf von frischem Fisch und Fischspezialit\u00e4ten, k\u00f6nnen bei der Fischerin auch Angelkarten erworben werden. <\/b><\/span><\/span><\/span><\/p>\n<p><span style=\"color: #0d0d0d;\"><span style=\"font-family: Times New Roman, serif;\"><span style=\"font-size: medium;\"><b>\u00d6ffnungszeiten<br \/>\nMontag: 8 \u2013 18 Uhr\u00a0 \u00a0 \u00a0 \u00a0 \u00a0 \u00a0 \u00a0 \u00a0 \u00a0 \u00a0 \u00a0 \u00a0 \u00a0 \u00a0 \u00a0 \u00a0 \u00a0 \u00a0 \u00a0 \u00a0 \u00a0 \u00a0 \u00a0 \u00a0 \u00a0 \u00a0 \u00a0 \u00a0 \u00a0 \u00a0 \u00a0 \u00a0 \u00a0 \u00a0 \u00a0 \u00a0 \u00a0 \u00a0 \u00a0 \u00a0 \u00a0 \u00a0 \u00a0 \u00a0 \u00a0 \u00a0 \u00a0 \u00a0 \u00a0 \u00a0 \u00a0 \u00a0 \u00a0 \u00a0 \u00a0 \u00a0 \u00a0 \u00a0 \u00a0 \u00a0 \u00a0 \u00a0 \u00a0 \u00a0 \u00a0 \u00a0 \u00a0 \u00a0 \u00a0 \u00a0 \u00a0 \u00a0 \u00a0 \u00a0 <\/b><\/span><\/span><\/span><span style=\"color: #0d0d0d;\"><span style=\"font-family: Times New Roman, serif;\"><span style=\"font-size: medium;\"><b>Dienstag: 8 \u2013 18 Uhr<br \/>\nMittwoch: 8 \u2013 18 Uhr<br \/>\nDonnerstag: 8 \u2013 18 Uhr<br \/>\nFreitag: 8 \u2013 18 Uhr<br \/>\nSamstag: 8 \u2013 18 Uhr<br \/>\nSonntag: geschlossen <\/b><\/span><\/span><\/span><\/p>\n<p><span style=\"font-family: Times New Roman, serif;\"><span style=\"font-size: medium;\"><b><span style=\"color: #0d0d0d;\">Anschrift:<\/span><\/b><span style=\"color: #0d0d0d;\"><b><br \/>\nFischerweg 16, OT R\u00f6dlin, 17237 Blankensee<\/b><\/span><\/span><\/span><\/p>\n<p><span style=\"font-family: Times New Roman, serif;\"><span style=\"font-size: medium;\"><span style=\"color: #0d0d0d;\"><b>Mail: <\/b><\/span><a href=\"mailto:sabine-reimer-meissner@gmx.de\"><span style=\"color: #0d0d0d;\"><b>sabine-reimer-meissner@gmx.de<\/b><\/span><\/a><span style=\"color: #0d0d0d;\"><b><br \/>\nTelefon: <\/b><\/span><a href=\"tel:+493982612223\"><span style=\"color: #0d0d0d;\"><b>039826\/12223<\/b><\/span><\/a><\/span><\/span><\/p>\n","protected":false},"excerpt":{"rendered":"<p>Fischerei Reimer Die Fischerei liegt direkt am R\u00f6dliner Seen in R\u00f6dlin und bewirtschaftet 20 Seen in der Umgebung. Neben dem Verkauf von frischem Fisch und Fischspezialit\u00e4ten, k\u00f6nnen bei der Fischerin auch Angelkarten erworben werden. \u00d6ffnungszeiten Montag: 8 \u2013 18 Uhr\u00a0 \u00a0 \u00a0 \u00a0 \u00a0 \u00a0 \u00a0 \u00a0 \u00a0 \u00a0 \u00a0 \u00a0 \u00a0 \u00a0 \u00a0 \u00a0 \u00a0 \u00a0 \u00a0 \u00a0 \u00a0 \u00a0 \u00a0 \u00a0 \u00a0 \u00a0 \u00a0 \u00a0 \u00a0 \u00a0 \u00a0 \u00a0 \u00a0 \u00a0 \u00a0 \u00a0 \u00a0 \u00a0 \u00a0 \u00a0 \u00a0 \u00a0 \u00a0 \u00a0 \u00a0 \u00a0 \u00a0 \u00a0 \u00a0 \u00a0 \u00a0 \u00a0 \u00a0 \u00a0 \u00a0 \u00a0 \u00a0 \u00a0 \u00a0 \u00a0 \u00a0 \u00a0 \u00a0 \u00a0 \u00a0 \u00a0 \u00a0 \u00a0 \u00a0 \u00a0 \u00a0 \u00a0 \u00a0 \u00a0 Dienstag: 8 \u2013 18 Uhr Mittwoch: 8 \u2013 18 Uhr Donnerstag: 8 \u2013 18 Uhr Freitag: 8 \u2013 18 Uhr Samstag: 8 \u2013 18 Uhr Sonntag: geschlossen Anschrift: Fischerweg 16, OT R\u00f6dlin, 17237 Blankensee Mail: sabine-reimer-meissner@gmx.de Telefon: 039826\/12223<\/p>\n","protected":false},"author":4,"featured_media":0,"parent":0,"menu_order":0,"comment_status":"closed","ping_status":"closed","template":"","meta":{"footnotes":""},"class_list":["post-331","page","type-page","status-publish","hentry"],"_links":{"self":[{"href":"https:\/\/carpin-mecklenburg.de\/index.php\/wp-json\/wp\/v2\/pages\/331"}],"collection":[{"href":"https:\/\/carpin-mecklenburg.de\/index.php\/wp-json\/wp\/v2\/pages"}],"about":[{"href":"https:\/\/carpin-mecklenburg.de\/index.php\/wp-json\/wp\/v2\/types\/page"}],"author":[{"embeddable":true,"href":"https:\/\/carpin-mecklenburg.de\/index.php\/wp-json\/wp\/v2\/users\/4"}],"replies":[{"embeddable":true,"href":"https:\/\/carpin-mecklenburg.de\/index.php\/wp-json\/wp\/v2\/comments?post=331"}],"version-history":[{"count":3,"href":"https:\/\/carpin-mecklenburg.de\/index.php\/wp-json\/wp\/v2\/pages\/331\/revisions"}],"predecessor-version":[{"id":1389,"href":"https:\/\/carpin-mecklenburg.de\/index.php\/wp-json\/wp\/v2\/pages\/331\/revisions\/1389"}],"wp:attachment":[{"href":"https:\/\/carpin-mecklenburg.de\/index.php\/wp-json\/wp\/v2\/media?parent=331"}],"curies":[{"name":"wp","href":"https:\/\/api.w.org\/{rel}","templated":true}]}}