{"id":33,"date":"2021-03-01T10:21:36","date_gmt":"2021-03-01T10:21:36","guid":{"rendered":"https:\/\/carpin-mecklenburg.de\/?page_id=33"},"modified":"2025-03-09T18:51:15","modified_gmt":"2025-03-09T19:51:15","slug":"breitband","status":"publish","type":"page","link":"https:\/\/carpin-mecklenburg.de\/index.php\/breitband\/","title":{"rendered":"Breitband"},"content":{"rendered":"<h5>Glasfasernetz wird in Carpin immer dichter<\/h5>\n<p>Demn\u00e4chst k\u00f6nnen die Carpiner im Regionalen Netz RE.NE surfen. Dann wollen die Landwerke MV Breitband GmbH ihre Arbeiten in dem Projektgebiet beendet haben. Seit Anfang Februar 2024 wurde in der Gemeinde wieder gebaut.<\/p>\n<p>In der Gemeinde Carpin mit den Ortsteilen Bergfeld, Carpin, Georgenhof, Goldenbaum, Thurow und Zinow wurden die Voraussetzungen geschaffen, um die Orte mit dem schnellsten Glasfaser-Internet aus der Region zu versorgen. In den vergangenen Monaten wurden Leerrohre verlegt und Hausanschl\u00fcsse angebracht. Mit dem Bau der Multifunktionsgeh\u00e4use (MFG) steht die Aktivtechnik bereit. Seit Anfang Februar leistet das mit dem Bau beauftragte Unternehmen die letzten Feinarbeiten. So werden noch fehlende Hausanschl\u00fcsse montiert. Die Leerrohre m\u00fcssen mit Glasfaser gef\u00fcllt und die Hausanschl\u00fcsse gesplei\u00dft und gemessen werden. Bis Juni des Jahres soll die Gemeinde Carpin sp\u00e4testens im Regionalen Netz RE.NE surfen.<\/p>\n<p>Wie geht es f\u00fcr die Kunden weiter? Sofern die bauliche Freigabe erfolgt und ein sogenanntes Signal anliegt, werden die Kunden, die bereits einen RE.NE-Vertrag abgeschlossen haben, informiert. Die Fritz Boxen werden je nach Vertrag zugeschickt. Der Kunde kann auf Wunsch einen Inbetriebnahme-Service buchen. Wer bereits eine Fritz Box hat, wird durch ein Schreiben informiert, dass diese nun angeschlossen werden kann, um das Regionale Netz in Betrieb zu nehmen.<\/p>\n<p>Wer noch keinen Vertrag abgeschlossen hat, kann dies bequem von zu Hause im Internet unter <a href=\"https:\/\/www.rene-mv.de\" target=\"_blank\" rel=\"noopener\">www.rene-mv.de<\/a> erledigen.<\/p>\n<p>Carpin, im Februar 2024<\/p>\n<hr \/>\n<p>Jetzt geht es los!<\/p>\n<p>Die Landwerke M-V Breitband GmbH ist auf dem besten Weg, im Landkreis Mecklenburgische Seenplatte f\u00fcr schnelles Internet zu sorgen. Der Landkreis Mecklenburgische Seenplatte wurde in 18 Projektgebiete aufgeteilt, in denen sich die Ausbaugebiete befinden.<\/p>\n<p>Mit der Digitalen Agenda der Bundesregierung wurde der Ausbau von Breitband-Internet mit 50 MBit\/s als Ziel f\u00fcr ganz Deutschland gesetzt. F\u00f6rderf\u00e4hig sind alle Anschl\u00fcsse an Geb\u00e4uden mit Wohn- und Nutzungseinheiten, die keinen\u00a0Internetanschluss haben oder deren Bandbreite weniger als 30 Mbit\/s betr\u00e4gt.<\/p>\n<p>Als eine Form der Daseinsvorsorge ist es das Ziel, die B\u00fcrger im Landkreis\u00a0Mecklenburgische Seenplatte in die digitale Zukunft zu f\u00fchren.<\/p>\n<p>Kontakt:<\/p>\n<p>Wilhelm-Stolte-Stra\u00dfe 90<br \/>\n17235 Neustrelitz<br \/>\n+49 (0) 3981 474-480<br \/>\n<a href=\"mailto:info@breitlandnet.de\">info@breitlandnet.de<\/a><\/p>\n","protected":false},"excerpt":{"rendered":"<p>Glasfasernetz wird in Carpin immer dichter Demn\u00e4chst k\u00f6nnen die Carpiner im Regionalen Netz RE.NE surfen. Dann wollen die Landwerke MV Breitband GmbH ihre Arbeiten in dem Projektgebiet beendet haben. Seit Anfang Februar 2024 wurde in der Gemeinde wieder gebaut. In der Gemeinde Carpin mit den Ortsteilen Bergfeld, Carpin, Georgenhof, Goldenbaum, Thurow und Zinow wurden die Voraussetzungen geschaffen, um die Orte mit dem schnellsten Glasfaser-Internet aus der Region zu versorgen. In den vergangenen Monaten wurden Leerrohre verlegt und Hausanschl\u00fcsse angebracht. Mit dem Bau der Multifunktionsgeh\u00e4use (MFG) steht die Aktivtechnik bereit. Seit Anfang Februar leistet das mit dem Bau beauftragte Unternehmen die letzten Feinarbeiten. So werden noch fehlende Hausanschl\u00fcsse montiert. Die Leerrohre m\u00fcssen mit Glasfaser gef\u00fcllt und die Hausanschl\u00fcsse gesplei\u00dft und gemessen werden. Bis Juni des Jahres soll die Gemeinde Carpin sp\u00e4testens im Regionalen Netz RE.NE surfen. Wie geht es f\u00fcr die Kunden weiter? Sofern die bauliche Freigabe erfolgt und ein sogenanntes Signal anliegt, werden die Kunden, die bereits einen RE.NE-Vertrag abgeschlossen haben, informiert. Die Fritz Boxen werden je nach Vertrag zugeschickt. Der Kunde kann auf Wunsch einen Inbetriebnahme-Service buchen. Wer bereits eine Fritz Box hat, wird durch ein Schreiben informiert, dass diese nun angeschlossen werden kann, um das Regionale Netz in Betrieb zu nehmen. Wer noch keinen Vertrag abgeschlossen hat, kann dies bequem von zu Hause im Internet unter www.rene-mv.de erledigen. Carpin, im Februar 2024 Jetzt geht es los! Die Landwerke M-V Breitband GmbH ist auf dem besten Weg, im Landkreis Mecklenburgische Seenplatte f\u00fcr schnelles Internet zu sorgen. Der Landkreis Mecklenburgische Seenplatte wurde in 18 Projektgebiete aufgeteilt, in denen sich die Ausbaugebiete befinden. Mit der Digitalen Agenda der Bundesregierung wurde der Ausbau von Breitband-Internet mit 50 MBit\/s als Ziel f\u00fcr ganz Deutschland gesetzt. F\u00f6rderf\u00e4hig sind alle Anschl\u00fcsse an Geb\u00e4uden mit Wohn- und Nutzungseinheiten, die keinen\u00a0Internetanschluss haben oder deren Bandbreite weniger als 30 Mbit\/s betr\u00e4gt. Als eine Form der Daseinsvorsorge ist es das Ziel, die B\u00fcrger im Landkreis\u00a0Mecklenburgische Seenplatte in die digitale Zukunft zu f\u00fchren. Kontakt: Wilhelm-Stolte-Stra\u00dfe 90 17235 Neustrelitz +49 (0) 3981 474-480 info@breitlandnet.de<\/p>\n","protected":false},"author":4,"featured_media":0,"parent":0,"menu_order":0,"comment_status":"closed","ping_status":"closed","template":"","meta":{"footnotes":""},"class_list":["post-33","page","type-page","status-publish","hentry"],"_links":{"self":[{"href":"https:\/\/carpin-mecklenburg.de\/index.php\/wp-json\/wp\/v2\/pages\/33"}],"collection":[{"href":"https:\/\/carpin-mecklenburg.de\/index.php\/wp-json\/wp\/v2\/pages"}],"about":[{"href":"https:\/\/carpin-mecklenburg.de\/index.php\/wp-json\/wp\/v2\/types\/page"}],"author":[{"embeddable":true,"href":"https:\/\/carpin-mecklenburg.de\/index.php\/wp-json\/wp\/v2\/users\/4"}],"replies":[{"embeddable":true,"href":"https:\/\/carpin-mecklenburg.de\/index.php\/wp-json\/wp\/v2\/comments?post=33"}],"version-history":[{"count":7,"href":"https:\/\/carpin-mecklenburg.de\/index.php\/wp-json\/wp\/v2\/pages\/33\/revisions"}],"predecessor-version":[{"id":1383,"href":"https:\/\/carpin-mecklenburg.de\/index.php\/wp-json\/wp\/v2\/pages\/33\/revisions\/1383"}],"wp:attachment":[{"href":"https:\/\/carpin-mecklenburg.de\/index.php\/wp-json\/wp\/v2\/media?parent=33"}],"curies":[{"name":"wp","href":"https:\/\/api.w.org\/{rel}","templated":true}]}}