{"id":324,"date":"2021-08-09T11:44:20","date_gmt":"2021-08-09T11:44:20","guid":{"rendered":"https:\/\/carpin-mecklenburg.de\/?page_id=324"},"modified":"2026-03-10T19:47:01","modified_gmt":"2026-03-10T20:47:01","slug":"ferienwohnung-im-wald","status":"publish","type":"page","link":"https:\/\/carpin-mecklenburg.de\/index.php\/ferienwohnung-im-wald\/","title":{"rendered":"Ferienwohnungen im UNESCO-Weltnaturerbe-Serrahner-Buchenwald"},"content":{"rendered":"<p>Inmitten des s\u00fcd-\u00f6stlichen Teils des M\u00fcritz-Nationalparks liegt das UNESCO-Weltnaturerbe Serahner Buchenwald. In dem kleinen Ort Serrahn, der inmitten dieses Weltnaturerbes liegt, befinden sich die Ferienwohnungen \u201eFuchsbau&#8220; und \u201eBiberburg&#8220;, die mit viel Liebe zum Detail im Dachgeschoss in einem der beiden einzigen Wohnh\u00e4user entstanden sind. Dass sie sich in einem so streng beh\u00fcteten Schutzgebiet und zudem noch so idyllischen Weltnaturerbegebiet befinden, ist deutschlandweit ziemlich einmalig.<\/p>\n<p>Kontakt: Roman Vitt<\/p>\n<p>Neben den Ferienwohnungen bietet Roman Vitt auch Natur-u. Naturfotoexkursionen f\u00fcr Natur-u. Fotografiebegeisterte an.<\/p>\n<p>Diese Naturfotografien werden in diversen Medien als B\u00fccher, Kalender und Bildb\u00e4nden publiziert.<\/p>\n<p>Weitere Informationen finden Sie unter: www.fewo-im-wald.de, www.naturfotografie-roman-vitt.de<\/p>\n","protected":false},"excerpt":{"rendered":"<p>Inmitten des s\u00fcd-\u00f6stlichen Teils des M\u00fcritz-Nationalparks liegt das UNESCO-Weltnaturerbe Serahner Buchenwald. In dem kleinen Ort Serrahn, der inmitten dieses Weltnaturerbes liegt, befinden sich die Ferienwohnungen \u201eFuchsbau&#8220; und \u201eBiberburg&#8220;, die mit viel Liebe zum Detail im Dachgeschoss in einem der beiden einzigen Wohnh\u00e4user entstanden sind. Dass sie sich in einem so streng beh\u00fcteten Schutzgebiet und zudem noch so idyllischen Weltnaturerbegebiet befinden, ist deutschlandweit ziemlich einmalig. Kontakt: Roman Vitt Neben den Ferienwohnungen bietet Roman Vitt auch Natur-u. Naturfotoexkursionen f\u00fcr Natur-u. Fotografiebegeisterte an. Diese Naturfotografien werden in diversen Medien als B\u00fccher, Kalender und Bildb\u00e4nden publiziert. Weitere Informationen finden Sie unter: www.fewo-im-wald.de, www.naturfotografie-roman-vitt.de<\/p>\n","protected":false},"author":4,"featured_media":0,"parent":0,"menu_order":0,"comment_status":"closed","ping_status":"closed","template":"","meta":{"footnotes":""},"class_list":["post-324","page","type-page","status-publish","hentry"],"_links":{"self":[{"href":"https:\/\/carpin-mecklenburg.de\/index.php\/wp-json\/wp\/v2\/pages\/324"}],"collection":[{"href":"https:\/\/carpin-mecklenburg.de\/index.php\/wp-json\/wp\/v2\/pages"}],"about":[{"href":"https:\/\/carpin-mecklenburg.de\/index.php\/wp-json\/wp\/v2\/types\/page"}],"author":[{"embeddable":true,"href":"https:\/\/carpin-mecklenburg.de\/index.php\/wp-json\/wp\/v2\/users\/4"}],"replies":[{"embeddable":true,"href":"https:\/\/carpin-mecklenburg.de\/index.php\/wp-json\/wp\/v2\/comments?post=324"}],"version-history":[{"count":5,"href":"https:\/\/carpin-mecklenburg.de\/index.php\/wp-json\/wp\/v2\/pages\/324\/revisions"}],"predecessor-version":[{"id":1549,"href":"https:\/\/carpin-mecklenburg.de\/index.php\/wp-json\/wp\/v2\/pages\/324\/revisions\/1549"}],"wp:attachment":[{"href":"https:\/\/carpin-mecklenburg.de\/index.php\/wp-json\/wp\/v2\/media?parent=324"}],"curies":[{"name":"wp","href":"https:\/\/api.w.org\/{rel}","templated":true}]}}