{"id":25,"date":"2021-03-01T10:20:44","date_gmt":"2021-03-01T10:20:44","guid":{"rendered":"https:\/\/carpin-mecklenburg.de\/?page_id=25"},"modified":"2021-09-06T08:09:44","modified_gmt":"2021-09-06T08:09:44","slug":"goldenbaumer-muehle","status":"publish","type":"page","link":"https:\/\/carpin-mecklenburg.de\/index.php\/goldenbaumer-muehle\/","title":{"rendered":"Goldenbaumer M\u00fchle"},"content":{"rendered":"<p>Die Goldenbaumer M\u00fchle liegt am s\u00fcdlichen Ende des M\u00fchlenteichs in der N\u00e4he von der Ortschaft Goldenbaum.<\/p>\n<p>Bereits 1569 lie\u00dfen die mecklenburgische Bauern aus der Gemeinde und Umgebung ihr Getreide in der \u201eM\u00fchle zu Goldenbaum\u201c mahlen.<\/p>\n<p>1920 kaufte der Onkel der bekannten Schauspielerin Marlene Dietrich die L\u00e4ndereinen und das Geb\u00e4ude und den Park. Das Ensemble wurde als Wochenendsitz genutzt.<\/p>\n<p>Ab 1964 wurden in der Goldenbaumer M\u00fchle Enten und Puten gez\u00fcchtet und gem\u00e4stet. Dazu wurden\u00a0 extra aus England Zuchttiere importiert.<\/p>\n<p>Heute ist die Goldenbaumer M\u00fchle in Privatbesitz.<\/p>\n","protected":false},"excerpt":{"rendered":"<p>Die Goldenbaumer M\u00fchle liegt am s\u00fcdlichen Ende des M\u00fchlenteichs in der N\u00e4he von der Ortschaft Goldenbaum. Bereits 1569 lie\u00dfen die mecklenburgische Bauern aus der Gemeinde und Umgebung ihr Getreide in der \u201eM\u00fchle zu Goldenbaum\u201c mahlen. 1920 kaufte der Onkel der bekannten Schauspielerin Marlene Dietrich die L\u00e4ndereinen und das Geb\u00e4ude und den Park. Das Ensemble wurde als Wochenendsitz genutzt. Ab 1964 wurden in der Goldenbaumer M\u00fchle Enten und Puten gez\u00fcchtet und gem\u00e4stet. Dazu wurden\u00a0 extra aus England Zuchttiere importiert. Heute ist die Goldenbaumer M\u00fchle in Privatbesitz.<\/p>\n","protected":false},"author":4,"featured_media":0,"parent":0,"menu_order":0,"comment_status":"closed","ping_status":"closed","template":"","meta":{"footnotes":""},"class_list":["post-25","page","type-page","status-publish","hentry"],"_links":{"self":[{"href":"https:\/\/carpin-mecklenburg.de\/index.php\/wp-json\/wp\/v2\/pages\/25"}],"collection":[{"href":"https:\/\/carpin-mecklenburg.de\/index.php\/wp-json\/wp\/v2\/pages"}],"about":[{"href":"https:\/\/carpin-mecklenburg.de\/index.php\/wp-json\/wp\/v2\/types\/page"}],"author":[{"embeddable":true,"href":"https:\/\/carpin-mecklenburg.de\/index.php\/wp-json\/wp\/v2\/users\/4"}],"replies":[{"embeddable":true,"href":"https:\/\/carpin-mecklenburg.de\/index.php\/wp-json\/wp\/v2\/comments?post=25"}],"version-history":[{"count":3,"href":"https:\/\/carpin-mecklenburg.de\/index.php\/wp-json\/wp\/v2\/pages\/25\/revisions"}],"predecessor-version":[{"id":401,"href":"https:\/\/carpin-mecklenburg.de\/index.php\/wp-json\/wp\/v2\/pages\/25\/revisions\/401"}],"wp:attachment":[{"href":"https:\/\/carpin-mecklenburg.de\/index.php\/wp-json\/wp\/v2\/media?parent=25"}],"curies":[{"name":"wp","href":"https:\/\/api.w.org\/{rel}","templated":true}]}}