{"id":19,"date":"2021-03-01T10:20:06","date_gmt":"2021-03-01T10:20:06","guid":{"rendered":"https:\/\/carpin-mecklenburg.de\/?page_id=19"},"modified":"2025-03-09T18:23:33","modified_gmt":"2025-03-09T19:23:33","slug":"steinmuehle","status":"publish","type":"page","link":"https:\/\/carpin-mecklenburg.de\/index.php\/steinmuehle\/","title":{"rendered":"Steinm\u00fchle"},"content":{"rendered":"<p><img loading=\"lazy\" decoding=\"async\" class=\"alignright wp-image-405 size-medium\" src=\"https:\/\/carpin-mecklenburg.de\/wp-content\/uploads\/2021\/09\/steinmuehle-300x200.jpg\" alt=\"\" width=\"300\" height=\"200\" srcset=\"https:\/\/carpin-mecklenburg.de\/wp-content\/uploads\/2021\/09\/steinmuehle-300x200.jpg 300w, https:\/\/carpin-mecklenburg.de\/wp-content\/uploads\/2021\/09\/steinmuehle.jpg 753w\" sizes=\"(max-width: 300px) 100vw, 300px\" \/><\/p>\n<p><strong>Die Steinm\u00fchle<\/strong> liegt am s\u00fcdlichen Zipfel des Gr\u00fcnower Sees und grenzt unmittelbar an den Buchenwaldteil des M\u00fcritz Nationalparks.<\/p>\n<p>Um das Jahr 1890 wird der Betrieb der M\u00fchle eingestellt und auf Landwirtschaft umgestellt. Auch eine Gastwirtschaft wird an diesem idyllischen Ort er\u00f6ffnet. Im Jahr 1905 brennen bedauerlicherweise alle Geb\u00e4ude der Steinm\u00fchle aus ungekl\u00e4rter Ursache bis auf die Grundmauern nieder. Daraufhin erfolgte vier Jahre sp\u00e4ter der Aufbau eines Forsthauses sowie 1969 der Aufbau einer Entenfarm. Sp\u00e4ter wird im Oktober 1991 durch den Kreisverband der Schutzgemeinschaft in Steinm\u00fchle ein Waldschulheim er\u00f6ffnet.<\/p>\n<p>Das <strong>Jugendwaldheim Steinm\u00fchle<\/strong> ist die <strong>Bildungsst\u00e4tte des Nationalparkamtes M\u00fcritz<\/strong><strong>,<\/strong> inmitten der Serrahner Buchenw\u00e4lder und zwischen stillen Seen und Mooren. Es bietet Kindern, Jugendlichen und Erwachsenen den Ort und die Zeit, sich auf Natur einzulassen.<\/p>\n<p>Seit 2014 ist das Jugendwaldheim <strong>anerkanntes Bildungszentrum f\u00fcr Nachhaltigkeit<\/strong><strong>.<\/strong> Im Jahr 2017 nutzten 1.315 Besucher mit durchschnittlich 2,5 \u00dcbernachtungen pro Person das Belegungs- und Bildungsangebot im Jugendwaldheim Steinm\u00fchle.<\/p>\n<p>Das Team des Jugendwaldheims Steinm\u00fchle m\u00f6chte vor allem junge <strong>Menschen f\u00fcr Natur und Wildnis begeistern<\/strong>. G\u00e4ste k\u00f6nnen Natur hautnah erleben und biologische Vielfalt selbst beobachten und untersuchen.<\/p>\n","protected":false},"excerpt":{"rendered":"<p>Die Steinm\u00fchle liegt am s\u00fcdlichen Zipfel des Gr\u00fcnower Sees und grenzt unmittelbar an den Buchenwaldteil des M\u00fcritz Nationalparks. Um das Jahr 1890 wird der Betrieb der M\u00fchle eingestellt und auf Landwirtschaft umgestellt. Auch eine Gastwirtschaft wird an diesem idyllischen Ort er\u00f6ffnet. Im Jahr 1905 brennen bedauerlicherweise alle Geb\u00e4ude der Steinm\u00fchle aus ungekl\u00e4rter Ursache bis auf die Grundmauern nieder. Daraufhin erfolgte vier Jahre sp\u00e4ter der Aufbau eines Forsthauses sowie 1969 der Aufbau einer Entenfarm. Sp\u00e4ter wird im Oktober 1991 durch den Kreisverband der Schutzgemeinschaft in Steinm\u00fchle ein Waldschulheim er\u00f6ffnet. Das Jugendwaldheim Steinm\u00fchle ist die Bildungsst\u00e4tte des Nationalparkamtes M\u00fcritz, inmitten der Serrahner Buchenw\u00e4lder und zwischen stillen Seen und Mooren. Es bietet Kindern, Jugendlichen und Erwachsenen den Ort und die Zeit, sich auf Natur einzulassen. Seit 2014 ist das Jugendwaldheim anerkanntes Bildungszentrum f\u00fcr Nachhaltigkeit. Im Jahr 2017 nutzten 1.315 Besucher mit durchschnittlich 2,5 \u00dcbernachtungen pro Person das Belegungs- und Bildungsangebot im Jugendwaldheim Steinm\u00fchle. Das Team des Jugendwaldheims Steinm\u00fchle m\u00f6chte vor allem junge Menschen f\u00fcr Natur und Wildnis begeistern. G\u00e4ste k\u00f6nnen Natur hautnah erleben und biologische Vielfalt selbst beobachten und untersuchen.<\/p>\n","protected":false},"author":4,"featured_media":0,"parent":0,"menu_order":0,"comment_status":"closed","ping_status":"closed","template":"","meta":{"footnotes":""},"class_list":["post-19","page","type-page","status-publish","hentry"],"_links":{"self":[{"href":"https:\/\/carpin-mecklenburg.de\/index.php\/wp-json\/wp\/v2\/pages\/19"}],"collection":[{"href":"https:\/\/carpin-mecklenburg.de\/index.php\/wp-json\/wp\/v2\/pages"}],"about":[{"href":"https:\/\/carpin-mecklenburg.de\/index.php\/wp-json\/wp\/v2\/types\/page"}],"author":[{"embeddable":true,"href":"https:\/\/carpin-mecklenburg.de\/index.php\/wp-json\/wp\/v2\/users\/4"}],"replies":[{"embeddable":true,"href":"https:\/\/carpin-mecklenburg.de\/index.php\/wp-json\/wp\/v2\/comments?post=19"}],"version-history":[{"count":6,"href":"https:\/\/carpin-mecklenburg.de\/index.php\/wp-json\/wp\/v2\/pages\/19\/revisions"}],"predecessor-version":[{"id":1372,"href":"https:\/\/carpin-mecklenburg.de\/index.php\/wp-json\/wp\/v2\/pages\/19\/revisions\/1372"}],"wp:attachment":[{"href":"https:\/\/carpin-mecklenburg.de\/index.php\/wp-json\/wp\/v2\/media?parent=19"}],"curies":[{"name":"wp","href":"https:\/\/api.w.org\/{rel}","templated":true}]}}