{"id":17,"date":"2021-03-01T10:19:55","date_gmt":"2021-03-01T10:19:55","guid":{"rendered":"https:\/\/carpin-mecklenburg.de\/?page_id=17"},"modified":"2025-03-09T18:11:35","modified_gmt":"2025-03-09T19:11:35","slug":"serrahn","status":"publish","type":"page","link":"https:\/\/carpin-mecklenburg.de\/index.php\/serrahn\/","title":{"rendered":"Serrahn"},"content":{"rendered":"<p><strong>Serrahn<\/strong> ist ein zur Gemeinde <a href=\"https:\/\/www.dewiki.de\/Lexikon\/Carpin\">Carpin<\/a> im <a href=\"https:\/\/www.dewiki.de\/Lexikon\/Landkreis_Mecklenburgische_Seenplatte\">Landkreis Mecklenburgische Seenplatte<\/a> geh\u00f6riger Ort, mitten im Wald sowie im Ostteil des <a href=\"https:\/\/www.dewiki.de\/Lexikon\/M%c3%bcritz-Nationalpark\">M\u00fcritz-Nationalparks<\/a> gelegen. Die Serrahner Berge erreichen 113,7\u00a0m\u00a0\u00fc.\u00a0<a href=\"https:\/\/www.dewiki.de\/Lexikon\/Normalh%c3%b6hennull\">NHN<\/a>.<\/p>\n<p>In der DDR bereits als <a href=\"https:\/\/www.dewiki.de\/Lexikon\/Naturschutzgebiet_(Deutschland)\">Naturschutzgebiet<\/a> und Sitz des gr\u00f6\u00dferen Staatsjagdgebiet \u201eWildforschungsgebiet Wilhelminenhof\u201c bekannt, war es zuvor Jagdgebiet und forstbotanische Versuchsanlage der Herz\u00f6ge von <a href=\"https:\/\/www.dewiki.de\/Lexikon\/Mecklenburg-Strelitz\">Mecklenburg-Strelitz<\/a>. Ab 1949 war der engagierte Natursch\u00fctzer Hubert Weber Revierf\u00f6rster in Serrahn und baute die Vogelschutz- und sp\u00e4tere Naturschutzstation auf, die er bis 1982 leitete.<\/p>\n<p>Am 25. Juni 2011 wurde ein 268 Hektar gro\u00dfer Bereich des Serrahner Waldgebietes Teil des UNESCO-<a href=\"https:\/\/www.dewiki.de\/Lexikon\/Weltnaturerbe\">Weltnaturerbes<\/a> \u201eAlte Buchenw\u00e4lder und Buchenurw\u00e4lder der Karpaten und anderer Regionen Europas\u201c<\/p>\n<p>Im Forsthaus Serrahn unterh\u00e4lt der M\u00fcritz-Nationalpark die Nationalpark-Information Serrahn mit einer Ausstellung \u00fcber den \u00f6rtlichen Buchenwald.<\/p>\n<p>Serrahn ist ab dem Parkplatz mit einer Infotafel nur zu Fu\u00df auf einem Waldweg zu erreichen (L\u00e4nge ca. 3 Km).<\/p>\n","protected":false},"excerpt":{"rendered":"<p>Serrahn ist ein zur Gemeinde Carpin im Landkreis Mecklenburgische Seenplatte geh\u00f6riger Ort, mitten im Wald sowie im Ostteil des M\u00fcritz-Nationalparks gelegen. Die Serrahner Berge erreichen 113,7\u00a0m\u00a0\u00fc.\u00a0NHN. In der DDR bereits als Naturschutzgebiet und Sitz des gr\u00f6\u00dferen Staatsjagdgebiet \u201eWildforschungsgebiet Wilhelminenhof\u201c bekannt, war es zuvor Jagdgebiet und forstbotanische Versuchsanlage der Herz\u00f6ge von Mecklenburg-Strelitz. Ab 1949 war der engagierte Natursch\u00fctzer Hubert Weber Revierf\u00f6rster in Serrahn und baute die Vogelschutz- und sp\u00e4tere Naturschutzstation auf, die er bis 1982 leitete. Am 25. Juni 2011 wurde ein 268 Hektar gro\u00dfer Bereich des Serrahner Waldgebietes Teil des UNESCO-Weltnaturerbes \u201eAlte Buchenw\u00e4lder und Buchenurw\u00e4lder der Karpaten und anderer Regionen Europas\u201c Im Forsthaus Serrahn unterh\u00e4lt der M\u00fcritz-Nationalpark die Nationalpark-Information Serrahn mit einer Ausstellung \u00fcber den \u00f6rtlichen Buchenwald. Serrahn ist ab dem Parkplatz mit einer Infotafel nur zu Fu\u00df auf einem Waldweg zu erreichen (L\u00e4nge ca. 3 Km).<\/p>\n","protected":false},"author":4,"featured_media":0,"parent":0,"menu_order":0,"comment_status":"closed","ping_status":"closed","template":"","meta":{"footnotes":""},"class_list":["post-17","page","type-page","status-publish","hentry"],"_links":{"self":[{"href":"https:\/\/carpin-mecklenburg.de\/index.php\/wp-json\/wp\/v2\/pages\/17"}],"collection":[{"href":"https:\/\/carpin-mecklenburg.de\/index.php\/wp-json\/wp\/v2\/pages"}],"about":[{"href":"https:\/\/carpin-mecklenburg.de\/index.php\/wp-json\/wp\/v2\/types\/page"}],"author":[{"embeddable":true,"href":"https:\/\/carpin-mecklenburg.de\/index.php\/wp-json\/wp\/v2\/users\/4"}],"replies":[{"embeddable":true,"href":"https:\/\/carpin-mecklenburg.de\/index.php\/wp-json\/wp\/v2\/comments?post=17"}],"version-history":[{"count":6,"href":"https:\/\/carpin-mecklenburg.de\/index.php\/wp-json\/wp\/v2\/pages\/17\/revisions"}],"predecessor-version":[{"id":1369,"href":"https:\/\/carpin-mecklenburg.de\/index.php\/wp-json\/wp\/v2\/pages\/17\/revisions\/1369"}],"wp:attachment":[{"href":"https:\/\/carpin-mecklenburg.de\/index.php\/wp-json\/wp\/v2\/media?parent=17"}],"curies":[{"name":"wp","href":"https:\/\/api.w.org\/{rel}","templated":true}]}}