{"id":1538,"date":"2026-03-10T19:14:52","date_gmt":"2026-03-10T20:14:52","guid":{"rendered":"https:\/\/carpin-mecklenburg.de\/?page_id=1538"},"modified":"2026-03-10T19:35:15","modified_gmt":"2026-03-10T20:35:15","slug":"unesco-weltnaturerbe-serrahner-buchenwald","status":"publish","type":"page","link":"https:\/\/carpin-mecklenburg.de\/index.php\/tourismus\/unesco-weltnaturerbe-serrahner-buchenwald\/","title":{"rendered":"UNESCO-Weltnaturerbe-Serrahner-Buchenwald"},"content":{"rendered":"<p>Im Juni 2011 erkl\u00e4rte das Welterbekomitee die Serrahner Buchenw\u00e4lder im s\u00fcd-\u00f6stlichen Teil des M\u00fcritz-Nationalparks zum UNESCO-Weltnaturerbe.<\/p>\n<p>Bereits bei der Anfahrt, wenn Sie in Zinow die Hauptstra\u00dfe verlassen, tauchen Sie \u00fcber einen unbefestigten Waldweg in die unber\u00fchrte Natur des Serrahner Buchenwaldes ein. Durchfahren nach Serrahn darf nur, wer Bewohner oder Feriengast ist und so wird einem schnell bewusst, dass man hier ungest\u00f6rt und weit weg von jeglichem Trubel die Ruhe und Natur genie\u00dfen kann. In den urspr\u00fcnglichen W\u00e4ldern rund um Serrahn gibt es f\u00fcr jeden Naturliebhaber viel zu entdecken.<\/p>\n<p>Der kleine Ort Serrahn, der inmitten dieses Weltnaturerbes liegt, setzt sich aus lediglich zwei Wohnh\u00e4usern und einem dem Nationalpark angeschlossenen Forsthaus mit einem Touristikinformationsgeb\u00e4ude zusammen. Eines der beiden Wohnh\u00e4user, das Waldhaus Serrahn 1, wurde 2010 nicht nur als Wohnhaus grundsaniert und aufwendig wieder hergerichtet, sondern hier sind auch zwei sch\u00f6ne Ferienwohnungen mit dem \u201eFuchsbau\u201c und der \u201eBiberburg\u201c mit viel Liebe zum Detail im Dachgeschoss entstanden. Dass eine Urlaubsunterkunft mitten in einem so streng beh\u00fcteten Schutzgebiet und zudem noch so idyllischen Weltnaturerbegebiet liegt, ist deutschlandweit wohl einmalig. In der zu einer originellen Fotogalerie umgebauten alten Stallung nebenan sind t\u00e4glich und das ganze Jahr \u00fcber die jeweils aktuellen Naturfotografien des Vermieters und Naturfotografen Roman Vitt f\u00fcr alle interessierten Besucher Serrahn zu sehen. Zudem bietet dieser auch Natur-und Naturfotoexkursionen, sowie Fotoansitze auf dem eigenen gro\u00dfen Grundst\u00fcck vor Ort, aber auch au\u00dferhalb in und um den Nationalpark herum an.<\/p>\n<p>Ein Naturerlebnispfad mit dem Titel \u201eDer lange Weg zum Urwald\u201c gibt Einblicke in die Entwicklung und den Charakter der Buchenw\u00e4lder im Serrahner Gebiet. Dort ist die Natur praktisch so zu erleben, als g\u00e4be es kaum Menschen. In dem Weltnaturerbe will niemand \u201eOrdnung\u201c schaffen im scheinbaren Chaos der Natur. Der umgefallene Baum wird nicht hinausger\u00e4umt weil es unserer Meinung nach nicht so sch\u00f6n aussieht, den Weg versperrt oder keinen Profit abwirft. Ein sterbender Baum, -oder Totholz, steckt voller Leben und bietet neben Nahrung auch Unterschlupf, Deckung, Schlafplatz, \u00dcberwinterungsort und Brutgelegenheit. Daher ist die biologische Vielfalt hier besonders beeindruckend. Die W\u00e4lder, Seen und Moore sind Lebensr\u00e4ume unz\u00e4hliger Flechten, Moose, Pilze, Pflanzen und Tiere. Allein aus der Vogelwelt sind hier mehr als 260 Arten bekannt. Der gesamte M\u00fcritz-Nationalpark in Mecklenburg-Vorpommern als \u201eLand der 1000 Seen\u201c, ist mit 322 Quadratkilometern der gr\u00f6\u00dfte Landnationalpark Deutschlands.<\/p>\n<p>Die auf den ersten Blick eher unspektakul\u00e4re und gr\u00f6\u00dftenteils flachere Landschaft hat mit den vielen Seen, Moor-u. Sumpfgebieten etwas Urspr\u00fcngliches, Wildes an sich, das unsere Ehrfurcht vor der Natur weckt. Zudem l\u00e4sst sie sich so ohne steilere Gel\u00e4ndeerhebungen bequem und gro\u00dffl\u00e4chig bestens mit dem Fahrrad oder zu Fu\u00df erkunden. Es gibt keine Jahreszeit, in der im M\u00fcritz-Nationalpark nicht besondere Schauspiele der Natur erlebbar w\u00e4ren: Das satte Gr\u00fcn des Sommers, das Gold des Herbstes, die Lichtspiele in langen Schatten, die Stille des Winters oder der aufregende Aufbruch im Fr\u00fchjahr. Das Einzige was man braucht ist Zeit.<\/p>\n<p>\u2013 Zeit, um Ruhe zu finden und Zeit, die Orte zu genie\u00dfen, die fernab der zivilisatorischen Hektik liegen.<\/p>\n","protected":false},"excerpt":{"rendered":"<p>Im Juni 2011 erkl\u00e4rte das Welterbekomitee die Serrahner Buchenw\u00e4lder im s\u00fcd-\u00f6stlichen Teil des M\u00fcritz-Nationalparks zum UNESCO-Weltnaturerbe. Bereits bei der Anfahrt, wenn Sie in Zinow die Hauptstra\u00dfe verlassen, tauchen Sie \u00fcber einen unbefestigten Waldweg in die unber\u00fchrte Natur des Serrahner Buchenwaldes ein. Durchfahren nach Serrahn darf nur, wer Bewohner oder Feriengast ist und so wird einem schnell bewusst, dass man hier ungest\u00f6rt und weit weg von jeglichem Trubel die Ruhe und Natur genie\u00dfen kann. In den urspr\u00fcnglichen W\u00e4ldern rund um Serrahn gibt es f\u00fcr jeden Naturliebhaber viel zu entdecken. Der kleine Ort Serrahn, der inmitten dieses Weltnaturerbes liegt, setzt sich aus lediglich zwei Wohnh\u00e4usern und einem dem Nationalpark angeschlossenen Forsthaus mit einem Touristikinformationsgeb\u00e4ude zusammen. Eines der beiden Wohnh\u00e4user, das Waldhaus Serrahn 1, wurde 2010 nicht nur als Wohnhaus grundsaniert und aufwendig wieder hergerichtet, sondern hier sind auch zwei sch\u00f6ne Ferienwohnungen mit dem \u201eFuchsbau\u201c und der \u201eBiberburg\u201c mit viel Liebe zum Detail im Dachgeschoss entstanden. Dass eine Urlaubsunterkunft mitten in einem so streng beh\u00fcteten Schutzgebiet und zudem noch so idyllischen Weltnaturerbegebiet liegt, ist deutschlandweit wohl einmalig. In der zu einer originellen Fotogalerie umgebauten alten Stallung nebenan sind t\u00e4glich und das ganze Jahr \u00fcber die jeweils aktuellen Naturfotografien des Vermieters und Naturfotografen Roman Vitt f\u00fcr alle interessierten Besucher Serrahn zu sehen. Zudem bietet dieser auch Natur-und Naturfotoexkursionen, sowie Fotoansitze auf dem eigenen gro\u00dfen Grundst\u00fcck vor Ort, aber auch au\u00dferhalb in und um den Nationalpark herum an. Ein Naturerlebnispfad mit dem Titel \u201eDer lange Weg zum Urwald\u201c gibt Einblicke in die Entwicklung und den Charakter der Buchenw\u00e4lder im Serrahner Gebiet. Dort ist die Natur praktisch so zu erleben, als g\u00e4be es kaum Menschen. In dem Weltnaturerbe will niemand \u201eOrdnung\u201c schaffen im scheinbaren Chaos der Natur. Der umgefallene Baum wird nicht hinausger\u00e4umt weil es unserer Meinung nach nicht so sch\u00f6n aussieht, den Weg versperrt oder keinen Profit abwirft. Ein sterbender Baum, -oder Totholz, steckt voller Leben und bietet neben Nahrung auch Unterschlupf, Deckung, Schlafplatz, \u00dcberwinterungsort und Brutgelegenheit. Daher ist die biologische Vielfalt hier besonders beeindruckend. Die W\u00e4lder, Seen und Moore sind Lebensr\u00e4ume unz\u00e4hliger Flechten, Moose, Pilze, Pflanzen und Tiere. Allein aus der Vogelwelt sind hier mehr als 260 Arten bekannt. Der gesamte M\u00fcritz-Nationalpark in Mecklenburg-Vorpommern als \u201eLand der 1000 Seen\u201c, ist mit 322 Quadratkilometern der gr\u00f6\u00dfte Landnationalpark Deutschlands. Die auf den ersten Blick eher unspektakul\u00e4re und gr\u00f6\u00dftenteils flachere Landschaft hat mit den vielen Seen, Moor-u. Sumpfgebieten etwas Urspr\u00fcngliches, Wildes an sich, das unsere Ehrfurcht vor der Natur weckt. Zudem l\u00e4sst sie sich so ohne steilere Gel\u00e4ndeerhebungen bequem und gro\u00dffl\u00e4chig bestens mit dem Fahrrad oder zu Fu\u00df erkunden. Es gibt keine Jahreszeit, in der im M\u00fcritz-Nationalpark nicht besondere Schauspiele der Natur erlebbar w\u00e4ren: Das satte Gr\u00fcn des Sommers, das Gold des Herbstes, die Lichtspiele in langen Schatten, die Stille des Winters oder der aufregende Aufbruch im Fr\u00fchjahr. Das Einzige was man braucht ist Zeit. \u2013 Zeit, um Ruhe zu finden und Zeit, die Orte zu genie\u00dfen, die fernab der zivilisatorischen Hektik liegen.<\/p>\n","protected":false},"author":3,"featured_media":0,"parent":41,"menu_order":0,"comment_status":"closed","ping_status":"closed","template":"","meta":{"footnotes":""},"class_list":["post-1538","page","type-page","status-publish","hentry"],"_links":{"self":[{"href":"https:\/\/carpin-mecklenburg.de\/index.php\/wp-json\/wp\/v2\/pages\/1538"}],"collection":[{"href":"https:\/\/carpin-mecklenburg.de\/index.php\/wp-json\/wp\/v2\/pages"}],"about":[{"href":"https:\/\/carpin-mecklenburg.de\/index.php\/wp-json\/wp\/v2\/types\/page"}],"author":[{"embeddable":true,"href":"https:\/\/carpin-mecklenburg.de\/index.php\/wp-json\/wp\/v2\/users\/3"}],"replies":[{"embeddable":true,"href":"https:\/\/carpin-mecklenburg.de\/index.php\/wp-json\/wp\/v2\/comments?post=1538"}],"version-history":[{"count":7,"href":"https:\/\/carpin-mecklenburg.de\/index.php\/wp-json\/wp\/v2\/pages\/1538\/revisions"}],"predecessor-version":[{"id":1546,"href":"https:\/\/carpin-mecklenburg.de\/index.php\/wp-json\/wp\/v2\/pages\/1538\/revisions\/1546"}],"up":[{"embeddable":true,"href":"https:\/\/carpin-mecklenburg.de\/index.php\/wp-json\/wp\/v2\/pages\/41"}],"wp:attachment":[{"href":"https:\/\/carpin-mecklenburg.de\/index.php\/wp-json\/wp\/v2\/media?parent=1538"}],"curies":[{"name":"wp","href":"https:\/\/api.w.org\/{rel}","templated":true}]}}