{"id":15,"date":"2021-03-01T10:19:45","date_gmt":"2021-03-01T10:19:45","guid":{"rendered":"https:\/\/carpin-mecklenburg.de\/?page_id=15"},"modified":"2026-03-11T19:16:23","modified_gmt":"2026-03-11T20:16:23","slug":"thurow","status":"publish","type":"page","link":"https:\/\/carpin-mecklenburg.de\/index.php\/thurow\/","title":{"rendered":"Thurow"},"content":{"rendered":"<h1><em><span style=\"font-family: Arial, serif;\"><span style=\"font-size: medium;\">Die Fachwerkkirche in Thurow<\/span><\/span><\/em><\/h1>\n<figure style=\"width: 202px\" class=\"wp-caption alignright\"><img loading=\"lazy\" decoding=\"async\" src=\"data:image\/jpeg;base64,\/9j\/4AAQSkZJRgABAQEAYABgAAD\/2wBDAAgGBgcGBQgHBwcJCQgKDBQNDAsLDBkSEw8UHRofHh0aHBwgJC4nICIsIxwcKDcpLDAxNDQ0Hyc5PTgyPC4zNDL\/2wBDAQkJCQwLDBgNDRgyIRwhMjIyMjIyMjIyMjIyMjIyMjIyMjIyMjIyMjIyMjIyMjIyMjIyMjIyMjIyMjIyMjIyMjL\/wgARCAEOAMoDASIAAhEBAxEB\/8QAGwAAAgMBAQEAAAAAAAAAAAAAAAECAwQGBQf\/xAAZAQEBAQEBAQAAAAAAAAAAAAAAAQMCBAX\/2gAMAwEAAhADEAAAAWw+j5BjQBgADAAjEwKAYNAwAaYAAAZ3GQwAYADAGZb\/ADbs+94GnAwBpgAMAGmACZmxRgAMAcAFVX49fFTDuDTAAGAAwBgAlACgMAYAQBEyel4m\/HTQD3zAAYAADAGCABQMUGAAAOM\/K7PL8+3tQphl31y107Z1MPRkAAwBggAAwpAUAAYAI42iT8Xp9GNcZe5Xge\/ec4Ht840waYAIMAGFAxUwBphzvRcZj3iIbfL6Mt3sKsdXWY4u3+B0Hs8wBpywEGmDTAAqTFQwAA43pONw1V1UvPr7lbZ7889xTsxbPVgwevAAMGgAAMpGlAAhPluLjzXHl9CjE46lbLq48n1PAz11D8nf3x6Zn0evzgPoMBpiA0VAKVYObx73+dVb5t65brIz6IVku04nrpet5z19PN+X5PsHO9OR9nwsOnHcvwPe9XnbDuEgQTDx\/B6XmPNvj0a3hpGcFYmmqSY+l5nqeb7ST562afO5izvOfzdAfNKfrPg2eJ6fO9B7PPMZrmJhl5TqOW8+xOMsNFJA4uKkEyXTcz1fN9DS6+erOT6flqs9PzdqdRPFMs8jfg9eABvkDSedy3Sc95tycXj2pV3ERVq2wXY8h2PN9HNLPz1bzHUs5rVsz2evqgFWe6r1YAP0ZCkk8bwvZ8Ty7zQsu5AgotqlvjWq09Vx0Y+j2+Vq57uKqY9CGe0lFFldcjfJAerAArm\/K3+T497zOs+74QmRlMK5xmOuyutnvcl7fHfqbfGjnt7N\/nbes5WW19cVeR63j86elr53Rpx7Rm0evy8Tlr1ebZAubUycMcaAiW1ukuoWg99c91XG+aF0Mt9+vxVePa826i8ZyRzrGUVZ4hE9HiZCUsopw1KNEZQltptpsThZLcQXU6avwOhx9EZVW57VyVlVSGidWhf\/xAArEAACAgIBAgUDBQEBAAAAAAABAgADBBESECEFEyAxQCIyQRQjMDM0JFD\/2gAIAQEAAQUC\/wDFQ8l+Re6pWn9fyM6prKsVHSv5D\/afu+ReflW9737P8ckKOfO1bls+PbaKa7LXvs2YrcX8pl+N4hZu1PvJnLbU\/ViP93xMv\/XUCbGr3EQGzHGqH2U+Jc3mX1WCs\/qxDlAzE8UCQsrp8PNym5T3mmi1O0fDsSunJspmPkrkfDzP9cxjxt7mN91I3Tfi1WTw0d\/hZjK2VKv7dz8p\/We7VIEb4OVd5NPT8K6lE7uphG07gg7H87MEXIuN9gE4dN6iWOhqvViLBD9crPE\/zE6GXk+e3CchN76LUZjeGJlYN+HbjstrpK8oNOW4j7\/ld1rXJyTbOep3MCExap9KxmnhFmsZlWxcrwet5kYV1BWxli3hpTdy\/jvzUqltz2vFqZoKVE3rpvvqeGa\/TK2h5kYK4yvB67Zfg3Y5DkTGzZ7+u7MSo25Vt01uLUYEUTfQdPeanh4\/5kDa5LBtYHh00yvCKb5kYF2MacmymVZldnqvoW5BXOyje\/R36b7meHMRjCwa0rx3ZYHXnRmOGWzanTpk+E03w+F2rciBE9D9q5+RPzrqNCb5Ezw9OWITo+SwnJBGA\/UA6mDfptgHmVF55Uem\/tRBPb0+0Am54apbFYlK62+luLxv9Ewe8X2DSxwV9OV\/mMHo79D3gEM8LXeESwbSlwWWON5XKYX12ciIPqUqPVnf5tGe3Q+j8TiTPD144R5cAylu8BruS\/w9yMMWVX\/UsGtMderO\/pPc76dpua7EbbXY6gtEwnH6dR+5Z5Tk0lAWSFZbYuxD3DKwHpzzpR0HTU9pznJjOO4O0ptNdq5KkG8WL+O6Vgq05trijQk8SAV\/Ho8Q+8dOwhsE2xnHc1xEEIDDiOOHkeUzHyguRqO\/mVm4MvHcDag3Nq05vVamSj+jPP8A0eZPqaFDpBpYvvPz7BZvu4mHkeYnFlK8lK5PMJUrQ2kDSGEkC\/8AtiXNUUvRul2R51gQCCN9v4i9TBOUUjbfQ1Ngyqh9THud6NWdYsqWq6DmLLu9v49uneBOx9o3t0E3qb7xIeg+oVu2PazDJrPeNPyfuqyrK3yLfPv953E0Jw6Azc95voJrv0T2PQHRI5Cm5qLAyNWW0BrifpB1xYbX8zc0eg6D0\/iL7dAu4O0cdqb2oe11Fb\/tw7ruPa0rwsH9qLynMGsUBh\/\/xAAiEQACAAcBAAIDAAAAAAAAAAABAgADEBEgMDFBBCEiQEL\/2gAIAQMBAT8B\/S\/nb5tK\/jsRaOvusco\/NUsfeD90yx7g4+9CreBgy3gi2SoTAFqirLeCtsEtiMXUDlZeIxm9qnMRjNqnMRjNFV5kjWgoPIKkUSH+ODyDLYRzOU3lCghVsaW0y38OP\/\/EACMRAAEDBAEEAwAAAAAAAAAAAAECAyAAEBEwMRIhMkEiQEL\/2gAIAQIBAT8B+l36tv62hXz2OK74s0v1rVzWaR5anTgQQcp0uq9QaPbQpWKJrNs0lWKBzJboFKUTc3SsppKgqDvVEwCsU2onm70TFji73MTFi7vlExYN3PKShWazYmkPkc0HEmuZc0tNuqiciOZKT7j\/AP\/EADgQAAECAgYGCAYCAwEAAAAAAAEAAhEhAxIiMUFRECBAYXGRMDJCUoGhwdETI2KSseFyglCi8PH\/2gAIAQEABj8C\/wAKDntNp0IyTJxENpBb2V8wQOW08gjx2ln8xtVC3ejx2iJMAviZdUQV89+zlxQifDSITa66OzBmDQghoaAcILjstJxQCGijtS4IZThsr34ErqxK6nmur5qo8QajVzrDhshoWyGJ0SCu8lcg9toKRlkjKDhhsdJo8FisUAo9V2YVL4bG6rw0DRghmFEdb8p8O1a2IntGQ1AfXTEIHHYS51wVY3YDUv8AAaO65S0Qw2CozqDzU1LTkmuBg+ag9pUvNT5aKpv6Ws4wCgLNH+VZ89GampaADdFVXNBG9E0RgclbaV6IZqq6\/PPo4NtuVZx0epU5qA0zVU3RKkfA+6OCLXAEZIuojVdkrTDBQwyVSk8D0BbAlyhGDchoy6DqyiZjBYOGYUAYbkJw\/CmFVcIhRo7LlabLNQBiMip2XZHWN1bAqZ5KXQyhesnIGkH9gh2hmE51HKZmFB\/Vwd+kHdnMKcCFWZYcqtJJuaDRcNV3Do99Y3oCkao0bqwyKDqtreqQ7yjzTwHHOCjdvCmIjMLx1n8FPopOhaN6LaRogogzyKqvHBOvhE3rwVICIiSBa6IUpFHPdrP6KSEyLZVZWbEclO5Ujt8UOCdUeIwuKtCBWBVZrv6nWPEdFJNEZxNyJbPgt+5SnwVWka10OYVagpY\/S\/3Tg5hYas4hd4GaMDBQcOB1h\/LooNmmxAjEqR8FB7bWdyDmOiN6FcTUWO8CgHjmpHmrQIOKrAxHnrM6Gc1G5B8ShS9kpoBBCqhxbuKMRHzC7uIgjc4FCFngjG5WXXi461GOOmOjJXz1vh0k2OvBUOz2Xfv0KhSAt34KLGmWU1MTzCHw3R8kQ5sDyUijETTqpxuVqydTg3RJXrfrHRFfBe6qey7JGXGqPyFWY6rvbMcsF85geO8PdVqCkj9LkGU1H9yNUwV1YIkXaJXZFd05FXouAgN6joKHQ1moQHzmZXkLN32vWZ3WXcsVZjH6ZcwoO+Y3H\/xE0dJVO72RZAlw7q3wXtpw8+jOoCF8RlU95p\/IVV1\/dpPQqf2v9ChHrZOkfAqfW5OQueeRXxISgJZKMp4x9fdei9l\/3tsEVXZ1e0wzAUupkbTVC5uRtNUHCDd9pqgZDfMc8Fa\/29HLfvv9ioeX69lHDj6+6x+396h0noIKKBCFNCpEkWMwrcj3meyFFGDji27kqhsvjCLPZVLnHFtx8F8C4828k5vdnA3J1JORgc\/2o2J\/Qv\/EACoQAAICAQIFAwUBAQEAAAAAAAABESExQVFhcYGRoUCx8BAgwdHhMPFQ\/9oACAEBAAE\/If8AxeCqfU88mghMkYrT9Av8Uoy2lo4cf0Bf46e78h57\/eP8oEstJyQ9DWvU9zREmlCTUvURxbjIpnddUty9lLMIv0\/SiW7LYpdJhFuz4EjUrJIdmlyOvpv+1hjqR4kXZPK5FJRoO1AnHd1FVlonHpX+DYS4Y3IQx6oa5y1ax5OINPSlqAtj5qTZOAeaKjn+ZRJjmNXpMTytZjzYp\/XONGylxLglaZGObfx\/BYidS9Ho\/O\/BBgLkNQBHkIqz3EMbqyKR6Y+D39G5UxZ7v6NHNIL\/AJ9BYtoEba2zXwx1wvh6KOH9ZWW6MDJQVZqFuk4+eBU3WtYJcbTzuIQ05Tx6B\/UIlmHCdBDGIQlhSZYBPEy0cgUcwvK34keYZLz20f8AuhjbhLLGWkneKsvA0YdRsUpcW+BqSz\/PZ4Y6lZhK2CqIzuI4OZ3KTf2\/1j74xfz2HkNKpHENv\/ZibFl+woYWCBjWK1e5wskOathrULeDFOVuLM4TuJgzh+Of8+zanS6lub0S0LZgFQbx+CyDoi84KMOeRNSbyJ2i\/q5iEZR2jUeTCyObACKOboN\/bhK0ytXPUTSSrX3rarysJEw0zhIk0QaruMSpe7LYsbeWx3hKjS7NUHETytazFWrw9Uke24VjYdKPkzPcOehx07iLgMWGSGLxoXxehPoaaPT\/ACc\/comoFhwTWRYhITUXkaWvklijmaNCos4GTeyZPlqSaca+3g\/bHQsaJNG+xOdq4GwOuDEGeMheXbF6KRG1zRLWHYm1VMdSbeCFL+15GzktImaEsnAjifYUKILGRxECKYydOEI6RoxOejOZjiY3Km38hSEk3iHSZ2EXTHMMAm70+qFhAORh19x5fGUNAoEttHNio5m6NCBkLhDqrOAPIOK0ISw2CrPjkvgyMalzTqbcgiefWzh2hp0Z8REtNmoUkc33GgMKJSIi7FwRbLgpNSKJHZCI8RF20MlKI3VjvHgPoLazPKwLkc4tilHX7j4tyxTYoa4t\/R6Y4OpcgaP7hoRuo36Ekxocwpwh8ykKXsISIdBD1klwrCscfY5iZ0FH\/cZpQo1PwJiXe\/HEpfx8MMmBRsF+BJ3vETN3R+\/ulCtQz2xIlRBVlpGlnZFwJ1sIV+xsLqtkBtq5DUklprdzhgbLuPqHZZz3GSpV7XkkfV4oSzieKMdQdBn\/AEe\/D\/uRvds48kvYs3JNV4E2rHFn5Icx4MIjlkIpygT9OpMNPb3NaEpJnuSJkymzdPIIqb+BQ4pwPPwQGe17DWx1G6I9FkZKIdtPtbkkxjSJo1D7mks5cN0JLxNxtsWxKWw3U0EvQqWARsY1+I2AuoXjIxwSlK9LoYmoI3DsRGXfFEzxezHiN8NUxzJWTbBBJONoNR9UxWwNFgnEgSdu5A7tSSxdkWJ+jKAlbTKFTdHwfn+DU3CHG8+ODQMz5XIJkwz5pO6+Q+5CUvRTElN57RZlTe6KQmLhuiqar58\/Z3gYDKgStncXVfE5ECqyWKcpnsCQljPJsFggtxrCJEaGRc1oM+ki0bBfj+DasWqo\/YimT49AJ2k3rLqlFLbK1zDvmEEM601dCNP5F0yJcCnHx\/Ddt4\/XgqM1xIJrBp6hGTkaiVDEMmhT1dRmA1Emq6jy3XkgRr0Y4m3sM6k8ixk2lJdEXLRLb\/RSKp6\/ewxyOAtV4f0a+OilvxWew46JuexjaVrQrXT9SSaU\/j5RHf3CJJOEuUsqS3pBm5Yw3+mXn9T5BfsC8jJ\/ra+aWqXsRTXvjk9Bqz2rXk8ozA7H5OhDyN7fIJXTqroCTo5T8jdQURBYzDHuQhrtTYPkYLBmluatCx2fRCDH9LW5jG4Q9ZTSFbJnMimLo4pPuKVE41LJWGhsuwe+DEYqWMzmIrRJsz5hi3ir7gESeC21Z1EpGc1MODyiE6qZjv8AyEhcE2p\/\/9oADAMBAAIAAwAAABCSFlX3MXkFGr64lSD3gjyABwTz4WBzgTGABSDzgIFzgTyUBSBzyL73BTgrN+BTyB7IAzARmhsTyhaILCAAMrTbbwCoK4EBziJkLDhQJ6rSzeFxUy8\/hRb6x65kIX\/jA6CBojnnRxq2W7vjJIVUETiYFXM2QwRylGQi5nkEVVzQ1EkxT2REl1IywIYzWhwO07mpMLuzL4BttDGL9Ok\/ZcWK201vU2vX\/8QAHxEBAAICAwEBAQEAAAAAAAAAAQARECEgMDFBUUBh\/9oACAEDAQE\/EP4qNu2u2gOygvBhTrGkqbM6idpcvABh1isVW6EUFFErFfkoUxFTy9TyCKJf5lWBMZ08Cy63L6CCUxjLw8ffE6dF74+zotJX3g6CZOsqVPuNwFvyKj1MG2puNGM0ko0M\/cBueblLaP8AkVF3+T5NsMqHsIexh+RWQLKhC\/k\/\/8QAHxEBAAICAwEBAQEAAAAAAAAAAQARECEwMUEgUWFx\/9oACAECAQE\/EPm+W9Na5R3P5ykp5FcCLbjRZlI6DxNplSpUYF4erC8A1\/OAzN9scD9RlZDFn1oTbFbZWOkuoMcglnww1epXx0wTZGVmofeXclfHTB3HC3\/3gemfMLTl5d42nUvIijlWpcWeQhVbluvZb2AcVE12xD7GK7MO8VqaCLQQaVLC4QRAwXPSFXLR6Ix6IR\/Z5p1Lz\/\/EACkQAQACAgEDAwMFAQEAAAAAAAEAESExQVFhcYGRoRDR8CAwscHhQPH\/2gAIAQEAAT8QJX0Pof8ANUr9haFdE+Rxe\/3q+h+yiwXXI53Xerhp8YJqqzWnH75+0u2VY2JxGKb1R0NKdft+\/UH0r9eb5e+A\/uH8Dl\/6dhoPAaNufSNKVYrTd2X1\/wClc7dx6h94a4UBQF8f8dfpUlG0ojh6VlPUSOGKHCthy\/585NYsroEEHoHUHBCgJ0TL+CIxbgh54ZTUB2KqwOQnHH7tfsoI7D+HSveFwhyYetTBkyvuQASOxG89qnTvkWQswyVjOutbap7AQ0pdn\/n\/ACs3cU9KQ+bRvmXTsy117wSuMONI515glwBkYPPjhHo8RVsSBdXrP2O\/X\/kUBVoMq8RwMhHto+CLO4UIFHiOBQTs1NJUsafaUZu4wDyLwMquu5ZLsrwvt\/ycJB1CXR0MxBlccc\/5AzkDLVok03TXIbsppPTcG5SWtCt4tv0hAIG8rbtyvjtBYWWNHkf26\/Yvi3X+H0LgZHX+swtoDIucHv8AnJHhpWtrSnlw1+JFtwS0dsuUdiXrO4uxKhYGhr26wEKSzzl\/xmtConVhf69J6RsVbpR3mBTQ8o+xHJsSclVLnWgN2U9+R7kIKgULJOpqnUhmCviNUgVikfc\/YP2hrbC9+vof1G7tbes3NgsoSMENirQCKztQ0QdsAaBqzqO0dHEsBq6ZLrRp7kXwKtMZcB5sydyE+EKOT9R+iv1FZvBj0HCb8reY7Qb6yi0trbr0gKrvxMBU7jRCTnkHfowdd5uC9T\/JdNKsnC\/g+KjG7QaxSnfr2cMXVq2PK4rgfh8n6j6hK\/SCYFo0B1gh3cKPU8HHvKKUQPG1ywH3m2bO+D\/YO4vAx7SldRuufaDT4dBWr6fMqhBaQ2df\/LmD9fL9YJM6qU+jApUQhy8d\/wAxCWo4X8Z\/Ov6D6hKlfWoqGeVt6ByxJ4H95Tp2gjk+C19JkSr1+yN4ochg9dToPtt7zFG2+rLBSiuZmRjL+EvyTdF19orz0r\/f395UxdDb87XHaUMWRQJwHA7jKX+F5X2dn0PqED9N\/Vp+Rf0JiCNDB7HEbLWr5XL6xS6+WA\/2ZBUmteyJC0Vo19o43acBlgaNrRrMPPc3QxFHYIM8j47QboHI7wa2PDcxkrgaO9OmZ8bhsmRuLNHv97j0R0NvztA883QfeEnuuk7dXn3gBBCxGx+hD9GLhv8AIHfpDvJJPLtlQV2A\/qPpqPU+0XWk7rNx8mD1iCzTwYJkUW44IgIeGa4lYCV7ErlV9tRjCGw8m8Zr3IfttjA+yafT2i0kir2TsK18QkVbLp+cLXjEqDJMbP0f3U2ceGx1AK7eQ+ePmarOwXfhItjjnOTPpYsoXtpD9IY1hskf1LWn02fWFdTz1Yg4ObH9QJatX8VLCzB3iLTkYBy+hLpjptmFkq9YIIoopeNQBaLF7jQ4H0\/9gkME0sp15eYZGLpq9TZ4bIUcZVulO+XpfiARkINtvNO\/M199INnTBdNZKfMGNb6uOrya5gQx9iCRNNe8ZSnx8zaCql+jhmFtsg15+lfXvePhiBoNdWdwcQpU1fBEEOA5\/wBhc4jjD5ioGnkImFtHaP7fTlmZLAve5kNpq8xIe2GBVGmWxu3CnUP6gDRhKD4dPxHODUpTpVNObzBmlj1GJgRCAHpEBLJlVt2darULDvg5Cfg\/MEogOQodpsx5hpBARPP+\/or6Idsk0C10LTLqKoOsoAtpq\/tHiF7uWZzXx\/ktaijWY2tLAeCNJFhpjzGqXXSBcxONwTSFVguOTJ8w+AooHTu+PWpgngWsrs\/e47YqUWoy0O\/WVs0ApQxocOItKwkm1WkRCwSs+0YFzUcCsb171Epz0FW+OfSMmqc2I4vP+\/SpUqVCsNWB8kooNtS5WgDWJTgyyyFV2JQXInTMQMHYZZai3yxCpgrbNwUfSIIK8I7NggWNdSb\/AAZSnqcSvklam2vF\/ZUVV1Fyezj1idS2FK2KujKd8kqEyFYZtIat6K2k0vhL6S\/5CjT0BhiIA7sVYTj7RunIKqY4d+9\/SpX1wpeIrvf9QuNac7PSUAt5zm2Zy15iatyvwTBR\/RC1fLFEFF5xncG0Cq6zabeLdToM8uCWOQ0w5vTiZYZnq+7XHtLj3rKV0T7kq4Xo0Xpz6Sg2aUrlUmVvJUDeF3VfOgmfR6xscQMW2JX8g+0yw5RFK77HzDEcsDyvufmIxkTYWDdYGvDKlfXHSKiXQpdYBii8DGI0DbfELNLQdIF4C+u2XdSjqywTlvBGq7ADGiALQNYMsGVV9VAwlAXWA9Ze2arZc67yjAkNqErpw\/EZrwSRLrGz8krmNLhHcGH1CKOBGlDFYH3gwgzFs5z\/AOj1lhyWMoxWEx7Mto6oWYOzr+JmOmRkOO3yIaxlNUF8mn8x+pSKyqewSiXktzA6U8x0VZV9IjA9dIDIG8GYytMXlajvF6JRFHr\/AOwXlHq2TH9A\/MwkIG75ZxXfpOY5KIiHHSnNG7E2SkL0GVPR6PzK3Azg8Lqe8HaAaP8AFXeOOomRw+G+KlNb8oYJ1WYrViVrv449JiszDk\/ki911WRM4dnzKizPmxlSpX0JatKHlD+ogB8UsoU25hXWOqoPntXB7scgr8Ov2m5Xqr7wEBfJZWYC6rcuouHE0wbrj2led2r1nSIF6\/wCBozwg8MsjptyZWxnDYDpwRsCWCmOzx6JLOgu1SbAz8QqvQSsO795km7jb04fiaJSiiJXye8To9y9n8O+0YxNgfBpheZYLLvXTv8xgRaybfrx60RVnXD1+lRS66ri1Zigq64\/2JnDfT\/Y9ihePuwmJYWrLFI5iydBmaxsdQpyy2DF5v4mlO0s84XNRas7q5IMzw22CsjsoAOyncK9a5YO547+UzQCuyz3PcIONNjIVnDDwkGp2LAegcP5mIArTB6Dr5lvCChZD+T5hwzCoo\/sgsdjkAs63jy15iXY0znCd7x81fVDxW+B6eMV5K9YCZM06R7PPwwcso8IPhhdyNfeF1bgzrS\/L+0wULoP4iJcoXGI4WrQ+BLKWr0vUzaVvrA9WvBUSGTTv2iZKUPJ1mpbFwhs5QLtsE3APlpB6k1Fh+hH1SxAlV3P8JD5IenJSs6gmT5IodjASdxWPamVUglGhzlf8wAFpcDZm7FDyX3JaKAXBS9qovwrswAW7LcC6cW827spgFTgcdOMe3rKsDTzFwcHnF1NlxGOLiA+8jsc9IgLwd8TdWQ6S00HsWxTKp1VRNrdcTrOSbcswRrZz0jHpbVD+4WXYSmkXfomx6kQowsrq8h0nZy7VMACKq9kq\/eWXQ1nHRDEXEZbq8GIAMXD2VQAlQKATnLflMNAWRpBvQL60TvKGfIRx6YegL7xtMhbAXXlXkO039jGFL1NC+Fdp2\/tNHGiBQPFwpVN9fsSrNxRRVVmYkBVeMTdB8pahHBLOyGB+kXEwCBl8zkTcob1OpOrLLUe2U354041inCYZQhJbTb9Qcm2HhbchWPqwLfhDg7lj8gP8IASFh8QZio3W5XwZIQG2guX4MMtGBow6f7nMoTXa1fdf3FXaFTvMBV9FYfBPM6BX8tQK8u9x3zA2zOXRfEE05+6LUU29B\/MUVW639obzOLjJVhXJrpMkAXqKFGfhgHwE8x7aMHOFXO8YTSYiN1MqeDNl3i6eJmEGWBZ8nU7RHdlqmgbHtD0xY2qxTDGxbKF3jvwc6lrtMHp3nRrZKFlZYAsdZ7ZJzABAL7MDwvvHOoByc5zmf\/\/Z\" alt=\"\" width=\"202\" height=\"270\" name=\"Bild 1\" align=\"bottom\" border=\"0\" \/><figcaption class=\"wp-caption-text\">Der schiefe Kirchturm von Thurow<\/figcaption><\/figure>\n<p><span style=\"font-family: Arial, serif;\"><span style=\"font-size: medium;\">Das Dorf Thurow hat heute eine wei\u00dfe bzw. graue Fachwerkkirche, welche am 3. November 1754 geweiht wurde.<\/span><\/span><span style=\"font-family: Arial, serif;\"><span style=\"font-size: medium;\"><br \/>\nSchauen wir genau hin so ist der Kirchturm nicht im Lot und steht damit etwas schief. Die B\u00fcrger lieben ihren schiefen Turm, ihr Wahrzeichen von Thurow und wollen das der Turm stabil aber schief bleiben soll. Der Turm ist viereckig und hat oben eine leicht abgesetzte Spitze mit einem Windzeichen. Das Dach des Turmes wurde mit schwarzem Schiefer gedeckt, der rechteckige senkrechte Teil ist mit wei\u00dfem Schiefer verblendet. Zum Dorf hin befindet sich eine Luke.<br \/>\nZur Weihnachtszeit wird dort ein Stern herausgeh\u00e4ngt, nat\u00fcrlich ein Stern aus Herrenhut. Das Fachwerk beginnt in einer H\u00f6he von etwa einem Meter. Das Fundament besteht aus Feldsteinen, dann folgen Reihen Ziegel ehe das Fachwerk mit ihren<\/span><\/span><span style=\"font-size: medium; font-family: Arial, serif;\"> markanten K- Feldern beginnt. Jedes wei\u00dfe Holzfenster besteht <\/span><span style=\"font-family: Arial, serif;\"><span style=\"font-size: medium;\">aus 6 Feldern, die paarweise angeordnet sind. Jedes einzelne Feld besteht aus vier Scheiben in einem Holzkreuz. Die beiden oberen Fenster sind leicht halbrund. Das Dach der Kirche wurde mit Ziegeln neu gedeckt.<\/span><\/span><\/p>\n<p>Ein neuer Altar wurde in den letzten Jahren aufgemauert. Dahinter befindet sich die abgeteilte Winterkirche, die beheizbar ist. Bei der Trennwand handelt es sich um eine neue Fachwerkwand, die mit Ziegeln passend zum Altar gef\u00fcllt sind. Altar und Trennwand wurden unter Pastorin Pia Kittel errichtet. Rechts steht ein Harmonium.<br \/>\nGegen\u00fcber dem Altar befindet sich die geschlossene Empore. Das Gest\u00fchl und die Empore stammen aus der Zeit um 1750.<\/p>\n<p>&nbsp;<\/p>\n<p>&nbsp;<\/p>\n","protected":false},"excerpt":{"rendered":"<p>Die Fachwerkkirche in Thurow Das Dorf Thurow hat heute eine wei\u00dfe bzw. graue Fachwerkkirche, welche am 3. November 1754 geweiht wurde. Schauen wir genau hin so ist der Kirchturm nicht im Lot und steht damit etwas schief. Die B\u00fcrger lieben ihren schiefen Turm, ihr Wahrzeichen von Thurow und wollen das der Turm stabil aber schief bleiben soll. Der Turm ist viereckig und hat oben eine leicht abgesetzte Spitze mit einem Windzeichen. Das Dach des Turmes wurde mit schwarzem Schiefer gedeckt, der rechteckige senkrechte Teil ist mit wei\u00dfem Schiefer verblendet. Zum Dorf hin befindet sich eine Luke. Zur Weihnachtszeit wird dort ein Stern herausgeh\u00e4ngt, nat\u00fcrlich ein Stern aus Herrenhut. Das Fachwerk beginnt in einer H\u00f6he von etwa einem Meter. Das Fundament besteht aus Feldsteinen, dann folgen Reihen Ziegel ehe das Fachwerk mit ihren markanten K- Feldern beginnt. Jedes wei\u00dfe Holzfenster besteht aus 6 Feldern, die paarweise angeordnet sind. Jedes einzelne Feld besteht aus vier Scheiben in einem Holzkreuz. Die beiden oberen Fenster sind leicht halbrund. Das Dach der Kirche wurde mit Ziegeln neu gedeckt. Ein neuer Altar wurde in den letzten Jahren aufgemauert. Dahinter befindet sich die abgeteilte Winterkirche, die beheizbar ist. Bei der Trennwand handelt es sich um eine neue Fachwerkwand, die mit Ziegeln passend zum Altar gef\u00fcllt sind. Altar und Trennwand wurden unter Pastorin Pia Kittel errichtet. Rechts steht ein Harmonium. Gegen\u00fcber dem Altar befindet sich die geschlossene Empore. Das Gest\u00fchl und die Empore stammen aus der Zeit um 1750. &nbsp; &nbsp;<\/p>\n","protected":false},"author":4,"featured_media":0,"parent":0,"menu_order":0,"comment_status":"closed","ping_status":"closed","template":"","meta":{"footnotes":""},"class_list":["post-15","page","type-page","status-publish","hentry"],"_links":{"self":[{"href":"https:\/\/carpin-mecklenburg.de\/index.php\/wp-json\/wp\/v2\/pages\/15"}],"collection":[{"href":"https:\/\/carpin-mecklenburg.de\/index.php\/wp-json\/wp\/v2\/pages"}],"about":[{"href":"https:\/\/carpin-mecklenburg.de\/index.php\/wp-json\/wp\/v2\/types\/page"}],"author":[{"embeddable":true,"href":"https:\/\/carpin-mecklenburg.de\/index.php\/wp-json\/wp\/v2\/users\/4"}],"replies":[{"embeddable":true,"href":"https:\/\/carpin-mecklenburg.de\/index.php\/wp-json\/wp\/v2\/comments?post=15"}],"version-history":[{"count":7,"href":"https:\/\/carpin-mecklenburg.de\/index.php\/wp-json\/wp\/v2\/pages\/15\/revisions"}],"predecessor-version":[{"id":1587,"href":"https:\/\/carpin-mecklenburg.de\/index.php\/wp-json\/wp\/v2\/pages\/15\/revisions\/1587"}],"wp:attachment":[{"href":"https:\/\/carpin-mecklenburg.de\/index.php\/wp-json\/wp\/v2\/media?parent=15"}],"curies":[{"name":"wp","href":"https:\/\/api.w.org\/{rel}","templated":true}]}}