{"id":13,"date":"2021-03-01T10:19:30","date_gmt":"2021-03-01T10:19:30","guid":{"rendered":"https:\/\/carpin-mecklenburg.de\/?page_id=13"},"modified":"2025-03-09T18:02:10","modified_gmt":"2025-03-09T19:02:10","slug":"goldenbaum","status":"publish","type":"page","link":"https:\/\/carpin-mecklenburg.de\/index.php\/goldenbaum\/","title":{"rendered":"Goldenbaum"},"content":{"rendered":"<h1><span style=\"font-family: Arial, serif;\"><span style=\"font-size: medium;\">Die Kirche in Goldenbaum<\/span><\/span><\/h1>\n<p><img loading=\"lazy\" decoding=\"async\" class=\"alignright\" src=\"data:image\/jpeg;base64,\/9j\/4AAQSkZJRgABAQEAYABgAAD\/2wBDAAgGBgcGBQgHBwcJCQgKDBQNDAsLDBkSEw8UHRofHh0aHBwgJC4nICIsIxwcKDcpLDAxNDQ0Hyc5PTgyPC4zNDL\/2wBDAQkJCQwLDBgNDRgyIRwhMjIyMjIyMjIyMjIyMjIyMjIyMjIyMjIyMjIyMjIyMjIyMjIyMjIyMjIyMjIyMjIyMjL\/wgARCAEOAMoDASIAAhEBAxEB\/8QAGwAAAgMBAQEAAAAAAAAAAAAAAwQBAgUABgf\/xAAYAQADAQEAAAAAAAAAAAAAAAAAAQIDBP\/aAAwDAQACEAMQAAAB9lEwyZiQvaLBS15RFbyEW6QjpoFuEFo8LhDTiLJ93cE93B1Z4E5ReCSVuzrxIUtMo6ekO7uCKyNg62FeeeqNFHruWtcskUxJe+34RjLT15sjFagmKtz167X8u9obrHivWWNcKKR4CZOe7gqjoBqUz3M58Xh62Hnr9Brmpa4P4MBxt\/VxL0vT+D9\/oU\/ApOZ\/HZmBeo0CaPmPSap+h4o6aSnfokOEXgB1BXn4NGa8++pCRKh9RQUzvyjFlUwCgeMJWK0K33Bm9Epoaq\/T2hXp4JmtkT0YQbHjsRSLmhZWlKnWRBgXMPZ2vG8eDBrKZuGc13Gtf1\/z84ey3MmNjYmlqJieCsxwT5z0eAn4gdwZ7x3cJlRtRV1hw43tjyhHzekyU8uij6Z4Zd7B3ytcrOnqqlnNHpjwEJXsexNlu\/nt\/AH4ddi2e65JunAjWBKSrkk08va15sojZXKvtfnOlnTm5keh1lzQ8xZm\/wCGcxue36J3lesH5tkr22CgvqYoyDnpT0M3Scd0lm0xGqStaDVzibXrImVcrW563w7AaSIoTZIBaaZhbmFD0NxasPS\/V4pPQztJzYyr8aZc8xUZxCKPnMqSzQryxNaIyKNlCPlVuiQjusiOiW563Fj6LDVe6grPZz6rOaC6Cqhq3yrDN0qxhjNTVFAzQGQJ1CFxBLpjNYwL1sEOuAjV6WkKaefqpoXpcFrK0055DsYiluYYjoF1+dUm9Qm3WR1lyhxlG2qjMJVXohpRtRtyXUy2o0cXNVPOQfQ25LKlAS8wozHSqyk8yqjIxM93KlyUs4uyIqqorUVdYd3NCRw7ambtTUqwEa4ZNtyYw78hoo7zss2o2AwmCNvpqmGYM87mHabqIohwQd2p7qhfewNuawXMd+l6BffY15vmByCkvM9O6zY7gOl7gSvQmEky0a1empCQYQQVnM9EjtqZOsn511Zip97nYkrMOUdRy1alyu4ioM3Bw2ZWhDdQ2G0IN0VCcjEDN3BGTBDtrEdV5pCQ5ZRcRJlFuLksjJJYV4C1qSEWioE4Zh2XOEOmpBUtHBN6EAMWkKXEUIHeGVmYZ\/\/EACsQAAICAQMCBgICAwEAAAAAAAECAAMRBBIhEBMFFCAiMTIzQTBCIyQ0Ff\/aAAgBAQABBQL1gdMTHqPKr9fXn0j+HMLYhYxnxXo33aT+Addsx\/EYVmuBTQ+GWf6pIm+b4rZlOpqvmQYrBjK9Qrr\/ABmZhbEZ54mx8r4Y+H6Yl+twa9\/cPcA0toapvGcNUvtu1mXTUv5ags9RsTcOfWYSc\/LdqeLcGi01OCGVnWtfNGxrLdwq1CbHtBnYzp30Vosyy1f10t3ZqfXLsbuah6fxFpuJg359BxAq5HE8VbdrB8aTUL2NXqX7261WtVYldYq912p0jOV7iywK\/QstkG+06aursVIKhjgeyZ9JQGEQNNW+\/Uj6aS0JayNWLX2oLVVlbtih009A1d6N35YnY1L7g9VG81Jpapls6QWdicH1snHCqeVHArKym6+olU7v6qS1muoaps4nbjnUVWIfatoiEldPY1uooL7P4HdK11fiW5d3Ocnt8K8zNzXWaAG1b\/D1w\/E3WTUXtbYX3nY+3QaffWNFQDz1xMejW+IeVN2ptuOCZs4UqyiMs7mFsqNV\/hwC1X6m4SysIu18bFrsUKGotG9NVUwXVP53+DxZFNHAIcslf4qvrMlY6iABRp77u7p7\/M2X0XWp5u3Aablin\/Eg7791aETX1O\/r8W\/5JX9K\/wAdfCw9G+ftN+6arUWX38RMAUrmIVVk7DCuvzemo0I0zKTB03D0eL\/8pg4gVpshj5E+Y\/Kja01em7b1cP5QTf7K6yYDPDmC36c6iY4mpvFCL4g5WvUtWtFz7+M5ni\/\/ADbQx4UB93T9mbcBzlahZvt1vv7tZs3VmaGqX6Gi9NlSantu1FS9pI\/0Fjpc+otD1jNy6lZlXBJ3+LE+W\/s8B90Ay2o9orOBzNxW1ztZbG2+YuwlvbI1z51N3Y1NLE1Wavt2DXrP\/Q1CxlVlqbIIfcnE7vuGvaavXJqaf2YPtE++o+lczGXaUwF4Gm5nOV4lWodQ91NMt32n+2\/ctbDO5NrWgzfM5mYsDQwfb9J+S3lE+ZafcLPc+zHOf2OYC207kQYas7TDaSfb0J46n4WH5\/Y+JfxXX90G59Wmy4wHjcJtzFHNdIrlgXul5npn1fMHwcTa0HxLfei\/avKW3nuVBVxtmTAZVkWG3B3egvuXpmDnofkdNq7R8Z4Mf8ifnLY09SnsO2T32mN04WFuucTeJvmWm2BRFxtJ5JgPTMz0GyOrTfi+u8DR6ZziZBO4LN0zPd0wOoExAm4lAsIhU9Ns2zHOPa1QIKYgZZcMuhw1tW6qDpgzEx6izCfMxMQRziE4KNlYHzUfxssbUkaSp9lljvb0QY9IIz0doGyp+R0PQ8z4idBwtSlpbKVFmosqaiw5KRGz0dvd8w8D99G4CDE\/tD9TB0xBx0XBVT\/jL7kG7fY4evPEr+\/6PQ\/C\/k6N8VfUL0b6+qtP9fUv2kT3LgvZ2C7GbZXD9T0M\/v0b6pwinMPw31Pq0\/FF9vc1VDYp0+h87RrtEabM\/wCWV\/V\/j+0aD8kMJmd0T4PwYfVWN2mP5U+\/hiltFr0RNPYCyxPq0H3jRfyQwxPqPgw9B0+JnpQ3DZ7qfPg5HlvEbu5bqLl8vBD1PyOh6j46H1aVciz8tf23vUxudluBfplZ8z2z2zYhmxYKsjsNPLvOxZBU20qw6GAiDEP16acntW\/nT7PlWNrkhN6dFyswDOA2MjBhHG3jmB3A3tN9k77zzNs804hvDVtbxmZXK6h0rOy04ANt5uGxZ2lnbEE5EX7Hpme6HgZBgEbG3d7twmQJvzMzMbOPt1RBgbZsm3E2z9tP1BjJmfaTx\/WfvPPE4aHg4mZ8T+x6DleMqPdMT\/\/EACARAAIBBAMBAQEAAAAAAAAAAAABEQIQIDESIUEwUUL\/2gAIAQMBAT8Bzkn6OBaJE2TjN2hU\/okcSBieEYS5NFSizIFmqP0SSGkxqCSc1uyGVaGiM6dkXqXQ5u30JvBLu1Dk8KtE3YiGQQK1B4zzBU+vBK9KgQl5dIhnE4kIlDVoEjtEWpnH26fYnZ7dkT2Vat\/QngrVbdloQ7eiwpE5KtsVldLsQ70i9Gu7SSSScjkciTkU1pCqG5f3\/8QAIREAAgIBBQADAQAAAAAAAAAAAAECERASICExQRMwUWH\/2gAIAQIBAT8B3pWVtTvlb1Y++SiSSQrLIvihS45E7KzFjl+DlY5pIcm1yJuqKPaOxUXs4o7R3wxt+EbSs1E1yRVvgSa26i8UJDiSIXHoX92PDEWRk0yU+RqyKEhs1LD62xquS0J\/pFJsk4r0lNM5PlFK1hnuKHYxNklZoNJSWZHuGh4dVW9u8M7K+q8X9T6z5sWPNrwussWPB7GNCSoe5iyxlvwvdRWWrwl9\/wD\/xAA6EAABAwIDBQYEAwgDAQAAAAABAAIRITEDEBIiMkFRYRMgMHGBkUJScqEjQMEEFDNigpKx0TSi4fD\/2gAIAQEABj8C\/IEIfmXTyWD9A\/MSVinpCLeTu6dDpVCjBtkPmNPGpkOr09nPuR+z4rOM0X4eHqrR0QB7p73mMI7L24fFTLoA+K6I7LihOLsckwtc0NaU95bWaIOeIJQbqE+FVUKw2eZWoXQcLGq1PcAFpwhE0kiyOGC4MDqVqU3CxH7IJdMStfbhmGdyDdHCwyWtN+qcNq\/yol1uAQI9U\/ENTZCKOpREs0UF5uht6+uUAKvgEfK2FPFNa522JTWtbDhaeKxJZAGy7ohpLGOoNICY\/VtieV+a7TCOo6RHAeSf2hqDEQt5vutIces8ET1XKPbzXNNDoMmiLQKDw8Z38xy1Hg00HFAMcHDF+G8VXZU7XDMNK3WzpuOfNHDa4b+8WUxehTwdV7AiiHZvMNVdU\/0osNYR02XD1TNtrsT9Vrbi6tuyb2wOrwtRsKrzyLfiNuSLW4eppFYHBP06hhDa0ipCMnyR7EGQQx0m3BFuM4M631qVun3X42rVeCpcRzUSifhj3TSA1t7BQ+48HU9wDeqOHhUYbk3OQqihPyx6KtI+6DS6tp\/2mutXW803uX3TntaHuea6v0UatpXU6mikiFuwgwiJNF+LhbHshAI9VU+BoGGS42JstWI+f0yqVsrgpbb\/AAi3ndFrhap6ota2Ddx5lP7PCcQy+qkzxTXNwRL\/AIdUwv4jf7lVst6rZtwTbLVqjzouy0S3gfBa+NoOgFE8k7mj5o+eTovKlvstuDDoj0KBD+DQY4wnaiMQ7w1CIHJPY92G1865twhf8nD\/ALFp4TKk3VR91hMAOvlCww\/ylNYyST4DfrCKPmijfIr+nLTB7QNoodIit6Iw+QfloFuIzfnyRm0TRCRPQ8UH4UtxAKs5rS8EN4HihiTrcPist3vt+tFEap8lRoCqZyru\/wCFTkh5IOcYb5o9lq0U1uhQHOOHxAXxLsw0CSnNqH\/LF1tV4XTm4TAZF\/8A1HtYkcuK6ZGHN1ck6cEyCEyBiloNqVooxHCI2OozZ9f6FVUrln5LU2DPwpseSOGG1mY5os4iYH+0zssFhYGkw4bpKn9yZ7BHFGkx8JusSn4j4MlaCNP0tsVoG57FMZcDIxSi1k9oW\/Fz6hEtbpaKGCuE6tVrLS9pcTQGhkeiYxjNYJpS3qtIHCUyfn\/TugIxYURahAkqlJCLZnyWgkQFf\/qpomVdIEBCs4bgDe6b2jmyVFCPvKPD5XXlEuHCjUdNKyhs1PVanEWW06FqMiBSEQ7F0jqmYbdeyZlyKKHnkzjVPHUL0R5ymktPkg1oYTBklUiZ+yvmwN004pn7QBqe+w1LFccEsMtPKFpuei3dnmhNwtyGx8yitOKgD3qq5nIIJn1BPvzTU+sIKZTS2hO97qyoqoBotbSnSI+pai465oL0RltZ4WhGpqNrrl17vTuhPpCb\/wDc0+SvSoiI8+qHNGvov4YQouS\/EO\/ugJ0OB+mxUT6eDbuhPdq9E3zRxG\/BBR1YlWVq2CZQlwq2VS6utIQhwHmvwZwmkQYVO4Gw2ByGdSFRDl3JpKGTuSHTpCxB\/InDDbRzdolYjvRetFvIc1zPcrluq8KuVFFlOd8oWkk4ceoWrTI5rVq4J+C70TmEt7MNJhwUXF1uqmVsr5W7kdy64rlkVLXOr1UhvNWg\/O3\/AEi5tQLwunFM\/D7PYLqipGdsuKsrd2A77K57lFxz0qtgpIon4ILRzpU+qY6TQ3CL3Fxik9O\/GdFPfNYp3PVOBsnNc4Dg2eaOG\/eF1xgdycxGZUeEz6VyCl3oFiOdEEGkcVoa0PcNovFSiOeR7rc\/VFT4LI3iJQAqSqe6025TYrCGI6j2y0Mbmch5971yr4IceSeeFlit48EycTSxjyLIFjzWlSAjPHL1yHeE8+5Hfwmz5p3mvRGPnK7R2G3ELDI1GEMXTDN0dwd5vhtbwCM801Yg5P8A0UamOw7REwv3cH+G6fM8fyrepTvqTE5uGdniFDmsI9VqaKdDnu\/fPf8Ast9b7VvNXD3W791EVVke+1P+pMR4wi2gTW6hq1fNGX65Tx7laqVdHaV1vK49lULcao0Q7kOKjs2qdC3IWlpOnki4tOolD7Qtp0fSFQv91cq5zv3arplZCuV1ZVynKMpKiFdXqrnuTmUVTOMvLOFRUp4H\/8QAJxABAAICAgIBAwUBAQAAAAAAAQARITFBUWFxgZGhsRDB0eHwIPH\/2gAIAQEAAT8h\/wCBl2Spk\/RtAwCV+rCKVSJmZ5rKKYwP+rdSpUIQSofpUD\/hAweDbGLlIa3gefifARfIV+0XzD\/tubiQLhGErH6bgSv1Wogku6az1FByrwRFoXQX2hAW7c9G\/wB4MsW+IMLtohczuOm9ErGN2J+YMQFN06mWFWQ4\/Rl0nDG4YxVQSofoSrgf86Sjgcxk8jdxWsD+0MC6j6CxkOj+38fpagcELckW4KBmU8nFEAbcoGhGbPZhsBFurdqusUvuNwhW9+9uvVRhsBGVj2A7YLeoVB3rbeeJQI0UBNsCFaUOIBuZq\/8AcxAE5lf9DEuHOJe5uJ\/kl1qwfVoPxAHCQfx+Cak0HpzMkSq12xKc3R1rlrnECzs2onNhtd3oqW1B1bOCq7ziKWBLRW4GgwFuHmpVtR5qKqrbriVSVM3i0KV9l\/sxBZzwXOtygTYZKmuPiWgNqKYDrPzqNqBQoAly\/wC1KgArjO\/vEsAipF7uGjADz\/zWt\/NRdgEgBRqeOH8n95iBi24V40AC2jP4ZyPkAVdjp6gWot78KHv1EAAFlxRm\/P8AcCA0AoNLFnWNQKoCpQDXBxydZg4DiGnt5e5\/5+KNZSAbXhPERtjWQaruo6CIGjlyvP8AUQlqpw3R4\/3Mw\/3Q4RMURc4nfLncbi8MyZMdk2\/5QthBvHEussFcS7nZHowfiVwe8TcoA43CscfPiEKKwFr4WmvfOYmOQjGwxvirl0K9bEyfakzUHppUYsJxy53F0C8yAVfguKKlc+FWk5zK8OyXYlGMW9l+YVhmVZgHklUqDqmfrKE0zTe7UUa9Sy3KmyqZscGL\/PiWwBvDWuP0TYRgw\/4oSLvUyORXxmKx2i32y1DXu44VRQXlws0SgoXlyZHZHqMMwA7vzX1gFFZuhfxnRnfiU5NEzXKvrLxJoGK8UcAB68yhtlVHJcpxPdAGZBiuUPzFtkNLyb\/iAHAVThq\/piYgDpkEo6\/8iAmhgR38n8TY+te5v9bgw\/VyJbVExKIDA9HH59R0Bpp7PiCIi7XOR6g8Cri705ijZoZGqXXrMOObhWfBZUGJEqMY25MQ5ICgbLHADFAX4O5mbQGFbpXHrmBTRTCW4+eZ5H1hpJMhjPxEJBwxFrIuQ1dDhl8hkg1YszfcVKkqjB9ylVD6KgSv1A\/UAE14H18yx5U1wehMgCxTwNSpbVnEsgounEsLVgHcEFLGEHKg6YB3TrOvEBMlMlgw2PJ5mLiGU2WvxkInRtBUAYs7Do7lZUGTspvDl76PMGH+f0lu5Gqp86i1VravzUAmTd25zz+0OvTlFGXjaODqt+v0P1f+H4UnIB2RsANCo6aDWIlBf4Q4Ieq9wK6bM+47IVhel6YzrVhuUbK8XWK3FUUo6+q8UUP+YRSBZUQQpnmrfMEhsRQlsPGj+YMLP4RqFpgvxMTap4Zk0Gd0vXAy7QFEDxnMGnRSCFFGl4mlFS4Pm4frUv8AT\/Y6Y3f6S5Lpl8DJ3HhA\/MFfP95eV7JMgmDTnBUsJcAU6P8AMoaLWWWRgS+5k0AYtodvzMN\/YfxKCBWBX8sQ1YllEK8c+46ITwHgxvVFG3pi7TnU6JUtF5twxYXzQ4pyG4gLR8xCWfp5N6g3+q+n\/DEjQ+f7iCGR0LmBUXtyx5ssepwvuCxs9jfh6gWKe3fqBUIYWOM1xC5e9TIq8B8XDqSSzhdCJ3v\/AFxXBl2GnCXXYM\/wH+INx0W4tri3X7y5AWRbOvDKKaXdkX7hjUMm2q9KPzUIApHwDqmBwfhMEcjCloKHdWQgoxRmxNY5hAwmtgCVK960VH0TuBisU7oealil5c+5R5I69WCg3a8y8IAeILrK6Ze25sBta3uY29NvmY1Zk8Xz4mIm3C8VCDmi0FpkL6xuHVooIavjLgK+kCuYQzavd0aPPieWc6P3mNFW3Ai9Dwuv\/IyJAssiFDLDhLyWcF2Pdw3eKrmRy40WuOsShWjQoH4lldxI6tamrrEAY+yaM6ybyMyWodxhUR95xKmiwFMrK45ecckBbFUpYC10M6\/MMyytYUc2m1xxWn1MiK2Jjep\/ou0q1cbdarPzG11depdnBzKGoVqCpbBbruJgK3rX+Y6AsQvjzFfOhl5P4lSijhphd5IA9AJ\/u36wAV9iIQs6L4jUUFY0f194qRNoBcfydy602MV6KozBWlGqGuz4jADoVYL9uTMtVi0SkHinnlgoymRKvzWwp4\/aBQFjWAt1jj4zCsRbBYWjWek6mdVF2hg8lErWwsKpfJm\/8wSnQlrNgcUv9wBW2CC8V+8HBuYKqv8Ayd7hCuIsiWpgLuAKSgBfGYi85t480QpgNkbqARhvbPoivsRXZnGrOIaC3JduFfeej6xcmnmoshbJSI408qq95jSp6SuHdX\/UqtGQi2L0XnDM0wovo30\/v4izAUzQtOK9RQIUEujDX+zB2DcD+6AAU0oVk538S9Ajm8mq+IpWmjG6IULoDiWtvVcwVo4XqO7nC7h9iXFDFl\/MZRejHNz7D9v6jYU2fXUShMtVtsoznOajhWQYsuy8Ed3zPS8Meo1X7oPAHqIRGSBeWx3DcSszQ417zpllTVsTQzfBcyFbAGRp5zh1GjMxnybb+mmUu64PEs4LGd68y21gReM\/zH0fSGG4r6DbBjE2ZfP0hge5ZFc8Q3zyc+ZicFDXr\/Mwt1cARgU0W5xgNy6DeWQ3QHQq6xAaKWbtiUCLTA2cz\/QxKBS87gosPlqACVGuQmRvr7+IakbKcOy7\/wBiUAsDQwEU+Bl1VXT94i8uavM3qk\/MRrDmfH3hdyr9cssSYA0jyTEVdVFZbgzdYuaG8e4p8E\/MujRR+EDQ48scsTBTm+S\/4mJ\/BvKLPgbrxHlUTbnr3ZAGEKyOKfU\/wf6i1Qgt04zX2mBx3kBXJ1BeocMPpz\/6zErA8Rl6zHJXESgLaKc8q7WBA8faINDwsQLyHmNjTcSvJOD1+JhWo1aZidn1FmGA+cRtQqu4UpbRBSJEQtBjgefMBeHIoNSiWsmXI6L5vkh6tCiswU7+GKTkCyMC3s\/iV\/8AqOUFZKjf1hSZ7JYEs+s9SnR7ljy+iWdfU3O0DxiZDaw9sE0lfQmQO6e4FEtHkm+n0zDSsviZHAp9I4ZAcEABl+CXmw32uoleMBvbXfEuGwFDZVwOE3Cs31MrjY5u7N+qa9xF7aQnDwdh1GwrtyC6fFxQaZ8yjWHmJG7WWdL5i8kJS7XUIBf3OLgOL44vfiZDXfzAYbXn3NQ3l8RmhLdgVNucJT5gMlinGC4Du2daIWw2O8twWcWd0hBcArhdS5Qmr1FC6gNDGS6ruUkNGD2uTfyQrWA6aaq\/88RcBw0LV8vU5JEVQuznEqI0AVRW20FFVnxKXiUawvmU1iLMgm\/MwxpggO3cKDH4QtNfeF1dH1gPNF51Kbynij+5xgrkQAX9yIwufaxFaB3KBiUuzz1Li8jdMbI60zBd1qAAypcot4FdzCgpaWbeIGNuqYo6ba1jnMwJB3trmo3QIsfQlvf3irxxma9SpU46qeUdzncx\/iLfD1yw8bnPhmaca3F1Lo8TrC7uBRedSl4OBe7m6xQGYDa4A82SxOAYdBG4DyHuNUQUdAsC\/WO0VYDdMoXJqzq3NS2XEd7xPEXBxqDQTkuOzOeIj2FAgXq8xxfDMhvGJoGwps7m7XyQMV1EFueIV9zTP3lWYarmKcKY+YDDrPmdxZDIfjG4Firb1yQWDLgIgombXGhi+OH4h0Y5Cg7vXmLAOI\/2oPgItLeobKvaEd1xxPzQWFOl34hqNVuU+l+SWz99wrs5PEM23vmpop5mirxdwrwRaxCrbqDhhqs34hpZCUMBTr0czHfdXBLM1Q6rMZXHzjUQZpggBWig3hvrtgeKaUsyS\/c3fkI8vX6Duak4V1+85uLjcX+PMaibvq4mSMaxUVQsP9xFgvVwTtqeCvEzfEzAStRqGgIPgJTHKh4P7hq6VTw7jtxVAsHN33ePVR9teVx03j12V5ilM1WtVfxMQ2nvCYLGFm\/bKzuYTL4EAQ3NIRYWU\/eAN0GYAS1vGJhTcNgnmW7uoGaSoHv6Snyy\/MDJV33KJoIfdHdGrfmaPKjotF+IZxcBRrzv1zMjg0BQu2jqX7hQ2NzSC\/BDPM2mSfJLOZpHXT\/yaPc5juNZ7fSMw6gpqodMV1PBhu695iOUhbMAtKK\/RMqFqvgREonF9w835C74hC6rTS5ky1Riv0wMQC6lVriWpuG7LbAbz9Zfn7Sic+yUAV+INYh\/JfEdYjyjcWYO6lriatziV4ZZ0x6O+T3Bn8vzMi7aYVgNtCx47lDENJh95Q4ULEQx5lwq6fmHB+iF5Wd9wNrYIyT5TOAW9Yt+0yh8mGNVC\/LGvS5xGfRx0l5YUsGKtr6RKysfUYObPichPrEsiOe9Sts8VL8yoSlrL+ZiHn+ZZA2uPcwcaMpOyAIxyDSAQKTldalxLvDXhuBLx6gACwCLKRlQdXpgwZWswEKVxcXgatxfMoagILG0thTZR8Yhx\/UbgZj5B\/EowFayGfvNJ81kuYWDgD2ZtCPq\/iIQVrzgILR9lwcAFRVcIEXHNH0iEFxtFQILdoMXLzOYstQ+k\/wE0KLgoGa8Szb2uBVb5vMFUCtTk1aazGuHmblsYs5lwq7dwLscMVlUTMyR2Y3ZGvEQF+wTNj7oJbBVVUcsGPMWBiA0RyZ9xsf4RGsN54ikPGmC1hXtiKAVnmYkU22P6AaLFivmFbXZ1DNdps1Fge4M8GYHNVksQ2xjM1XVTpxcb2eYl9OS9zxogt7jNF5lxS8QwAAeJimRGhULdRHJmwEYbjEM4L+\/9zXhoZVvq2Nrvme79Z\/\/2gAMAwEAAgADAAAAEAlhgEDOOOJPPPGNooHPDLWz55NYJiOFvEAaF8VRaoIKEPPDZ9t0n\/NIhAFPI+ptkIaLPtPPPFvATvw9wvCHHkAuhXrLdyZaJ4O0igRloj13lDIbjljektaug9598lpjxlt328yiM\/rkpioL+jlprtnxvvWQKYksgo\/iyssUfOOlvttyPAhtApAYnqmgrNBviBhql90y55z396or8S8308ri27y30+f\/xAAZEQACAwEAAAAAAAAAAAAAAAABQBEwUGD\/2gAIAQMBAT8QZowMcJwCLJmC3UBoICSJMst5SgG7sAAcfBSQ4mIg23+Mf\/\/EAB0RAAICAQUAAAAAAAAAAAAAAAERIDBAITFBUGD\/2gAIAQIBAT8Qw0QK4YDMAihSQhAhaIAiD85UgEHAOD7JbCBcyF6WyEMEAB07bkAAEvHgACEQi\/\/EACYQAAEDBAICAgIDAAAAAAAAAAEAESEQIDAxQEFQYVFxYIGhsdH\/2gAIAQEAAT8Qxv8Ab6HgD2ASII26uY4IwKCzHPRBrLJoPiCIBNGK3FkygMlLQSJfelHlABeNQDcnWWOc19QQxlcsP74Agdq4hRPS5IxDgNCf4yrYloiHiiQwPfu2urA\/JwMhuJMuA7g8GNQ5V9IMMCCXIW7jl7GhzFL3cgBtSuET4jnhQMeiLBAIgHF4XQAjdyUJGJsT6bM\/4c34IY\/dewEdPcQOkuCpCsCAcBECYjwLC1DpZlM4xivxoQnymT+GyRee4qwZd7GAx5+EQliAjdouu9CfXBHferq2O0tbuIaj4KAcAQzqwXojgAk13GZ6MFsgzzwbktCepAhE8kg5sTUh3C\/w+4mtroR\/Qgbd2c\/4hfzgXtSV09OsIFA4sIoIZIsQFKgIcG\/zl7++5k2u1fiOUpR6k\/MAef8AtlAsoUWGwfKh6l1dQgcQN9gv3CO48YaqXQBS2HLXxsETDvQdwTSD9nA7SO89A9kFVHhJFx9EocIv+iiwGYB6niWGJ5Xz3f8A4jwQsIH+cDg4gOrv65s6E+iHe8dXaPf11Gt+BLPjAAyTpRkB7MxlHCEcLYYDJ4E4BnjINadusnY6EDaUocBj5+A+09V3zTu1\/FkQfaaCxag\/W3iIJalE3KA+y\/RSHAgQCRo5Vi4XX7uCqytEHlRA3VhmIfyndlvFG4h22dL\/AOwQP2NF4pBBtL+RofW4Aj+y03bFAeWdQQEo1jyyA+Bc18CAFrb+TItx+odzR\/Ltrhq19AKxowAvGcCAGxP6W3INADwxMv8AOPhDmQF1XVpHgftGKMQ2RRnIkkZSQsd4QgpIAMkVIQIs5DK53r3v\/Hbdn8DHUzRtHA3XcsR3N06gdh9wfP60+kxXLawKJ1HEcfxy6DCjgIB5e7pBoQUC9XRwB+\/hAOuHs8j6+yv4YTMzSqBAQvtgUAGRcRz4Tvavf+PqH+8C+Qk5xGv\/AEMHAAALwuvdU\/hNldbAYPgHPtYoYahpC7yiZD9wGF5xCTlx8LB91gq7+BDzMLLlIf8AfgL35ejt8346OPFd6regq7+QG95AeBYnj9e88kTVUMcUbyqisCuzLMnin++iG3PL7bh96we9i0et6FddtuveFFscSEAroQBKp4lsHQkXGm\/nvht4gDC3pBPeDitWC\/8AjAWeqN65ztPfi\/Lcv3MbfojExHIeUDCgW1e7DBR9H5x6pbAbX0wlbhkWOuQa2N2tlt\/H\/Vy0AXJgnDAMTlmp4ARquAYQDjAITtsE1ttM8uflN4UTftfFa89b4Ln89\/e\/Nvrl1AhTBgADiprAT6FALQfEcktXhXyz16RJ8OCtG8v3P9\/Mw27ft+67+Azfk8\/H+iAG6nrAIFtWDfGE8cul7OmTsaYDs3W7ds5o1VYfQ1guQ+d14uGQA8moBPyA5JfdYA02ALbVnmmNztPHze+17fdLv2lmk6z\/AHkfOn15MZdf4vnq\/voIUM\/w7wALNzC\/t6e8PP8Ax0trX49\/zeQOtnWq7xX+c2W5CxRQf7SE85S6P8fWUz4dCzHUv56Xs+nkBxyd++BXqIL1Zp4n73TV6N+P5exrulzrds7qO+5rueAfjDFOgAauQ0RFEBzxgAPzPtDPR1n+3ypP15frF9Nry1QYXXBTwIgQfCQD3EArZ7WpvfvY3r19tVx0rZOgppETpbAEXUNzY8Ajrczpy4A5VclGGnL\/ANahKe2OTWn8r1Qk9Yakd+H9p+\/70rgaoPzucc0BZgh8Hd3XzlwKpmlDmauzP1BgPuVodXO5q+na7LP\/AJKqZHS+724aCiY8vCy+r3buK\/m1n75OhZvj4aSIV7f0OtS44lhD9OTd64fK1PB+3usyAcys90\/vff8AerxGfu+37UVGpPfX03\/a\/E2n3S3\/ADefce33Aw0m00hJ2ILnTv3WCEaW1ofCEFmhNBSIclBOooVBjspscpY6om9\/xTNEpoCHRuAcDQAkAgA4ZQSOaQqQMW\/\/2Q==\" width=\"202\" height=\"270\" name=\"Bild 5\" align=\"bottom\" border=\"0\" \/><\/p>\n<p><span style=\"font-family: Arial, serif;\"><span style=\"font-size: medium;\">Diese neugotische Backsteinkirche ist die letzte Kirche, die unter dem Gro\u00dfherzog Adolf-Friedrich V. von 1908 bis 1912 erbaut wurde. Diese Kirche geh\u00f6rt zu den typischen neugotischen Kirchen der Region, die um diese Zeit unter dem Gro\u00dfherzog erbaut wurden.<\/span><\/span><\/p>\n<p><span style=\"font-family: Arial, serif;\"><span style=\"font-size: medium;\">Die Kirche verf\u00fcgt \u00fcber die markanten neugotischen Spitzbogenfenster. <\/span><\/span><span style=\"font-family: Arial, serif;\"><span style=\"font-size: medium;\">Die Fenster bestehen aus kleinen, mit Bleistegen verbundenen rautenartigen Butzescheiben. Die Kirchturm wurde an das Kirchenschiff angef\u00fcgt.<br \/>\nAn der Westseite haben wir den Eingang mit dem spitzbogenartigen Oberlicht. Das Oberlicht besteht aus Scheiben, die durch Bleistege verbunden sind. \u00dcber zwei kleine Spitzb\u00f6gen sieht man in der Mitte im gro\u00dfen Spitzbogen einen gerundeten Vierpass. Weitere f\u00fcnf zugeschnittene Scheiben f\u00fcllen den Rest des spitzbogenartigen Oberlichtes aus. In einer H\u00f6he von ca. 5 m ist das untere Feld durch eine vorgesetzte, gezackte Linie und ein der flachliegenden vorgezogenen Ziegelreihen abgesetzt. Diese Abgrenzung befindet sich an den drei Seiten des Turmes. \u00dcber der Eingangspforte sieht man ein kleines Kreuz unter einem langgezogenen, spitzbogenartigen Fenster. Das Fenster ist etwa 60 cm breit und 2,50 m hoch. Das Fenster besteht aus den kleinen rautenartigen Scheiben. Drei schmale Abs\u00e4tze umrahmen das Fenster. Dar\u00fcber befinden sich auf jeder der vier Seiten des Turmes kleine offene, <\/span><\/span><span style=\"font-family: Arial, serif;\"><span style=\"font-size: medium;\">spitzbogenartige Luken. Das Dach ist quadratisch, wie auch der gesamte Turm und das Dach ist mit dunklen Dachziegeln gedeckt. Es steigt erst leicht an und m\u00fcndet dann in eine etwa 4m hohe steile Sitze. Den Abschluss bildet ein Kreuz.<br \/>\n<\/span><\/span><span style=\"font-family: Arial, serif;\"><span style=\"font-size: medium;\"><br \/>\nInteressant ist ebenfalls der Chorgiebel. Er besteht aus drei langgezogenen Spitzbogenfenstern. Das mittlere Fenster ist etwas gr\u00f6\u00dfer. Links und rechts haben wir je einen abgesetzten St\u00fctzpfeiler. Der Giebel ist nach oben mit einer gezackten dreieckartigen Linie und einer flachen vorgezogenen Ziegelreihe abgesetzt. Dar\u00fcber sieht man in der Mitte eine spitzbogenartige Luke sowie links und rechts je zwei wei\u00dfe Blenden. Die Blenden werden von au\u00dfen nach innen gr\u00f6\u00dfer. Links befindet sich ein kleiner Anbau mit einer T\u00fcr, die direkt zum Chorraum f\u00fchrt.<\/span><\/span><\/p>\n<p><span style=\"font-family: Arial, serif;\"><span style=\"font-size: medium;\"><br \/>\nEine Tafel erkl\u00e4rt die Kirche und sagt wo Sie den Schl\u00fcssel zur Kirche bekommen.<\/span><\/span><\/p>\n<p><span style=\"font-family: Arial, serif;\"><span style=\"font-size: medium;\"><b><br \/>\n<\/b><\/span><\/span><span style=\"font-family: Arial, serif;\"><span style=\"font-size: x-large;\"><b><br \/>\n<\/b><\/span><\/span><\/p>\n","protected":false},"excerpt":{"rendered":"<p>Die Kirche in Goldenbaum Diese neugotische Backsteinkirche ist die letzte Kirche, die unter dem Gro\u00dfherzog Adolf-Friedrich V. von 1908 bis 1912 erbaut wurde. Diese Kirche geh\u00f6rt zu den typischen neugotischen Kirchen der Region, die um diese Zeit unter dem Gro\u00dfherzog erbaut wurden. Die Kirche verf\u00fcgt \u00fcber die markanten neugotischen Spitzbogenfenster. Die Fenster bestehen aus kleinen, mit Bleistegen verbundenen rautenartigen Butzescheiben. Die Kirchturm wurde an das Kirchenschiff angef\u00fcgt. An der Westseite haben wir den Eingang mit dem spitzbogenartigen Oberlicht. Das Oberlicht besteht aus Scheiben, die durch Bleistege verbunden sind. \u00dcber zwei kleine Spitzb\u00f6gen sieht man in der Mitte im gro\u00dfen Spitzbogen einen gerundeten Vierpass. Weitere f\u00fcnf zugeschnittene Scheiben f\u00fcllen den Rest des spitzbogenartigen Oberlichtes aus. In einer H\u00f6he von ca. 5 m ist das untere Feld durch eine vorgesetzte, gezackte Linie und ein der flachliegenden vorgezogenen Ziegelreihen abgesetzt. Diese Abgrenzung befindet sich an den drei Seiten des Turmes. \u00dcber der Eingangspforte sieht man ein kleines Kreuz unter einem langgezogenen, spitzbogenartigen Fenster. Das Fenster ist etwa 60 cm breit und 2,50 m hoch. Das Fenster besteht aus den kleinen rautenartigen Scheiben. Drei schmale Abs\u00e4tze umrahmen das Fenster. Dar\u00fcber befinden sich auf jeder der vier Seiten des Turmes kleine offene, spitzbogenartige Luken. Das Dach ist quadratisch, wie auch der gesamte Turm und das Dach ist mit dunklen Dachziegeln gedeckt. Es steigt erst leicht an und m\u00fcndet dann in eine etwa 4m hohe steile Sitze. Den Abschluss bildet ein Kreuz. Interessant ist ebenfalls der Chorgiebel. Er besteht aus drei langgezogenen Spitzbogenfenstern. Das mittlere Fenster ist etwas gr\u00f6\u00dfer. Links und rechts haben wir je einen abgesetzten St\u00fctzpfeiler. Der Giebel ist nach oben mit einer gezackten dreieckartigen Linie und einer flachen vorgezogenen Ziegelreihe abgesetzt. Dar\u00fcber sieht man in der Mitte eine spitzbogenartige Luke sowie links und rechts je zwei wei\u00dfe Blenden. Die Blenden werden von au\u00dfen nach innen gr\u00f6\u00dfer. Links befindet sich ein kleiner Anbau mit einer T\u00fcr, die direkt zum Chorraum f\u00fchrt. Eine Tafel erkl\u00e4rt die Kirche und sagt wo Sie den Schl\u00fcssel zur Kirche bekommen.<\/p>\n","protected":false},"author":4,"featured_media":0,"parent":0,"menu_order":0,"comment_status":"closed","ping_status":"closed","template":"","meta":{"footnotes":""},"class_list":["post-13","page","type-page","status-publish","hentry"],"_links":{"self":[{"href":"https:\/\/carpin-mecklenburg.de\/index.php\/wp-json\/wp\/v2\/pages\/13"}],"collection":[{"href":"https:\/\/carpin-mecklenburg.de\/index.php\/wp-json\/wp\/v2\/pages"}],"about":[{"href":"https:\/\/carpin-mecklenburg.de\/index.php\/wp-json\/wp\/v2\/types\/page"}],"author":[{"embeddable":true,"href":"https:\/\/carpin-mecklenburg.de\/index.php\/wp-json\/wp\/v2\/users\/4"}],"replies":[{"embeddable":true,"href":"https:\/\/carpin-mecklenburg.de\/index.php\/wp-json\/wp\/v2\/comments?post=13"}],"version-history":[{"count":8,"href":"https:\/\/carpin-mecklenburg.de\/index.php\/wp-json\/wp\/v2\/pages\/13\/revisions"}],"predecessor-version":[{"id":1364,"href":"https:\/\/carpin-mecklenburg.de\/index.php\/wp-json\/wp\/v2\/pages\/13\/revisions\/1364"}],"wp:attachment":[{"href":"https:\/\/carpin-mecklenburg.de\/index.php\/wp-json\/wp\/v2\/media?parent=13"}],"curies":[{"name":"wp","href":"https:\/\/api.w.org\/{rel}","templated":true}]}}