{"id":1122,"date":"2024-02-28T07:00:01","date_gmt":"2024-02-28T08:00:01","guid":{"rendered":"https:\/\/carpin-mecklenburg.de\/?page_id=1122"},"modified":"2024-03-12T13:28:02","modified_gmt":"2024-03-12T14:28:02","slug":"bergfelder-stoerche","status":"publish","type":"page","link":"https:\/\/carpin-mecklenburg.de\/index.php\/bergfelder-stoerche\/","title":{"rendered":"Bergfelder St\u00f6rche"},"content":{"rendered":"<p>Jahr f\u00fcr Jahr zieht ein Storchenpaar aus dem S\u00fcden in unser sch\u00f6nes Bergfeld, um hier zu nisten, zu br\u00fcten, sein Junges aufzuziehen und um dann im Herbst wieder wegzufliegen. Sehen Sie hier einige wundersch\u00f6ne Aufnahmen unserer &#8222;Bergfelder St\u00f6rche&#8220;.<\/p>\n<p style=\"text-align: center;\"><div id=\"metaslider-id-1077\" style=\"max-width: 1000px; margin: 0 auto;\" class=\"ml-slider-3-91-0 metaslider metaslider-flex metaslider-1077 ml-slider ms-theme-default\" role=\"region\" aria-roledescription=\"Slideshow\" aria-label=\"Bergfelder St\u00f6rche\">\n    <div id=\"metaslider_container_1077\">\n        <div id=\"metaslider_1077\">\n            <ul class='slides'>\n                <li style=\"display: block; width: 100%;\" class=\"slide-1105 ms-image \" aria-roledescription=\"slide\" aria-label=\"slide-1105\"><img loading=\"lazy\" decoding=\"async\" src=\"https:\/\/carpin-mecklenburg.de\/wp-content\/uploads\/2024\/02\/bergfelder_stoerche_01-1000x671.jpg\" height=\"671\" width=\"1000\" alt=\"\" class=\"slider-1077 slide-1105\" title=\"Bergfelder St\u00f6rche\" \/><\/li>\n                <li style=\"display: none; width: 100%;\" class=\"slide-1118 ms-image \" aria-roledescription=\"slide\" aria-label=\"slide-1118\"><img loading=\"lazy\" decoding=\"async\" src=\"https:\/\/carpin-mecklenburg.de\/wp-content\/uploads\/2024\/02\/bergfelder_stoerche_02-1000x671.jpg\" height=\"671\" width=\"1000\" alt=\"\" class=\"slider-1077 slide-1118\" title=\"Bergfelder St\u00f6rche\" \/><\/li>\n                <li style=\"display: none; width: 100%;\" class=\"slide-1117 ms-image \" aria-roledescription=\"slide\" aria-label=\"slide-1117\"><img loading=\"lazy\" decoding=\"async\" src=\"https:\/\/carpin-mecklenburg.de\/wp-content\/uploads\/2024\/02\/bergfelder_stoerche_03-994x667.jpg\" height=\"671\" width=\"1000\" alt=\"\" class=\"slider-1077 slide-1117\" title=\"Bergfelder St\u00f6rche\" \/><\/li>\n                <li style=\"display: none; width: 100%;\" class=\"slide-1116 ms-image \" aria-roledescription=\"slide\" aria-label=\"slide-1116\"><img loading=\"lazy\" decoding=\"async\" src=\"https:\/\/carpin-mecklenburg.de\/wp-content\/uploads\/2024\/02\/bergfelder_stoerche_04-1000x671.jpg\" height=\"671\" width=\"1000\" alt=\"\" class=\"slider-1077 slide-1116\" title=\"Bergfelder St\u00f6rche\" \/><\/li>\n                <li style=\"display: none; width: 100%;\" class=\"slide-1115 ms-image \" aria-roledescription=\"slide\" aria-label=\"slide-1115\"><img loading=\"lazy\" decoding=\"async\" src=\"https:\/\/carpin-mecklenburg.de\/wp-content\/uploads\/2024\/02\/bergfelder_stoerche_05-1000x671.jpg\" height=\"671\" width=\"1000\" alt=\"\" class=\"slider-1077 slide-1115\" title=\"Bergfelder St\u00f6rche\" \/><\/li>\n                <li style=\"display: none; width: 100%;\" class=\"slide-1114 ms-image \" aria-roledescription=\"slide\" aria-label=\"slide-1114\"><img loading=\"lazy\" decoding=\"async\" src=\"https:\/\/carpin-mecklenburg.de\/wp-content\/uploads\/2024\/02\/bergfelder_stoerche_06-994x667.jpg\" height=\"671\" width=\"1000\" alt=\"\" class=\"slider-1077 slide-1114\" title=\"Bergfelder St\u00f6rche\" \/><\/li>\n                <li style=\"display: none; width: 100%;\" class=\"slide-1113 ms-image \" aria-roledescription=\"slide\" aria-label=\"slide-1113\"><img loading=\"lazy\" decoding=\"async\" src=\"https:\/\/carpin-mecklenburg.de\/wp-content\/uploads\/2024\/02\/bergfelder_stoerche_07-992x666.jpg\" height=\"671\" width=\"1000\" alt=\"\" class=\"slider-1077 slide-1113\" title=\"Bergfelder St\u00f6rche\" \/><\/li>\n                <li style=\"display: none; width: 100%;\" class=\"slide-1112 ms-image \" aria-roledescription=\"slide\" aria-label=\"slide-1112\"><img loading=\"lazy\" decoding=\"async\" src=\"https:\/\/carpin-mecklenburg.de\/wp-content\/uploads\/2024\/02\/bergfelder_stoerche_08-1000x671.jpg\" height=\"671\" width=\"1000\" alt=\"\" class=\"slider-1077 slide-1112\" title=\"Bergfelder St\u00f6rche\" \/><\/li>\n                <li style=\"display: none; width: 100%;\" class=\"slide-1111 ms-image \" aria-roledescription=\"slide\" aria-label=\"slide-1111\"><img loading=\"lazy\" decoding=\"async\" src=\"https:\/\/carpin-mecklenburg.de\/wp-content\/uploads\/2024\/02\/bergfelder_stoerche_09-994x667.jpg\" height=\"671\" width=\"1000\" alt=\"\" class=\"slider-1077 slide-1111\" title=\"Bergfelder St\u00f6rche\" \/><\/li>\n                <li style=\"display: none; width: 100%;\" class=\"slide-1110 ms-image \" aria-roledescription=\"slide\" aria-label=\"slide-1110\"><img loading=\"lazy\" decoding=\"async\" src=\"https:\/\/carpin-mecklenburg.de\/wp-content\/uploads\/2024\/02\/bergfelder_stoerche_10-994x667.jpg\" height=\"671\" width=\"1000\" alt=\"\" class=\"slider-1077 slide-1110\" title=\"Bergfelder St\u00f6rche\" \/><\/li>\n                <li style=\"display: none; width: 100%;\" class=\"slide-1109 ms-image \" aria-roledescription=\"slide\" aria-label=\"slide-1109\"><img loading=\"lazy\" decoding=\"async\" src=\"https:\/\/carpin-mecklenburg.de\/wp-content\/uploads\/2024\/02\/bergfelder_stoerche_11-994x667.jpg\" height=\"671\" width=\"1000\" alt=\"\" class=\"slider-1077 slide-1109\" title=\"Bergfelder St\u00f6rche\" \/><\/li>\n                <li style=\"display: none; width: 100%;\" class=\"slide-1108 ms-image \" aria-roledescription=\"slide\" aria-label=\"slide-1108\"><img loading=\"lazy\" decoding=\"async\" src=\"https:\/\/carpin-mecklenburg.de\/wp-content\/uploads\/2024\/02\/bergfelder_stoerche_12-1000x671.jpg\" height=\"671\" width=\"1000\" alt=\"\" class=\"slider-1077 slide-1108\" title=\"Bergfelder St\u00f6rche\" \/><\/li>\n                <li style=\"display: none; width: 100%;\" class=\"slide-1107 ms-image \" aria-roledescription=\"slide\" aria-label=\"slide-1107\"><img loading=\"lazy\" decoding=\"async\" src=\"https:\/\/carpin-mecklenburg.de\/wp-content\/uploads\/2024\/02\/bergfelder_stoerche_13-1000x671.jpg\" height=\"671\" width=\"1000\" alt=\"\" class=\"slider-1077 slide-1107\" title=\"Bergfelder St\u00f6rche\" \/><\/li>\n                <li style=\"display: none; width: 100%;\" class=\"slide-1106 ms-image \" aria-roledescription=\"slide\" aria-label=\"slide-1106\"><img loading=\"lazy\" decoding=\"async\" src=\"https:\/\/carpin-mecklenburg.de\/wp-content\/uploads\/2024\/02\/bergfelder_stoerche_14-1000x671.jpg\" height=\"671\" width=\"1000\" alt=\"\" class=\"slider-1077 slide-1106\" title=\"Bergfelder St\u00f6rche\" \/><\/li>\n            <\/ul>\n        <\/div>\n        \n    <\/div>\n<\/div><\/p>\n<hr \/>\n<p><strong>Fotos mit freundlicher Genehmigung von Simone Marquardt \u00a9<\/strong><\/p>\n","protected":false},"excerpt":{"rendered":"<p>Jahr f\u00fcr Jahr zieht ein Storchenpaar aus dem S\u00fcden in unser sch\u00f6nes Bergfeld, um hier zu nisten, zu br\u00fcten, sein Junges aufzuziehen und um dann im Herbst wieder wegzufliegen. Sehen Sie hier einige wundersch\u00f6ne Aufnahmen unserer &#8222;Bergfelder St\u00f6rche&#8220;. Fotos mit freundlicher Genehmigung von Simone Marquardt \u00a9<\/p>\n","protected":false},"author":4,"featured_media":0,"parent":0,"menu_order":0,"comment_status":"closed","ping_status":"closed","template":"","meta":{"footnotes":""},"class_list":["post-1122","page","type-page","status-publish","hentry"],"_links":{"self":[{"href":"https:\/\/carpin-mecklenburg.de\/index.php\/wp-json\/wp\/v2\/pages\/1122"}],"collection":[{"href":"https:\/\/carpin-mecklenburg.de\/index.php\/wp-json\/wp\/v2\/pages"}],"about":[{"href":"https:\/\/carpin-mecklenburg.de\/index.php\/wp-json\/wp\/v2\/types\/page"}],"author":[{"embeddable":true,"href":"https:\/\/carpin-mecklenburg.de\/index.php\/wp-json\/wp\/v2\/users\/4"}],"replies":[{"embeddable":true,"href":"https:\/\/carpin-mecklenburg.de\/index.php\/wp-json\/wp\/v2\/comments?post=1122"}],"version-history":[{"count":4,"href":"https:\/\/carpin-mecklenburg.de\/index.php\/wp-json\/wp\/v2\/pages\/1122\/revisions"}],"predecessor-version":[{"id":1189,"href":"https:\/\/carpin-mecklenburg.de\/index.php\/wp-json\/wp\/v2\/pages\/1122\/revisions\/1189"}],"wp:attachment":[{"href":"https:\/\/carpin-mecklenburg.de\/index.php\/wp-json\/wp\/v2\/media?parent=1122"}],"curies":[{"name":"wp","href":"https:\/\/api.w.org\/{rel}","templated":true}]}}